
{"id":12163,"date":"2026-03-16T17:35:06","date_gmt":"2026-03-16T16:35:06","guid":{"rendered":"https:\/\/chateaucroixdutrale.com\/?post_type=product&#038;p=12163"},"modified":"2026-04-04T16:31:35","modified_gmt":"2026-04-04T14:31:35","slug":"chateau-croix-du-trale-2024-imperiale-6l","status":"publish","type":"product","link":"https:\/\/chateaucroixdutrale.com\/index.php\/product\/chateau-croix-du-trale-2024-imperiale-6l\/","title":{"rendered":"<font color=B33F23><b>Ch\u00e2teau Croix du Trale 2024<\/b><br> Imp\u00e9riale (6l)<\/font>"},"content":{"rendered":"<h5 style=\"text-align: center;\">NOS CONSEILS DE DEGUSTATION<\/h5>\n<table style=\"width: 70%; margin-left: auto; margin-right: auto; height: 200px;\">\n<tbody>\n<tr>\n<td style=\"width: 33%; text-align: center;\"><img loading=\"lazy\" decoding=\"async\" class=\"alignnone size-full wp-image-10588\" src=\"https:\/\/chateaucroixdutrale.com\/wp-content\/uploads\/2022\/06\/termometer.jpg\" alt=\"\" width=\"110\" height=\"112\" \/><\/p>\n<h5><strong>T\u00b0 de service<\/strong><\/h5>\n<p><span style=\"color: #b8391a;\">18\u00b0<\/span><\/td>\n<td style=\"width: 33%; text-align: center;\"><img loading=\"lazy\" decoding=\"async\" class=\"alignnone size-full wp-image-10593\" src=\"https:\/\/chateaucroixdutrale.com\/wp-content\/uploads\/2022\/06\/sablier-1.jpg\" alt=\"\" width=\"110\" height=\"110\" \/><\/p>\n<h5>Temps de garde<\/h5>\n<p><span style=\"color: #b8391a;\">14 ans<\/span><\/td>\n<td style=\"width: 33%; text-align: center;\"><img loading=\"lazy\" decoding=\"async\" class=\"alignnone size-full wp-image-10589\" src=\"https:\/\/chateaucroixdutrale.com\/wp-content\/uploads\/2022\/06\/accord-1.jpg\" alt=\"\" width=\"110\" height=\"111\" \/><\/p>\n<h5><strong>Accords mets et vin<\/strong><\/h5>\n<p><span style=\"color: #b8391a;\">Magret de Canard<\/span><\/td>\n<\/tr>\n<\/tbody>\n<\/table>\n","protected":false},"excerpt":{"rendered":"<h6><strong>AOC\u00a0\u00a0<\/strong> \u00a0\u00a0\u00a0\u00a0\u00a0\u00a0\u00a0\u00a0\u00a0\u00a0\u00a0\u00a0\u00a0\u00a0\u00a0\u00a0\u00a0\u00a0\u00a0\u00a0\u00a0\u00a0 <span style=\"color: #b33f23;\">Haut-M\u00e9doc<\/span><\/h6>\n<hr \/>\n<h6><strong>C\u00e9page\u00a0\u00a0\u00a0\u00a0\u00a0\u00a0\u00a0\u00a0\u00a0\u00a0\u00a0\u00a0\u00a0\u00a0\u00a0\u00a0\u00a0\u00a0\u00a0 <\/strong><span style=\"color: #b33f23;\">50% Merlot 50% Cabernet-Sauvignon<\/span><\/h6>\n<hr \/>\n<h6><strong>Elevage\u00a0\u00a0\u00a0\u00a0\u00a0\u00a0\u00a0\u00a0\u00a0\u00a0\u00a0\u00a0\u00a0\u00a0\u00a0\u00a0\u00a0\u00a0\u00a0 <\/strong><span style=\"color: #b33f23;\">12 mois en f\u00fbt de ch\u00eane fran\u00e7ais<\/span><\/h6>\n<hr \/>\n<h6><strong><img loading=\"lazy\" decoding=\"async\" class=\"alignnone size-full wp-image-10592\" src=\"https:\/\/chateaucroixdutrale.com\/wp-content\/uploads\/2022\/06\/eye_33.jpg\" alt=\"\" width=\"33\" height=\"33\" \/> \u00a0 Robe\u00a0\u00a0\u00a0\u00a0\u00a0\u00a0\u00a0\u00a0\u00a0\u00a0\u00a0\u00a0 <\/strong><span style=\"color: #b33f23;\">Profonde aux reflets violac\u00e9s<\/span><\/h6>\n<hr \/>\n<h6><strong><img loading=\"lazy\" decoding=\"async\" class=\"alignnone size-full wp-image-10590\" src=\"https:\/\/chateaucroixdutrale.com\/wp-content\/uploads\/2022\/06\/nose_33.jpg\" alt=\"\" width=\"33\" height=\"33\" \/> \u00a0 Nez\u00a0<\/strong> \u00a0\u00a0\u00a0\u00a0\u00a0\u00a0\u00a0\u00a0\u00a0\u00a0\u00a0\u00a0\u00a0 <span style=\"color: #b33f23;\">Expressif sur des notes de fruits frais<\/span><\/h6>\n<hr \/>\n<h6><img loading=\"lazy\" decoding=\"async\" class=\"alignnone size-full wp-image-10591\" src=\"https:\/\/chateaucroixdutrale.com\/wp-content\/uploads\/2022\/06\/mouth.jpg\" alt=\"\" width=\"33\" height=\"33\" \/> \u00a0 Bouche\u00a0\u00a0\u00a0\u00a0\u00a0\u00a0\u00a0 <span style=\"color: #b33f23;\">\u00c9quilibr\u00e9e, les tannins sont fondus et finesse \u00e9l\u00e9gante<\/span><\/h6>\n<hr \/>\n<h6><span style=\"color: #ff6600;\"><span style=\"color: #000000;\">Degr\u00e9 alcoolique<\/span> \u00a0\u00a0 <span style=\"color: #b33f23;\">14,5\u00b0<\/span><\/span><\/h6>\n<hr \/>\n<h6><strong>Conseil de service<\/strong>\u00a0 <span style=\"color: #b33f23;\">Ouvrir 2h avant et carafage conseill\u00e9<\/span><\/h6>\n<hr \/>\n<h6><\/h6>\n","protected":false},"featured_media":12171,"template":"","meta":[],"product_brand":[],"product_cat":[39,90,97,92],"product_tag":[],"class_list":{"0":"post-12163","1":"product","2":"type-product","3":"status-publish","4":"has-post-thumbnail","6":"product_cat-chateaucroixdutrale","7":"product_cat-5l-3l-6l","8":"product_cat-millesime-2024","9":"product_cat-toute-la-boutique","12":"first","13":"instock","14":"taxable","15":"shipping-taxable","16":"purchasable","17":"product-type-simple"},"yoast_head":"<!-- This site is optimized with the Yoast SEO plugin v24.3 - https:\/\/yoast.com\/wordpress\/plugins\/seo\/ -->\n<title>Ch\u00e2teau Croix du Trale 2024 Imp\u00e9riale (6l) - Chateau Croix Du Trale<\/title>\n<meta name=\"robots\" content=\"index, follow, max-snippet:-1, max-image-preview:large, max-video-preview:-1\" \/>\n<link rel=\"canonical\" href=\"https:\/\/chateaucroixdutrale.com\/index.php\/product\/chateau-croix-du-trale-2024-imperiale-6l\/\" \/>\n<meta property=\"og:locale\" content=\"fr_FR\" \/>\n<meta property=\"og:type\" content=\"article\" \/>\n<meta property=\"og:title\" content=\"Ch\u00e2teau Croix du Trale 2024 Imp\u00e9riale (6l) - Chateau Croix Du Trale\" \/>\n<meta property=\"og:description\" content=\"AOC\u00a0\u00a0 \u00a0\u00a0\u00a0\u00a0\u00a0\u00a0\u00a0\u00a0\u00a0\u00a0\u00a0\u00a0\u00a0\u00a0\u00a0\u00a0\u00a0\u00a0\u00a0\u00a0\u00a0\u00a0 Haut-M\u00e9doc    C\u00e9page\u00a0\u00a0\u00a0\u00a0\u00a0\u00a0\u00a0\u00a0\u00a0\u00a0\u00a0\u00a0\u00a0\u00a0\u00a0\u00a0\u00a0\u00a0\u00a0 50% Merlot 50% Cabernet-Sauvignon    Elevage\u00a0\u00a0\u00a0\u00a0\u00a0\u00a0\u00a0\u00a0\u00a0\u00a0\u00a0\u00a0\u00a0\u00a0\u00a0\u00a0\u00a0\u00a0\u00a0 12 mois en f\u00fbt de ch\u00eane fran\u00e7ais     \u00a0 Robe\u00a0\u00a0\u00a0\u00a0\u00a0\u00a0\u00a0\u00a0\u00a0\u00a0\u00a0\u00a0 Profonde aux reflets violac\u00e9s     \u00a0 Nez\u00a0 \u00a0\u00a0\u00a0\u00a0\u00a0\u00a0\u00a0\u00a0\u00a0\u00a0\u00a0\u00a0\u00a0 Expressif sur des notes de fruits frais     \u00a0 Bouche\u00a0\u00a0\u00a0\u00a0\u00a0\u00a0\u00a0 \u00c9quilibr\u00e9e, les tannins sont fondus et finesse \u00e9l\u00e9gante    Degr\u00e9 alcoolique \u00a0\u00a0 14,5\u00b0    Conseil de service\u00a0 Ouvrir 2h avant et carafage conseill\u00e9\" \/>\n<meta property=\"og:url\" content=\"https:\/\/chateaucroixdutrale.com\/index.php\/product\/chateau-croix-du-trale-2024-imperiale-6l\/\" \/>\n<meta property=\"og:site_name\" content=\"Chateau Croix Du Trale\" \/>\n<meta property=\"article:publisher\" content=\"https:\/\/www.facebook.com\/chateaucroixdutrale\/\" \/>\n<meta property=\"article:modified_time\" content=\"2026-04-04T14:31:35+00:00\" \/>\n<meta property=\"og:image\" content=\"http:\/\/chateaucroixdutrale.com\/wp-content\/uploads\/2026\/03\/Rouge6L_2024_500.png\" \/>\n\t<meta property=\"og:image:width\" content=\"1024\" \/>\n\t<meta property=\"og:image:height\" content=\"1024\" \/>\n\t<meta property=\"og:image:type\" content=\"image\/png\" \/>\n<meta name=\"twitter:card\" content=\"summary_large_image\" \/>\n<meta name=\"twitter:label1\" content=\"Dur\u00e9e de lecture estim\u00e9e\" \/>\n\t<meta name=\"twitter:data1\" content=\"1 minute\" \/>\n<script type=\"application\/ld+json\" class=\"yoast-schema-graph\">{\"@context\":\"https:\/\/schema.org\",\"@graph\":[{\"@type\":\"WebPage\",\"@id\":\"https:\/\/chateaucroixdutrale.com\/index.php\/product\/chateau-croix-du-trale-2024-imperiale-6l\/\",\"url\":\"https:\/\/chateaucroixdutrale.com\/index.php\/product\/chateau-croix-du-trale-2024-imperiale-6l\/\",\"name\":\"Ch\u00e2teau Croix du Trale 2024 Imp\u00e9riale (6l) - Chateau Croix Du Trale\",\"isPartOf\":{\"@id\":\"https:\/\/chateaucroixdutrale.com\/#website\"},\"primaryImageOfPage\":{\"@id\":\"https:\/\/chateaucroixdutrale.com\/index.php\/product\/chateau-croix-du-trale-2024-imperiale-6l\/#primaryimage\"},\"image\":{\"@id\":\"https:\/\/chateaucroixdutrale.com\/index.php\/product\/chateau-croix-du-trale-2024-imperiale-6l\/#primaryimage\"},\"thumbnailUrl\":\"https:\/\/chateaucroixdutrale.com\/wp-content\/uploads\/2026\/03\/Rouge6L_2024_500.png\",\"datePublished\":\"2026-03-16T16:35:06+00:00\",\"dateModified\":\"2026-04-04T14:31:35+00:00\",\"breadcrumb\":{\"@id\":\"https:\/\/chateaucroixdutrale.com\/index.php\/product\/chateau-croix-du-trale-2024-imperiale-6l\/#breadcrumb\"},\"inLanguage\":\"fr-FR\",\"potentialAction\":[{\"@type\":\"ReadAction\",\"target\":[\"https:\/\/chateaucroixdutrale.com\/index.php\/product\/chateau-croix-du-trale-2024-imperiale-6l\/\"]}]},{\"@type\":\"ImageObject\",\"inLanguage\":\"fr-FR\",\"@id\":\"https:\/\/chateaucroixdutrale.com\/index.php\/product\/chateau-croix-du-trale-2024-imperiale-6l\/#primaryimage\",\"url\":\"https:\/\/chateaucroixdutrale.com\/wp-content\/uploads\/2026\/03\/Rouge6L_2024_500.png\",\"contentUrl\":\"https:\/\/chateaucroixdutrale.com\/wp-content\/uploads\/2026\/03\/Rouge6L_2024_500.png\",\"width\":1024,\"height\":1024},{\"@type\":\"BreadcrumbList\",\"@id\":\"https:\/\/chateaucroixdutrale.com\/index.php\/product\/chateau-croix-du-trale-2024-imperiale-6l\/#breadcrumb\",\"itemListElement\":[{\"@type\":\"ListItem\",\"position\":1,\"name\":\"Home\",\"item\":\"https:\/\/chateaucroixdutrale.com\/\"},{\"@type\":\"ListItem\",\"position\":2,\"name\":\"Boutique\",\"item\":\"https:\/\/chateaucroixdutrale.com\/index.php\/boutique\/\"},{\"@type\":\"ListItem\",\"position\":3,\"name\":\"Ch\u00e2teau Croix du Trale 2024 Imp\u00e9riale (6l)\"}]},{\"@type\":\"WebSite\",\"@id\":\"https:\/\/chateaucroixdutrale.com\/#website\",\"url\":\"https:\/\/chateaucroixdutrale.com\/\",\"name\":\"Chateau Croix Du Trale\",\"description\":\"Chateau Croix Du Trale\",\"publisher\":{\"@id\":\"https:\/\/chateaucroixdutrale.com\/#organization\"},\"potentialAction\":[{\"@type\":\"SearchAction\",\"target\":{\"@type\":\"EntryPoint\",\"urlTemplate\":\"https:\/\/chateaucroixdutrale.com\/?s={search_term_string}\"},\"query-input\":{\"@type\":\"PropertyValueSpecification\",\"valueRequired\":true,\"valueName\":\"search_term_string\"}}],\"inLanguage\":\"fr-FR\"},{\"@type\":\"Organization\",\"@id\":\"https:\/\/chateaucroixdutrale.com\/#organization\",\"name\":\"Ch\u00e2teau Croix du Trale\",\"url\":\"https:\/\/chateaucroixdutrale.com\/\",\"logo\":{\"@type\":\"ImageObject\",\"inLanguage\":\"fr-FR\",\"@id\":\"https:\/\/chateaucroixdutrale.com\/#\/schema\/logo\/image\/\",\"url\":\"https:\/\/chateaucroixdutrale.com\/wp-content\/uploads\/2022\/07\/Logo1.png\",\"contentUrl\":\"https:\/\/chateaucroixdutrale.com\/wp-content\/uploads\/2022\/07\/Logo1.png\",\"width\":314,\"height\":80,\"caption\":\"Ch\u00e2teau Croix du Trale\"},\"image\":{\"@id\":\"https:\/\/chateaucroixdutrale.com\/#\/schema\/logo\/image\/\"},\"sameAs\":[\"https:\/\/www.facebook.com\/chateaucroixdutrale\/\",\"https:\/\/www.instagram.com\/chateau_croix_du_trale\/\"]}]}<\/script>\n<!-- \/ Yoast SEO plugin. -->","yoast_head_json":{"title":"Ch\u00e2teau Croix du Trale 2024 Imp\u00e9riale (6l) - Chateau Croix Du Trale","robots":{"index":"index","follow":"follow","max-snippet":"max-snippet:-1","max-image-preview":"max-image-preview:large","max-video-preview":"max-video-preview:-1"},"canonical":"https:\/\/chateaucroixdutrale.com\/index.php\/product\/chateau-croix-du-trale-2024-imperiale-6l\/","og_locale":"fr_FR","og_type":"article","og_title":"Ch\u00e2teau Croix du Trale 2024 Imp\u00e9riale (6l) - Chateau Croix Du Trale","og_description":"AOC\u00a0\u00a0 \u00a0\u00a0\u00a0\u00a0\u00a0\u00a0\u00a0\u00a0\u00a0\u00a0\u00a0\u00a0\u00a0\u00a0\u00a0\u00a0\u00a0\u00a0\u00a0\u00a0\u00a0\u00a0 Haut-M\u00e9doc    C\u00e9page\u00a0\u00a0\u00a0\u00a0\u00a0\u00a0\u00a0\u00a0\u00a0\u00a0\u00a0\u00a0\u00a0\u00a0\u00a0\u00a0\u00a0\u00a0\u00a0 50% Merlot 50% Cabernet-Sauvignon    Elevage\u00a0\u00a0\u00a0\u00a0\u00a0\u00a0\u00a0\u00a0\u00a0\u00a0\u00a0\u00a0\u00a0\u00a0\u00a0\u00a0\u00a0\u00a0\u00a0 12 mois en f\u00fbt de ch\u00eane fran\u00e7ais     \u00a0 Robe\u00a0\u00a0\u00a0\u00a0\u00a0\u00a0\u00a0\u00a0\u00a0\u00a0\u00a0\u00a0 Profonde aux reflets violac\u00e9s     \u00a0 Nez\u00a0 \u00a0\u00a0\u00a0\u00a0\u00a0\u00a0\u00a0\u00a0\u00a0\u00a0\u00a0\u00a0\u00a0 Expressif sur des notes de fruits frais     \u00a0 Bouche\u00a0\u00a0\u00a0\u00a0\u00a0\u00a0\u00a0 \u00c9quilibr\u00e9e, les tannins sont fondus et finesse \u00e9l\u00e9gante    Degr\u00e9 alcoolique \u00a0\u00a0 14,5\u00b0    Conseil de service\u00a0 Ouvrir 2h avant et carafage conseill\u00e9","og_url":"https:\/\/chateaucroixdutrale.com\/index.php\/product\/chateau-croix-du-trale-2024-imperiale-6l\/","og_site_name":"Chateau Croix Du Trale","article_publisher":"https:\/\/www.facebook.com\/chateaucroixdutrale\/","article_modified_time":"2026-04-04T14:31:35+00:00","og_image":[{"width":1024,"height":1024,"url":"http:\/\/chateaucroixdutrale.com\/wp-content\/uploads\/2026\/03\/Rouge6L_2024_500.png","type":"image\/png"}],"twitter_card":"summary_large_image","twitter_misc":{"Dur\u00e9e de lecture estim\u00e9e":"1 minute"},"schema":{"@context":"https:\/\/schema.org","@graph":[{"@type":"WebPage","@id":"https:\/\/chateaucroixdutrale.com\/index.php\/product\/chateau-croix-du-trale-2024-imperiale-6l\/","url":"https:\/\/chateaucroixdutrale.com\/index.php\/product\/chateau-croix-du-trale-2024-imperiale-6l\/","name":"Ch\u00e2teau Croix du Trale 2024 Imp\u00e9riale (6l) - Chateau Croix Du Trale","isPartOf":{"@id":"https:\/\/chateaucroixdutrale.com\/#website"},"primaryImageOfPage":{"@id":"https:\/\/chateaucroixdutrale.com\/index.php\/product\/chateau-croix-du-trale-2024-imperiale-6l\/#primaryimage"},"image":{"@id":"https:\/\/chateaucroixdutrale.com\/index.php\/product\/chateau-croix-du-trale-2024-imperiale-6l\/#primaryimage"},"thumbnailUrl":"https:\/\/chateaucroixdutrale.com\/wp-content\/uploads\/2026\/03\/Rouge6L_2024_500.png","datePublished":"2026-03-16T16:35:06+00:00","dateModified":"2026-04-04T14:31:35+00:00","breadcrumb":{"@id":"https:\/\/chateaucroixdutrale.com\/index.php\/product\/chateau-croix-du-trale-2024-imperiale-6l\/#breadcrumb"},"inLanguage":"fr-FR","potentialAction":[{"@type":"ReadAction","target":["https:\/\/chateaucroixdutrale.com\/index.php\/product\/chateau-croix-du-trale-2024-imperiale-6l\/"]}]},{"@type":"ImageObject","inLanguage":"fr-FR","@id":"https:\/\/chateaucroixdutrale.com\/index.php\/product\/chateau-croix-du-trale-2024-imperiale-6l\/#primaryimage","url":"https:\/\/chateaucroixdutrale.com\/wp-content\/uploads\/2026\/03\/Rouge6L_2024_500.png","contentUrl":"https:\/\/chateaucroixdutrale.com\/wp-content\/uploads\/2026\/03\/Rouge6L_2024_500.png","width":1024,"height":1024},{"@type":"BreadcrumbList","@id":"https:\/\/chateaucroixdutrale.com\/index.php\/product\/chateau-croix-du-trale-2024-imperiale-6l\/#breadcrumb","itemListElement":[{"@type":"ListItem","position":1,"name":"Home","item":"https:\/\/chateaucroixdutrale.com\/"},{"@type":"ListItem","position":2,"name":"Boutique","item":"https:\/\/chateaucroixdutrale.com\/index.php\/boutique\/"},{"@type":"ListItem","position":3,"name":"Ch\u00e2teau Croix du Trale 2024 Imp\u00e9riale (6l)"}]},{"@type":"WebSite","@id":"https:\/\/chateaucroixdutrale.com\/#website","url":"https:\/\/chateaucroixdutrale.com\/","name":"Chateau Croix Du Trale","description":"Chateau Croix Du Trale","publisher":{"@id":"https:\/\/chateaucroixdutrale.com\/#organization"},"potentialAction":[{"@type":"SearchAction","target":{"@type":"EntryPoint","urlTemplate":"https:\/\/chateaucroixdutrale.com\/?s={search_term_string}"},"query-input":{"@type":"PropertyValueSpecification","valueRequired":true,"valueName":"search_term_string"}}],"inLanguage":"fr-FR"},{"@type":"Organization","@id":"https:\/\/chateaucroixdutrale.com\/#organization","name":"Ch\u00e2teau Croix du Trale","url":"https:\/\/chateaucroixdutrale.com\/","logo":{"@type":"ImageObject","inLanguage":"fr-FR","@id":"https:\/\/chateaucroixdutrale.com\/#\/schema\/logo\/image\/","url":"https:\/\/chateaucroixdutrale.com\/wp-content\/uploads\/2022\/07\/Logo1.png","contentUrl":"https:\/\/chateaucroixdutrale.com\/wp-content\/uploads\/2022\/07\/Logo1.png","width":314,"height":80,"caption":"Ch\u00e2teau Croix du Trale"},"image":{"@id":"https:\/\/chateaucroixdutrale.com\/#\/schema\/logo\/image\/"},"sameAs":["https:\/\/www.facebook.com\/chateaucroixdutrale\/","https:\/\/www.instagram.com\/chateau_croix_du_trale\/"]}]}},"_links":{"self":[{"href":"https:\/\/chateaucroixdutrale.com\/index.php\/wp-json\/wp\/v2\/product\/12163","targetHints":{"allow":["GET"]}}],"collection":[{"href":"https:\/\/chateaucroixdutrale.com\/index.php\/wp-json\/wp\/v2\/product"}],"about":[{"href":"https:\/\/chateaucroixdutrale.com\/index.php\/wp-json\/wp\/v2\/types\/product"}],"wp:featuredmedia":[{"embeddable":true,"href":"https:\/\/chateaucroixdutrale.com\/index.php\/wp-json\/wp\/v2\/media\/12171"}],"wp:attachment":[{"href":"https:\/\/chateaucroixdutrale.com\/index.php\/wp-json\/wp\/v2\/media?parent=12163"}],"wp:term":[{"taxonomy":"product_brand","embeddable":true,"href":"https:\/\/chateaucroixdutrale.com\/index.php\/wp-json\/wp\/v2\/product_brand?post=12163"},{"taxonomy":"product_cat","embeddable":true,"href":"https:\/\/chateaucroixdutrale.com\/index.php\/wp-json\/wp\/v2\/product_cat?post=12163"},{"taxonomy":"product_tag","embeddable":true,"href":"https:\/\/chateaucroixdutrale.com\/index.php\/wp-json\/wp\/v2\/product_tag?post=12163"}],"curies":[{"name":"wp","href":"https:\/\/api.w.org\/{rel}","templated":true}]}}