
{"id":12039,"date":"2025-09-24T10:55:47","date_gmt":"2025-09-24T08:55:47","guid":{"rendered":"https:\/\/chateaucroixdutrale.com\/?post_type=product&#038;p=12039"},"modified":"2025-10-10T15:11:20","modified_gmt":"2025-10-10T13:11:20","slug":"jus-de-raisin","status":"publish","type":"product","link":"https:\/\/chateaucroixdutrale.com\/index.php\/product\/jus-de-raisin\/","title":{"rendered":"<font color=B33F23><b>Jus de raisin<\/b><br> Bouteille (1l)<\/font>"},"content":{"rendered":"","protected":false},"excerpt":{"rendered":"<p>Des raisins et c&rsquo;est tout ! Pas de sucre ajout\u00e9, pas de colorant et pas de conservateurs, pour le plaisir des petits mais aussi des grands.<\/p>\n<p>Apr\u00e8s la naissance de Nolan, le premier de la 4\u00e8me g\u00e9n\u00e9ration de notre propri\u00e9t\u00e9 familiale, nous avons eu envie de cr\u00e9er une cuv\u00e9e pour lui, adapt\u00e9e \u00e0 son \u00e2ge et donc sans alcool. C&rsquo;est l\u00e0 que l&rsquo;id\u00e9e du jus de raisin est arriv\u00e9e. Pour l&rsquo;occasion, nous l&rsquo;avons mis \u00e0 contribution et l&rsquo;\u00e9tiquette a \u00e9t\u00e9 cr\u00e9\u00e9e \u00e0 partir d&rsquo;un de ses dessins. Notre jus est \u00e0\u00a0consommer sans mod\u00e9ration !<\/p>\n<p>Bouteille 1L<\/p>\n<p>DDM : 09\/2027 &#8211; Apr\u00e8s ouverture \u00e0 conserver au frais et \u00e0 consommer rapidement<\/p>\n","protected":false},"featured_media":12045,"template":"","meta":[],"product_brand":[],"product_cat":[85,92],"product_tag":[],"class_list":{"0":"post-12039","1":"product","2":"type-product","3":"status-publish","4":"has-post-thumbnail","6":"product_cat-coffrets-et-autres","7":"product_cat-toute-la-boutique","10":"first","11":"instock","12":"taxable","13":"shipping-taxable","14":"purchasable","15":"product-type-simple"},"yoast_head":"<!-- This site is optimized with the Yoast SEO plugin v24.3 - https:\/\/yoast.com\/wordpress\/plugins\/seo\/ -->\n<title>Jus de raisin Bouteille (1l) - Chateau Croix Du Trale<\/title>\n<meta name=\"robots\" content=\"index, follow, max-snippet:-1, max-image-preview:large, max-video-preview:-1\" \/>\n<link rel=\"canonical\" href=\"https:\/\/chateaucroixdutrale.com\/index.php\/product\/jus-de-raisin\/\" \/>\n<meta property=\"og:locale\" content=\"fr_FR\" \/>\n<meta property=\"og:type\" content=\"article\" \/>\n<meta property=\"og:title\" content=\"Jus de raisin Bouteille (1l) - Chateau Croix Du Trale\" \/>\n<meta property=\"og:description\" content=\"Des raisins et c&#039;est tout ! Pas de sucre ajout\u00e9, pas de colorant et pas de conservateurs, pour le plaisir des petits mais aussi des grands.  Apr\u00e8s la naissance de Nolan, le premier de la 4\u00e8me g\u00e9n\u00e9ration de notre propri\u00e9t\u00e9 familiale, nous avons eu envie de cr\u00e9er une cuv\u00e9e pour lui, adapt\u00e9e \u00e0 son \u00e2ge et donc sans alcool. C&#039;est l\u00e0 que l&#039;id\u00e9e du jus de raisin est arriv\u00e9e. Pour l&#039;occasion, nous l&#039;avons mis \u00e0 contribution et l&#039;\u00e9tiquette a \u00e9t\u00e9 cr\u00e9\u00e9e \u00e0 partir d&#039;un de ses dessins. Notre jus est \u00e0\u00a0consommer sans mod\u00e9ration !  Bouteille 1L  DDM : 09\/2027 - Apr\u00e8s ouverture \u00e0 conserver au frais et \u00e0 consommer rapidement\" \/>\n<meta property=\"og:url\" content=\"https:\/\/chateaucroixdutrale.com\/index.php\/product\/jus-de-raisin\/\" \/>\n<meta property=\"og:site_name\" content=\"Chateau Croix Du Trale\" \/>\n<meta property=\"article:publisher\" content=\"https:\/\/www.facebook.com\/chateaucroixdutrale\/\" \/>\n<meta property=\"article:modified_time\" content=\"2025-10-10T13:11:20+00:00\" \/>\n<meta property=\"og:image\" content=\"http:\/\/chateaucroixdutrale.com\/wp-content\/uploads\/2025\/09\/jusderaisinetmain_500-.jpg\" \/>\n\t<meta property=\"og:image:width\" content=\"500\" \/>\n\t<meta property=\"og:image:height\" content=\"500\" \/>\n\t<meta property=\"og:image:type\" content=\"image\/jpeg\" \/>\n<meta name=\"twitter:card\" content=\"summary_large_image\" \/>\n<meta name=\"twitter:label1\" content=\"Dur\u00e9e de lecture estim\u00e9e\" \/>\n\t<meta name=\"twitter:data1\" content=\"1 minute\" \/>\n<script type=\"application\/ld+json\" class=\"yoast-schema-graph\">{\"@context\":\"https:\/\/schema.org\",\"@graph\":[{\"@type\":\"WebPage\",\"@id\":\"https:\/\/chateaucroixdutrale.com\/index.php\/product\/jus-de-raisin\/\",\"url\":\"https:\/\/chateaucroixdutrale.com\/index.php\/product\/jus-de-raisin\/\",\"name\":\"Jus de raisin Bouteille (1l) - Chateau Croix Du Trale\",\"isPartOf\":{\"@id\":\"https:\/\/chateaucroixdutrale.com\/#website\"},\"primaryImageOfPage\":{\"@id\":\"https:\/\/chateaucroixdutrale.com\/index.php\/product\/jus-de-raisin\/#primaryimage\"},\"image\":{\"@id\":\"https:\/\/chateaucroixdutrale.com\/index.php\/product\/jus-de-raisin\/#primaryimage\"},\"thumbnailUrl\":\"https:\/\/chateaucroixdutrale.com\/wp-content\/uploads\/2025\/09\/jusderaisinetmain_500-.jpg\",\"datePublished\":\"2025-09-24T08:55:47+00:00\",\"dateModified\":\"2025-10-10T13:11:20+00:00\",\"breadcrumb\":{\"@id\":\"https:\/\/chateaucroixdutrale.com\/index.php\/product\/jus-de-raisin\/#breadcrumb\"},\"inLanguage\":\"fr-FR\",\"potentialAction\":[{\"@type\":\"ReadAction\",\"target\":[\"https:\/\/chateaucroixdutrale.com\/index.php\/product\/jus-de-raisin\/\"]}]},{\"@type\":\"ImageObject\",\"inLanguage\":\"fr-FR\",\"@id\":\"https:\/\/chateaucroixdutrale.com\/index.php\/product\/jus-de-raisin\/#primaryimage\",\"url\":\"https:\/\/chateaucroixdutrale.com\/wp-content\/uploads\/2025\/09\/jusderaisinetmain_500-.jpg\",\"contentUrl\":\"https:\/\/chateaucroixdutrale.com\/wp-content\/uploads\/2025\/09\/jusderaisinetmain_500-.jpg\",\"width\":500,\"height\":500},{\"@type\":\"BreadcrumbList\",\"@id\":\"https:\/\/chateaucroixdutrale.com\/index.php\/product\/jus-de-raisin\/#breadcrumb\",\"itemListElement\":[{\"@type\":\"ListItem\",\"position\":1,\"name\":\"Home\",\"item\":\"https:\/\/chateaucroixdutrale.com\/\"},{\"@type\":\"ListItem\",\"position\":2,\"name\":\"Boutique\",\"item\":\"https:\/\/chateaucroixdutrale.com\/index.php\/boutique\/\"},{\"@type\":\"ListItem\",\"position\":3,\"name\":\"Jus de raisin Bouteille (1l)\"}]},{\"@type\":\"WebSite\",\"@id\":\"https:\/\/chateaucroixdutrale.com\/#website\",\"url\":\"https:\/\/chateaucroixdutrale.com\/\",\"name\":\"Chateau Croix Du Trale\",\"description\":\"Chateau Croix Du Trale\",\"publisher\":{\"@id\":\"https:\/\/chateaucroixdutrale.com\/#organization\"},\"potentialAction\":[{\"@type\":\"SearchAction\",\"target\":{\"@type\":\"EntryPoint\",\"urlTemplate\":\"https:\/\/chateaucroixdutrale.com\/?s={search_term_string}\"},\"query-input\":{\"@type\":\"PropertyValueSpecification\",\"valueRequired\":true,\"valueName\":\"search_term_string\"}}],\"inLanguage\":\"fr-FR\"},{\"@type\":\"Organization\",\"@id\":\"https:\/\/chateaucroixdutrale.com\/#organization\",\"name\":\"Ch\u00e2teau Croix du Trale\",\"url\":\"https:\/\/chateaucroixdutrale.com\/\",\"logo\":{\"@type\":\"ImageObject\",\"inLanguage\":\"fr-FR\",\"@id\":\"https:\/\/chateaucroixdutrale.com\/#\/schema\/logo\/image\/\",\"url\":\"https:\/\/chateaucroixdutrale.com\/wp-content\/uploads\/2022\/07\/Logo1.png\",\"contentUrl\":\"https:\/\/chateaucroixdutrale.com\/wp-content\/uploads\/2022\/07\/Logo1.png\",\"width\":314,\"height\":80,\"caption\":\"Ch\u00e2teau Croix du Trale\"},\"image\":{\"@id\":\"https:\/\/chateaucroixdutrale.com\/#\/schema\/logo\/image\/\"},\"sameAs\":[\"https:\/\/www.facebook.com\/chateaucroixdutrale\/\",\"https:\/\/www.instagram.com\/chateau_croix_du_trale\/\"]}]}<\/script>\n<!-- \/ Yoast SEO plugin. -->","yoast_head_json":{"title":"Jus de raisin Bouteille (1l) - Chateau Croix Du Trale","robots":{"index":"index","follow":"follow","max-snippet":"max-snippet:-1","max-image-preview":"max-image-preview:large","max-video-preview":"max-video-preview:-1"},"canonical":"https:\/\/chateaucroixdutrale.com\/index.php\/product\/jus-de-raisin\/","og_locale":"fr_FR","og_type":"article","og_title":"Jus de raisin Bouteille (1l) - Chateau Croix Du Trale","og_description":"Des raisins et c'est tout ! Pas de sucre ajout\u00e9, pas de colorant et pas de conservateurs, pour le plaisir des petits mais aussi des grands.  Apr\u00e8s la naissance de Nolan, le premier de la 4\u00e8me g\u00e9n\u00e9ration de notre propri\u00e9t\u00e9 familiale, nous avons eu envie de cr\u00e9er une cuv\u00e9e pour lui, adapt\u00e9e \u00e0 son \u00e2ge et donc sans alcool. C'est l\u00e0 que l'id\u00e9e du jus de raisin est arriv\u00e9e. Pour l'occasion, nous l'avons mis \u00e0 contribution et l'\u00e9tiquette a \u00e9t\u00e9 cr\u00e9\u00e9e \u00e0 partir d'un de ses dessins. Notre jus est \u00e0\u00a0consommer sans mod\u00e9ration !  Bouteille 1L  DDM : 09\/2027 - Apr\u00e8s ouverture \u00e0 conserver au frais et \u00e0 consommer rapidement","og_url":"https:\/\/chateaucroixdutrale.com\/index.php\/product\/jus-de-raisin\/","og_site_name":"Chateau Croix Du Trale","article_publisher":"https:\/\/www.facebook.com\/chateaucroixdutrale\/","article_modified_time":"2025-10-10T13:11:20+00:00","og_image":[{"width":500,"height":500,"url":"http:\/\/chateaucroixdutrale.com\/wp-content\/uploads\/2025\/09\/jusderaisinetmain_500-.jpg","type":"image\/jpeg"}],"twitter_card":"summary_large_image","twitter_misc":{"Dur\u00e9e de lecture estim\u00e9e":"1 minute"},"schema":{"@context":"https:\/\/schema.org","@graph":[{"@type":"WebPage","@id":"https:\/\/chateaucroixdutrale.com\/index.php\/product\/jus-de-raisin\/","url":"https:\/\/chateaucroixdutrale.com\/index.php\/product\/jus-de-raisin\/","name":"Jus de raisin Bouteille (1l) - Chateau Croix Du Trale","isPartOf":{"@id":"https:\/\/chateaucroixdutrale.com\/#website"},"primaryImageOfPage":{"@id":"https:\/\/chateaucroixdutrale.com\/index.php\/product\/jus-de-raisin\/#primaryimage"},"image":{"@id":"https:\/\/chateaucroixdutrale.com\/index.php\/product\/jus-de-raisin\/#primaryimage"},"thumbnailUrl":"https:\/\/chateaucroixdutrale.com\/wp-content\/uploads\/2025\/09\/jusderaisinetmain_500-.jpg","datePublished":"2025-09-24T08:55:47+00:00","dateModified":"2025-10-10T13:11:20+00:00","breadcrumb":{"@id":"https:\/\/chateaucroixdutrale.com\/index.php\/product\/jus-de-raisin\/#breadcrumb"},"inLanguage":"fr-FR","potentialAction":[{"@type":"ReadAction","target":["https:\/\/chateaucroixdutrale.com\/index.php\/product\/jus-de-raisin\/"]}]},{"@type":"ImageObject","inLanguage":"fr-FR","@id":"https:\/\/chateaucroixdutrale.com\/index.php\/product\/jus-de-raisin\/#primaryimage","url":"https:\/\/chateaucroixdutrale.com\/wp-content\/uploads\/2025\/09\/jusderaisinetmain_500-.jpg","contentUrl":"https:\/\/chateaucroixdutrale.com\/wp-content\/uploads\/2025\/09\/jusderaisinetmain_500-.jpg","width":500,"height":500},{"@type":"BreadcrumbList","@id":"https:\/\/chateaucroixdutrale.com\/index.php\/product\/jus-de-raisin\/#breadcrumb","itemListElement":[{"@type":"ListItem","position":1,"name":"Home","item":"https:\/\/chateaucroixdutrale.com\/"},{"@type":"ListItem","position":2,"name":"Boutique","item":"https:\/\/chateaucroixdutrale.com\/index.php\/boutique\/"},{"@type":"ListItem","position":3,"name":"Jus de raisin Bouteille (1l)"}]},{"@type":"WebSite","@id":"https:\/\/chateaucroixdutrale.com\/#website","url":"https:\/\/chateaucroixdutrale.com\/","name":"Chateau Croix Du Trale","description":"Chateau Croix Du Trale","publisher":{"@id":"https:\/\/chateaucroixdutrale.com\/#organization"},"potentialAction":[{"@type":"SearchAction","target":{"@type":"EntryPoint","urlTemplate":"https:\/\/chateaucroixdutrale.com\/?s={search_term_string}"},"query-input":{"@type":"PropertyValueSpecification","valueRequired":true,"valueName":"search_term_string"}}],"inLanguage":"fr-FR"},{"@type":"Organization","@id":"https:\/\/chateaucroixdutrale.com\/#organization","name":"Ch\u00e2teau Croix du Trale","url":"https:\/\/chateaucroixdutrale.com\/","logo":{"@type":"ImageObject","inLanguage":"fr-FR","@id":"https:\/\/chateaucroixdutrale.com\/#\/schema\/logo\/image\/","url":"https:\/\/chateaucroixdutrale.com\/wp-content\/uploads\/2022\/07\/Logo1.png","contentUrl":"https:\/\/chateaucroixdutrale.com\/wp-content\/uploads\/2022\/07\/Logo1.png","width":314,"height":80,"caption":"Ch\u00e2teau Croix du Trale"},"image":{"@id":"https:\/\/chateaucroixdutrale.com\/#\/schema\/logo\/image\/"},"sameAs":["https:\/\/www.facebook.com\/chateaucroixdutrale\/","https:\/\/www.instagram.com\/chateau_croix_du_trale\/"]}]}},"_links":{"self":[{"href":"https:\/\/chateaucroixdutrale.com\/index.php\/wp-json\/wp\/v2\/product\/12039","targetHints":{"allow":["GET"]}}],"collection":[{"href":"https:\/\/chateaucroixdutrale.com\/index.php\/wp-json\/wp\/v2\/product"}],"about":[{"href":"https:\/\/chateaucroixdutrale.com\/index.php\/wp-json\/wp\/v2\/types\/product"}],"wp:featuredmedia":[{"embeddable":true,"href":"https:\/\/chateaucroixdutrale.com\/index.php\/wp-json\/wp\/v2\/media\/12045"}],"wp:attachment":[{"href":"https:\/\/chateaucroixdutrale.com\/index.php\/wp-json\/wp\/v2\/media?parent=12039"}],"wp:term":[{"taxonomy":"product_brand","embeddable":true,"href":"https:\/\/chateaucroixdutrale.com\/index.php\/wp-json\/wp\/v2\/product_brand?post=12039"},{"taxonomy":"product_cat","embeddable":true,"href":"https:\/\/chateaucroixdutrale.com\/index.php\/wp-json\/wp\/v2\/product_cat?post=12039"},{"taxonomy":"product_tag","embeddable":true,"href":"https:\/\/chateaucroixdutrale.com\/index.php\/wp-json\/wp\/v2\/product_tag?post=12039"}],"curies":[{"name":"wp","href":"https:\/\/api.w.org\/{rel}","templated":true}]}}