
{"id":11986,"date":"2025-06-06T15:21:06","date_gmt":"2025-06-06T13:21:06","guid":{"rendered":"https:\/\/chateaucroixdutrale.com\/?post_type=product&#038;p=11986"},"modified":"2026-03-16T17:42:19","modified_gmt":"2026-03-16T16:42:19","slug":"chateau-croix-du-trale-2024-primeurs-grands-formats","status":"publish","type":"product","link":"https:\/\/chateaucroixdutrale.com\/index.php\/product\/chateau-croix-du-trale-2024-primeurs-grands-formats\/","title":{"rendered":"<font color=B33F23><b>Ch\u00e2teau Croix du Trale 2025<\/b><br> PRIMEURS &#8211; Grands Formats<\/font>"},"content":{"rendered":"","protected":false},"excerpt":{"rendered":"<h6><strong>AOC\u00a0\u00a0<\/strong> \u00a0\u00a0\u00a0\u00a0\u00a0\u00a0\u00a0\u00a0\u00a0\u00a0\u00a0\u00a0\u00a0\u00a0\u00a0\u00a0\u00a0\u00a0\u00a0\u00a0\u00a0\u00a0 <span style=\"color: #b33f23;\">Haut-M\u00e9doc<\/span><\/h6>\n<hr \/>\n<h6><strong>C\u00e9page\u00a0 \u00a0 \u00a0 \u00a0 \u00a0 \u00a0 \u00a0 \u00a0 \u00a0 \u00a0 <\/strong><span style=\"color: #b33f23;\">50% Merlot 50% Cabernet-Sauvignon<\/span><\/h6>\n<hr \/>\n<h6><strong>Elevage\u00a0\u00a0\u00a0\u00a0\u00a0\u00a0\u00a0\u00a0\u00a0\u00a0\u00a0\u00a0\u00a0\u00a0\u00a0\u00a0\u00a0\u00a0\u00a0 <\/strong><span style=\"color: #b33f23;\">12 mois en f\u00fbt de ch\u00eane fran\u00e7ais<\/span><\/h6>\n<hr \/>\n<h6><strong><img loading=\"lazy\" decoding=\"async\" class=\"alignnone size-full wp-image-10592\" src=\"https:\/\/chateaucroixdutrale.com\/wp-content\/uploads\/2022\/06\/eye_33.jpg\" alt=\"\" width=\"33\" height=\"33\" \/> \u00a0 Robe\u00a0\u00a0\u00a0\u00a0\u00a0\u00a0\u00a0\u00a0\u00a0\u00a0\u00a0\u00a0 <\/strong><span style=\"color: #b33f23;\">Sombre et profonde aux reflets violac\u00e9s<\/span><\/h6>\n<hr \/>\n<h6><strong><img loading=\"lazy\" decoding=\"async\" class=\"alignnone size-full wp-image-10590\" src=\"https:\/\/chateaucroixdutrale.com\/wp-content\/uploads\/2022\/06\/nose_33.jpg\" alt=\"\" width=\"33\" height=\"33\" \/> \u00a0 Nez\u00a0<\/strong>\u00a0 \u00a0 \u00a0 \u00a0 \u00a0 \u00a0 \u00a0 \u00a0<span style=\"color: #b33f23;\">Intense aux notes de fruits noirs<\/span><\/h6>\n<hr \/>\n<h6><img loading=\"lazy\" decoding=\"async\" class=\"alignnone size-full wp-image-10591\" src=\"https:\/\/chateaucroixdutrale.com\/wp-content\/uploads\/2022\/06\/mouth.jpg\" alt=\"\" width=\"33\" height=\"33\" \/> \u00a0 Bouche\u00a0\u00a0\u00a0\u00a0\u00a0\u00a0\u00a0 <span style=\"color: #b33f23;\">Velout\u00e9<\/span><\/h6>\n<hr \/>\n<p>&nbsp;<\/p>\n<h6><strong>Conseil de service<\/strong>\u00a0 <span style=\"color: #b33f23;\">Patientez jusqu&rsquo;en 2028 pour d\u00e9guster les premi\u00e8res bouteilles<\/span><\/h6>\n<hr \/>\n<h6><\/h6>\n","protected":false},"featured_media":11173,"template":"","meta":[],"product_brand":[],"product_cat":[90,82],"product_tag":[],"class_list":{"0":"post-11986","1":"product","2":"type-product","3":"status-publish","4":"has-post-thumbnail","6":"product_cat-5l-3l-6l","7":"product_cat-primeurs","10":"first","11":"instock","12":"taxable","13":"shipping-taxable","14":"purchasable","15":"product-type-variable"},"yoast_head":"<!-- This site is optimized with the Yoast SEO plugin v24.3 - https:\/\/yoast.com\/wordpress\/plugins\/seo\/ -->\n<title>Ch\u00e2teau Croix du Trale 2025 PRIMEURS - Grands Formats - Chateau Croix Du Trale<\/title>\n<meta name=\"robots\" content=\"index, follow, max-snippet:-1, max-image-preview:large, max-video-preview:-1\" \/>\n<link rel=\"canonical\" href=\"https:\/\/chateaucroixdutrale.com\/index.php\/product\/chateau-croix-du-trale-2024-primeurs-grands-formats\/\" \/>\n<meta property=\"og:locale\" content=\"fr_FR\" \/>\n<meta property=\"og:type\" content=\"article\" \/>\n<meta property=\"og:title\" content=\"Ch\u00e2teau Croix du Trale 2025 PRIMEURS - Grands Formats - Chateau Croix Du Trale\" \/>\n<meta property=\"og:description\" content=\"AOC\u00a0\u00a0 \u00a0\u00a0\u00a0\u00a0\u00a0\u00a0\u00a0\u00a0\u00a0\u00a0\u00a0\u00a0\u00a0\u00a0\u00a0\u00a0\u00a0\u00a0\u00a0\u00a0\u00a0\u00a0 Haut-M\u00e9doc    C\u00e9page\u00a0 \u00a0 \u00a0 \u00a0 \u00a0 \u00a0 \u00a0 \u00a0 \u00a0 \u00a0 50% Merlot 50% Cabernet-Sauvignon    Elevage\u00a0\u00a0\u00a0\u00a0\u00a0\u00a0\u00a0\u00a0\u00a0\u00a0\u00a0\u00a0\u00a0\u00a0\u00a0\u00a0\u00a0\u00a0\u00a0 12 mois en f\u00fbt de ch\u00eane fran\u00e7ais     \u00a0 Robe\u00a0\u00a0\u00a0\u00a0\u00a0\u00a0\u00a0\u00a0\u00a0\u00a0\u00a0\u00a0 Sombre et profonde aux reflets violac\u00e9s     \u00a0 Nez\u00a0\u00a0 \u00a0 \u00a0 \u00a0 \u00a0 \u00a0 \u00a0 \u00a0Intense aux notes de fruits noirs     \u00a0 Bouche\u00a0\u00a0\u00a0\u00a0\u00a0\u00a0\u00a0 Velout\u00e9    &nbsp; Conseil de service\u00a0 Patientez jusqu&#039;en 2028 pour d\u00e9guster les premi\u00e8res bouteilles\" \/>\n<meta property=\"og:url\" content=\"https:\/\/chateaucroixdutrale.com\/index.php\/product\/chateau-croix-du-trale-2024-primeurs-grands-formats\/\" \/>\n<meta property=\"og:site_name\" content=\"Chateau Croix Du Trale\" \/>\n<meta property=\"article:publisher\" content=\"https:\/\/www.facebook.com\/chateaucroixdutrale\/\" \/>\n<meta property=\"article:modified_time\" content=\"2026-03-16T16:42:19+00:00\" \/>\n<meta property=\"og:image\" content=\"http:\/\/chateaucroixdutrale.com\/wp-content\/uploads\/2022\/09\/CRUBOURGEOIS-PRIMEUR_500x500.jpg\" \/>\n\t<meta property=\"og:image:width\" content=\"500\" \/>\n\t<meta property=\"og:image:height\" content=\"500\" \/>\n\t<meta property=\"og:image:type\" content=\"image\/jpeg\" \/>\n<meta name=\"twitter:card\" content=\"summary_large_image\" \/>\n<meta name=\"twitter:label1\" content=\"Dur\u00e9e de lecture estim\u00e9e\" \/>\n\t<meta name=\"twitter:data1\" content=\"1 minute\" \/>\n<script type=\"application\/ld+json\" class=\"yoast-schema-graph\">{\"@context\":\"https:\/\/schema.org\",\"@graph\":[{\"@type\":\"WebPage\",\"@id\":\"https:\/\/chateaucroixdutrale.com\/index.php\/product\/chateau-croix-du-trale-2024-primeurs-grands-formats\/\",\"url\":\"https:\/\/chateaucroixdutrale.com\/index.php\/product\/chateau-croix-du-trale-2024-primeurs-grands-formats\/\",\"name\":\"Ch\u00e2teau Croix du Trale 2025 PRIMEURS - Grands Formats - Chateau Croix Du Trale\",\"isPartOf\":{\"@id\":\"https:\/\/chateaucroixdutrale.com\/#website\"},\"primaryImageOfPage\":{\"@id\":\"https:\/\/chateaucroixdutrale.com\/index.php\/product\/chateau-croix-du-trale-2024-primeurs-grands-formats\/#primaryimage\"},\"image\":{\"@id\":\"https:\/\/chateaucroixdutrale.com\/index.php\/product\/chateau-croix-du-trale-2024-primeurs-grands-formats\/#primaryimage\"},\"thumbnailUrl\":\"https:\/\/chateaucroixdutrale.com\/wp-content\/uploads\/2022\/09\/CRUBOURGEOIS-PRIMEUR_500x500.jpg\",\"datePublished\":\"2025-06-06T13:21:06+00:00\",\"dateModified\":\"2026-03-16T16:42:19+00:00\",\"breadcrumb\":{\"@id\":\"https:\/\/chateaucroixdutrale.com\/index.php\/product\/chateau-croix-du-trale-2024-primeurs-grands-formats\/#breadcrumb\"},\"inLanguage\":\"fr-FR\",\"potentialAction\":[{\"@type\":\"ReadAction\",\"target\":[\"https:\/\/chateaucroixdutrale.com\/index.php\/product\/chateau-croix-du-trale-2024-primeurs-grands-formats\/\"]}]},{\"@type\":\"ImageObject\",\"inLanguage\":\"fr-FR\",\"@id\":\"https:\/\/chateaucroixdutrale.com\/index.php\/product\/chateau-croix-du-trale-2024-primeurs-grands-formats\/#primaryimage\",\"url\":\"https:\/\/chateaucroixdutrale.com\/wp-content\/uploads\/2022\/09\/CRUBOURGEOIS-PRIMEUR_500x500.jpg\",\"contentUrl\":\"https:\/\/chateaucroixdutrale.com\/wp-content\/uploads\/2022\/09\/CRUBOURGEOIS-PRIMEUR_500x500.jpg\",\"width\":500,\"height\":500},{\"@type\":\"BreadcrumbList\",\"@id\":\"https:\/\/chateaucroixdutrale.com\/index.php\/product\/chateau-croix-du-trale-2024-primeurs-grands-formats\/#breadcrumb\",\"itemListElement\":[{\"@type\":\"ListItem\",\"position\":1,\"name\":\"Home\",\"item\":\"https:\/\/chateaucroixdutrale.com\/\"},{\"@type\":\"ListItem\",\"position\":2,\"name\":\"Boutique\",\"item\":\"https:\/\/chateaucroixdutrale.com\/index.php\/boutique\/\"},{\"@type\":\"ListItem\",\"position\":3,\"name\":\"Ch\u00e2teau Croix du Trale 2025 PRIMEURS &#8211; Grands Formats\"}]},{\"@type\":\"WebSite\",\"@id\":\"https:\/\/chateaucroixdutrale.com\/#website\",\"url\":\"https:\/\/chateaucroixdutrale.com\/\",\"name\":\"Chateau Croix Du Trale\",\"description\":\"Chateau Croix Du Trale\",\"publisher\":{\"@id\":\"https:\/\/chateaucroixdutrale.com\/#organization\"},\"potentialAction\":[{\"@type\":\"SearchAction\",\"target\":{\"@type\":\"EntryPoint\",\"urlTemplate\":\"https:\/\/chateaucroixdutrale.com\/?s={search_term_string}\"},\"query-input\":{\"@type\":\"PropertyValueSpecification\",\"valueRequired\":true,\"valueName\":\"search_term_string\"}}],\"inLanguage\":\"fr-FR\"},{\"@type\":\"Organization\",\"@id\":\"https:\/\/chateaucroixdutrale.com\/#organization\",\"name\":\"Ch\u00e2teau Croix du Trale\",\"url\":\"https:\/\/chateaucroixdutrale.com\/\",\"logo\":{\"@type\":\"ImageObject\",\"inLanguage\":\"fr-FR\",\"@id\":\"https:\/\/chateaucroixdutrale.com\/#\/schema\/logo\/image\/\",\"url\":\"https:\/\/chateaucroixdutrale.com\/wp-content\/uploads\/2022\/07\/Logo1.png\",\"contentUrl\":\"https:\/\/chateaucroixdutrale.com\/wp-content\/uploads\/2022\/07\/Logo1.png\",\"width\":314,\"height\":80,\"caption\":\"Ch\u00e2teau Croix du Trale\"},\"image\":{\"@id\":\"https:\/\/chateaucroixdutrale.com\/#\/schema\/logo\/image\/\"},\"sameAs\":[\"https:\/\/www.facebook.com\/chateaucroixdutrale\/\",\"https:\/\/www.instagram.com\/chateau_croix_du_trale\/\"]}]}<\/script>\n<!-- \/ Yoast SEO plugin. -->","yoast_head_json":{"title":"Ch\u00e2teau Croix du Trale 2025 PRIMEURS - Grands Formats - Chateau Croix Du Trale","robots":{"index":"index","follow":"follow","max-snippet":"max-snippet:-1","max-image-preview":"max-image-preview:large","max-video-preview":"max-video-preview:-1"},"canonical":"https:\/\/chateaucroixdutrale.com\/index.php\/product\/chateau-croix-du-trale-2024-primeurs-grands-formats\/","og_locale":"fr_FR","og_type":"article","og_title":"Ch\u00e2teau Croix du Trale 2025 PRIMEURS - Grands Formats - Chateau Croix Du Trale","og_description":"AOC\u00a0\u00a0 \u00a0\u00a0\u00a0\u00a0\u00a0\u00a0\u00a0\u00a0\u00a0\u00a0\u00a0\u00a0\u00a0\u00a0\u00a0\u00a0\u00a0\u00a0\u00a0\u00a0\u00a0\u00a0 Haut-M\u00e9doc    C\u00e9page\u00a0 \u00a0 \u00a0 \u00a0 \u00a0 \u00a0 \u00a0 \u00a0 \u00a0 \u00a0 50% Merlot 50% Cabernet-Sauvignon    Elevage\u00a0\u00a0\u00a0\u00a0\u00a0\u00a0\u00a0\u00a0\u00a0\u00a0\u00a0\u00a0\u00a0\u00a0\u00a0\u00a0\u00a0\u00a0\u00a0 12 mois en f\u00fbt de ch\u00eane fran\u00e7ais     \u00a0 Robe\u00a0\u00a0\u00a0\u00a0\u00a0\u00a0\u00a0\u00a0\u00a0\u00a0\u00a0\u00a0 Sombre et profonde aux reflets violac\u00e9s     \u00a0 Nez\u00a0\u00a0 \u00a0 \u00a0 \u00a0 \u00a0 \u00a0 \u00a0 \u00a0Intense aux notes de fruits noirs     \u00a0 Bouche\u00a0\u00a0\u00a0\u00a0\u00a0\u00a0\u00a0 Velout\u00e9    &nbsp; Conseil de service\u00a0 Patientez jusqu'en 2028 pour d\u00e9guster les premi\u00e8res bouteilles","og_url":"https:\/\/chateaucroixdutrale.com\/index.php\/product\/chateau-croix-du-trale-2024-primeurs-grands-formats\/","og_site_name":"Chateau Croix Du Trale","article_publisher":"https:\/\/www.facebook.com\/chateaucroixdutrale\/","article_modified_time":"2026-03-16T16:42:19+00:00","og_image":[{"width":500,"height":500,"url":"http:\/\/chateaucroixdutrale.com\/wp-content\/uploads\/2022\/09\/CRUBOURGEOIS-PRIMEUR_500x500.jpg","type":"image\/jpeg"}],"twitter_card":"summary_large_image","twitter_misc":{"Dur\u00e9e de lecture estim\u00e9e":"1 minute"},"schema":{"@context":"https:\/\/schema.org","@graph":[{"@type":"WebPage","@id":"https:\/\/chateaucroixdutrale.com\/index.php\/product\/chateau-croix-du-trale-2024-primeurs-grands-formats\/","url":"https:\/\/chateaucroixdutrale.com\/index.php\/product\/chateau-croix-du-trale-2024-primeurs-grands-formats\/","name":"Ch\u00e2teau Croix du Trale 2025 PRIMEURS - Grands Formats - Chateau Croix Du Trale","isPartOf":{"@id":"https:\/\/chateaucroixdutrale.com\/#website"},"primaryImageOfPage":{"@id":"https:\/\/chateaucroixdutrale.com\/index.php\/product\/chateau-croix-du-trale-2024-primeurs-grands-formats\/#primaryimage"},"image":{"@id":"https:\/\/chateaucroixdutrale.com\/index.php\/product\/chateau-croix-du-trale-2024-primeurs-grands-formats\/#primaryimage"},"thumbnailUrl":"https:\/\/chateaucroixdutrale.com\/wp-content\/uploads\/2022\/09\/CRUBOURGEOIS-PRIMEUR_500x500.jpg","datePublished":"2025-06-06T13:21:06+00:00","dateModified":"2026-03-16T16:42:19+00:00","breadcrumb":{"@id":"https:\/\/chateaucroixdutrale.com\/index.php\/product\/chateau-croix-du-trale-2024-primeurs-grands-formats\/#breadcrumb"},"inLanguage":"fr-FR","potentialAction":[{"@type":"ReadAction","target":["https:\/\/chateaucroixdutrale.com\/index.php\/product\/chateau-croix-du-trale-2024-primeurs-grands-formats\/"]}]},{"@type":"ImageObject","inLanguage":"fr-FR","@id":"https:\/\/chateaucroixdutrale.com\/index.php\/product\/chateau-croix-du-trale-2024-primeurs-grands-formats\/#primaryimage","url":"https:\/\/chateaucroixdutrale.com\/wp-content\/uploads\/2022\/09\/CRUBOURGEOIS-PRIMEUR_500x500.jpg","contentUrl":"https:\/\/chateaucroixdutrale.com\/wp-content\/uploads\/2022\/09\/CRUBOURGEOIS-PRIMEUR_500x500.jpg","width":500,"height":500},{"@type":"BreadcrumbList","@id":"https:\/\/chateaucroixdutrale.com\/index.php\/product\/chateau-croix-du-trale-2024-primeurs-grands-formats\/#breadcrumb","itemListElement":[{"@type":"ListItem","position":1,"name":"Home","item":"https:\/\/chateaucroixdutrale.com\/"},{"@type":"ListItem","position":2,"name":"Boutique","item":"https:\/\/chateaucroixdutrale.com\/index.php\/boutique\/"},{"@type":"ListItem","position":3,"name":"Ch\u00e2teau Croix du Trale 2025 PRIMEURS &#8211; Grands Formats"}]},{"@type":"WebSite","@id":"https:\/\/chateaucroixdutrale.com\/#website","url":"https:\/\/chateaucroixdutrale.com\/","name":"Chateau Croix Du Trale","description":"Chateau Croix Du Trale","publisher":{"@id":"https:\/\/chateaucroixdutrale.com\/#organization"},"potentialAction":[{"@type":"SearchAction","target":{"@type":"EntryPoint","urlTemplate":"https:\/\/chateaucroixdutrale.com\/?s={search_term_string}"},"query-input":{"@type":"PropertyValueSpecification","valueRequired":true,"valueName":"search_term_string"}}],"inLanguage":"fr-FR"},{"@type":"Organization","@id":"https:\/\/chateaucroixdutrale.com\/#organization","name":"Ch\u00e2teau Croix du Trale","url":"https:\/\/chateaucroixdutrale.com\/","logo":{"@type":"ImageObject","inLanguage":"fr-FR","@id":"https:\/\/chateaucroixdutrale.com\/#\/schema\/logo\/image\/","url":"https:\/\/chateaucroixdutrale.com\/wp-content\/uploads\/2022\/07\/Logo1.png","contentUrl":"https:\/\/chateaucroixdutrale.com\/wp-content\/uploads\/2022\/07\/Logo1.png","width":314,"height":80,"caption":"Ch\u00e2teau Croix du Trale"},"image":{"@id":"https:\/\/chateaucroixdutrale.com\/#\/schema\/logo\/image\/"},"sameAs":["https:\/\/www.facebook.com\/chateaucroixdutrale\/","https:\/\/www.instagram.com\/chateau_croix_du_trale\/"]}]}},"_links":{"self":[{"href":"https:\/\/chateaucroixdutrale.com\/index.php\/wp-json\/wp\/v2\/product\/11986","targetHints":{"allow":["GET"]}}],"collection":[{"href":"https:\/\/chateaucroixdutrale.com\/index.php\/wp-json\/wp\/v2\/product"}],"about":[{"href":"https:\/\/chateaucroixdutrale.com\/index.php\/wp-json\/wp\/v2\/types\/product"}],"wp:featuredmedia":[{"embeddable":true,"href":"https:\/\/chateaucroixdutrale.com\/index.php\/wp-json\/wp\/v2\/media\/11173"}],"wp:attachment":[{"href":"https:\/\/chateaucroixdutrale.com\/index.php\/wp-json\/wp\/v2\/media?parent=11986"}],"wp:term":[{"taxonomy":"product_brand","embeddable":true,"href":"https:\/\/chateaucroixdutrale.com\/index.php\/wp-json\/wp\/v2\/product_brand?post=11986"},{"taxonomy":"product_cat","embeddable":true,"href":"https:\/\/chateaucroixdutrale.com\/index.php\/wp-json\/wp\/v2\/product_cat?post=11986"},{"taxonomy":"product_tag","embeddable":true,"href":"https:\/\/chateaucroixdutrale.com\/index.php\/wp-json\/wp\/v2\/product_tag?post=11986"}],"curies":[{"name":"wp","href":"https:\/\/api.w.org\/{rel}","templated":true}]}}