
{"id":11949,"date":"2025-04-10T13:58:46","date_gmt":"2025-04-10T11:58:46","guid":{"rendered":"https:\/\/chateaucroixdutrale.com\/?post_type=product&#038;p=11949"},"modified":"2025-07-04T17:33:37","modified_gmt":"2025-07-04T15:33:37","slug":"carton-decouverte","status":"publish","type":"product","link":"https:\/\/chateaucroixdutrale.com\/index.php\/product\/carton-decouverte\/","title":{"rendered":"<font color=B33F23><b>Carton d\u00e9couverte<\/b><br>&nbsp;<\/font>"},"content":{"rendered":"","protected":false},"excerpt":{"rendered":"<p><em>Pour soi ou \u00e0 offrir, retrouvez un panachage de nos vins qui peuvent \u00eatre d\u00e9gust\u00e9s d\u00e8s \u00e0 pr\u00e9sent :<\/em><\/p>\n<p style=\"vertical-align: top;\"><span style=\"font-family: Wingdings;\">\u00d8<\/span><span style=\"font-family: 'Times New Roman',serif;\">\u00a0<\/span>Croix du Trale 2020<\/p>\n<p><span style=\"font-family: Wingdings;\">\u00d8<\/span><span style=\"font-family: 'Times New Roman',serif;\">\u00a0<\/span>Croix du Trale 2021<\/p>\n<p style=\"vertical-align: top;\"><span style=\"font-family: Wingdings;\">\u00d8<\/span><span style=\"font-family: 'Times New Roman',serif;\">\u00a0<\/span>Passion du Trale \u2013 Saint Est\u00e8phe<\/p>\n<p style=\"vertical-align: top;\"><span style=\"font-family: Wingdings;\">\u00d8<\/span><span style=\"font-family: 'Times New Roman',serif;\">\u00a0<\/span>Clin d\u2019\u0153il \u00e0 ma m\u00e8re<\/p>\n<p style=\"vertical-align: top;\"><span style=\"font-family: Wingdings;\">\u00d8<\/span><span style=\"font-family: 'Times New Roman',serif;\">\u00a0<\/span>Le Trale Ros\u00e9<\/p>\n<p style=\"vertical-align: top;\"><span style=\"font-family: Wingdings;\">\u00d8<\/span><span style=\"font-family: 'Times New Roman',serif;\">\u00a0<\/span>Le Trale Blanc<\/p>\n","protected":false},"featured_media":11951,"template":"","meta":[],"product_brand":[],"product_cat":[85,92],"product_tag":[],"class_list":{"0":"post-11949","1":"product","2":"type-product","3":"status-publish","4":"has-post-thumbnail","6":"product_cat-coffrets-et-autres","7":"product_cat-toute-la-boutique","10":"first","11":"instock","12":"taxable","13":"shipping-taxable","14":"purchasable","15":"product-type-simple"},"yoast_head":"<!-- This site is optimized with the Yoast SEO plugin v24.3 - https:\/\/yoast.com\/wordpress\/plugins\/seo\/ -->\n<title>Carton d\u00e9couverte&nbsp; - Chateau Croix Du Trale<\/title>\n<meta name=\"robots\" content=\"index, follow, max-snippet:-1, max-image-preview:large, max-video-preview:-1\" \/>\n<link rel=\"canonical\" href=\"http:\/\/chateaucroixdutrale.com\/index.php\/product\/carton-decouverte\/\" \/>\n<meta property=\"og:locale\" content=\"fr_FR\" \/>\n<meta property=\"og:type\" content=\"article\" \/>\n<meta property=\"og:title\" content=\"Carton d\u00e9couverte&nbsp; - Chateau Croix Du Trale\" \/>\n<meta property=\"og:description\" content=\"Pour soi ou \u00e0 offrir, retrouvez un panachage de nos vins qui peuvent \u00eatre d\u00e9gust\u00e9s d\u00e8s \u00e0 pr\u00e9sent : \u00d8\u00a0Croix du Trale 2020 \u00d8\u00a0Croix du Trale 2021 \u00d8\u00a0Passion du Trale \u2013 Saint Est\u00e8phe \u00d8\u00a0Clin d\u2019\u0153il \u00e0 ma m\u00e8re \u00d8\u00a0Le Trale Ros\u00e9 \u00d8\u00a0Le Trale Blanc\" \/>\n<meta property=\"og:url\" content=\"http:\/\/chateaucroixdutrale.com\/index.php\/product\/carton-decouverte\/\" \/>\n<meta property=\"og:site_name\" content=\"Chateau Croix Du Trale\" \/>\n<meta property=\"article:publisher\" content=\"https:\/\/www.facebook.com\/chateaucroixdutrale\/\" \/>\n<meta property=\"article:modified_time\" content=\"2025-07-04T15:33:37+00:00\" \/>\n<meta property=\"og:image\" content=\"http:\/\/chateaucroixdutrale.com\/wp-content\/uploads\/2025\/04\/Cartondecouverte500.png\" \/>\n\t<meta property=\"og:image:width\" content=\"500\" \/>\n\t<meta property=\"og:image:height\" content=\"500\" \/>\n\t<meta property=\"og:image:type\" content=\"image\/png\" \/>\n<meta name=\"twitter:card\" content=\"summary_large_image\" \/>\n<meta name=\"twitter:label1\" content=\"Dur\u00e9e de lecture estim\u00e9e\" \/>\n\t<meta name=\"twitter:data1\" content=\"1 minute\" \/>\n<script type=\"application\/ld+json\" class=\"yoast-schema-graph\">{\"@context\":\"https:\/\/schema.org\",\"@graph\":[{\"@type\":\"WebPage\",\"@id\":\"http:\/\/chateaucroixdutrale.com\/index.php\/product\/carton-decouverte\/\",\"url\":\"http:\/\/chateaucroixdutrale.com\/index.php\/product\/carton-decouverte\/\",\"name\":\"Carton d\u00e9couverte &nbsp; - Chateau Croix Du Trale\",\"isPartOf\":{\"@id\":\"https:\/\/chateaucroixdutrale.com\/#website\"},\"primaryImageOfPage\":{\"@id\":\"http:\/\/chateaucroixdutrale.com\/index.php\/product\/carton-decouverte\/#primaryimage\"},\"image\":{\"@id\":\"http:\/\/chateaucroixdutrale.com\/index.php\/product\/carton-decouverte\/#primaryimage\"},\"thumbnailUrl\":\"https:\/\/chateaucroixdutrale.com\/wp-content\/uploads\/2025\/04\/Cartondecouverte500.png\",\"datePublished\":\"2025-04-10T11:58:46+00:00\",\"dateModified\":\"2025-07-04T15:33:37+00:00\",\"breadcrumb\":{\"@id\":\"http:\/\/chateaucroixdutrale.com\/index.php\/product\/carton-decouverte\/#breadcrumb\"},\"inLanguage\":\"fr-FR\",\"potentialAction\":[{\"@type\":\"ReadAction\",\"target\":[\"http:\/\/chateaucroixdutrale.com\/index.php\/product\/carton-decouverte\/\"]}]},{\"@type\":\"ImageObject\",\"inLanguage\":\"fr-FR\",\"@id\":\"http:\/\/chateaucroixdutrale.com\/index.php\/product\/carton-decouverte\/#primaryimage\",\"url\":\"https:\/\/chateaucroixdutrale.com\/wp-content\/uploads\/2025\/04\/Cartondecouverte500.png\",\"contentUrl\":\"https:\/\/chateaucroixdutrale.com\/wp-content\/uploads\/2025\/04\/Cartondecouverte500.png\",\"width\":500,\"height\":500},{\"@type\":\"BreadcrumbList\",\"@id\":\"http:\/\/chateaucroixdutrale.com\/index.php\/product\/carton-decouverte\/#breadcrumb\",\"itemListElement\":[{\"@type\":\"ListItem\",\"position\":1,\"name\":\"Home\",\"item\":\"https:\/\/chateaucroixdutrale.com\/\"},{\"@type\":\"ListItem\",\"position\":2,\"name\":\"Boutique\",\"item\":\"https:\/\/chateaucroixdutrale.com\/index.php\/boutique\/\"},{\"@type\":\"ListItem\",\"position\":3,\"name\":\"Carton d\u00e9couverte&nbsp;\"}]},{\"@type\":\"WebSite\",\"@id\":\"https:\/\/chateaucroixdutrale.com\/#website\",\"url\":\"https:\/\/chateaucroixdutrale.com\/\",\"name\":\"Chateau Croix Du Trale\",\"description\":\"Chateau Croix Du Trale\",\"publisher\":{\"@id\":\"https:\/\/chateaucroixdutrale.com\/#organization\"},\"potentialAction\":[{\"@type\":\"SearchAction\",\"target\":{\"@type\":\"EntryPoint\",\"urlTemplate\":\"https:\/\/chateaucroixdutrale.com\/?s={search_term_string}\"},\"query-input\":{\"@type\":\"PropertyValueSpecification\",\"valueRequired\":true,\"valueName\":\"search_term_string\"}}],\"inLanguage\":\"fr-FR\"},{\"@type\":\"Organization\",\"@id\":\"https:\/\/chateaucroixdutrale.com\/#organization\",\"name\":\"Ch\u00e2teau Croix du Trale\",\"url\":\"https:\/\/chateaucroixdutrale.com\/\",\"logo\":{\"@type\":\"ImageObject\",\"inLanguage\":\"fr-FR\",\"@id\":\"https:\/\/chateaucroixdutrale.com\/#\/schema\/logo\/image\/\",\"url\":\"https:\/\/chateaucroixdutrale.com\/wp-content\/uploads\/2022\/07\/Logo1.png\",\"contentUrl\":\"https:\/\/chateaucroixdutrale.com\/wp-content\/uploads\/2022\/07\/Logo1.png\",\"width\":314,\"height\":80,\"caption\":\"Ch\u00e2teau Croix du Trale\"},\"image\":{\"@id\":\"https:\/\/chateaucroixdutrale.com\/#\/schema\/logo\/image\/\"},\"sameAs\":[\"https:\/\/www.facebook.com\/chateaucroixdutrale\/\",\"https:\/\/www.instagram.com\/chateau_croix_du_trale\/\"]}]}<\/script>\n<!-- \/ Yoast SEO plugin. -->","yoast_head_json":{"title":"Carton d\u00e9couverte&nbsp; - Chateau Croix Du Trale","robots":{"index":"index","follow":"follow","max-snippet":"max-snippet:-1","max-image-preview":"max-image-preview:large","max-video-preview":"max-video-preview:-1"},"canonical":"http:\/\/chateaucroixdutrale.com\/index.php\/product\/carton-decouverte\/","og_locale":"fr_FR","og_type":"article","og_title":"Carton d\u00e9couverte&nbsp; - Chateau Croix Du Trale","og_description":"Pour soi ou \u00e0 offrir, retrouvez un panachage de nos vins qui peuvent \u00eatre d\u00e9gust\u00e9s d\u00e8s \u00e0 pr\u00e9sent : \u00d8\u00a0Croix du Trale 2020 \u00d8\u00a0Croix du Trale 2021 \u00d8\u00a0Passion du Trale \u2013 Saint Est\u00e8phe \u00d8\u00a0Clin d\u2019\u0153il \u00e0 ma m\u00e8re \u00d8\u00a0Le Trale Ros\u00e9 \u00d8\u00a0Le Trale Blanc","og_url":"http:\/\/chateaucroixdutrale.com\/index.php\/product\/carton-decouverte\/","og_site_name":"Chateau Croix Du Trale","article_publisher":"https:\/\/www.facebook.com\/chateaucroixdutrale\/","article_modified_time":"2025-07-04T15:33:37+00:00","og_image":[{"width":500,"height":500,"url":"http:\/\/chateaucroixdutrale.com\/wp-content\/uploads\/2025\/04\/Cartondecouverte500.png","type":"image\/png"}],"twitter_card":"summary_large_image","twitter_misc":{"Dur\u00e9e de lecture estim\u00e9e":"1 minute"},"schema":{"@context":"https:\/\/schema.org","@graph":[{"@type":"WebPage","@id":"http:\/\/chateaucroixdutrale.com\/index.php\/product\/carton-decouverte\/","url":"http:\/\/chateaucroixdutrale.com\/index.php\/product\/carton-decouverte\/","name":"Carton d\u00e9couverte &nbsp; - Chateau Croix Du Trale","isPartOf":{"@id":"https:\/\/chateaucroixdutrale.com\/#website"},"primaryImageOfPage":{"@id":"http:\/\/chateaucroixdutrale.com\/index.php\/product\/carton-decouverte\/#primaryimage"},"image":{"@id":"http:\/\/chateaucroixdutrale.com\/index.php\/product\/carton-decouverte\/#primaryimage"},"thumbnailUrl":"https:\/\/chateaucroixdutrale.com\/wp-content\/uploads\/2025\/04\/Cartondecouverte500.png","datePublished":"2025-04-10T11:58:46+00:00","dateModified":"2025-07-04T15:33:37+00:00","breadcrumb":{"@id":"http:\/\/chateaucroixdutrale.com\/index.php\/product\/carton-decouverte\/#breadcrumb"},"inLanguage":"fr-FR","potentialAction":[{"@type":"ReadAction","target":["http:\/\/chateaucroixdutrale.com\/index.php\/product\/carton-decouverte\/"]}]},{"@type":"ImageObject","inLanguage":"fr-FR","@id":"http:\/\/chateaucroixdutrale.com\/index.php\/product\/carton-decouverte\/#primaryimage","url":"https:\/\/chateaucroixdutrale.com\/wp-content\/uploads\/2025\/04\/Cartondecouverte500.png","contentUrl":"https:\/\/chateaucroixdutrale.com\/wp-content\/uploads\/2025\/04\/Cartondecouverte500.png","width":500,"height":500},{"@type":"BreadcrumbList","@id":"http:\/\/chateaucroixdutrale.com\/index.php\/product\/carton-decouverte\/#breadcrumb","itemListElement":[{"@type":"ListItem","position":1,"name":"Home","item":"https:\/\/chateaucroixdutrale.com\/"},{"@type":"ListItem","position":2,"name":"Boutique","item":"https:\/\/chateaucroixdutrale.com\/index.php\/boutique\/"},{"@type":"ListItem","position":3,"name":"Carton d\u00e9couverte&nbsp;"}]},{"@type":"WebSite","@id":"https:\/\/chateaucroixdutrale.com\/#website","url":"https:\/\/chateaucroixdutrale.com\/","name":"Chateau Croix Du Trale","description":"Chateau Croix Du Trale","publisher":{"@id":"https:\/\/chateaucroixdutrale.com\/#organization"},"potentialAction":[{"@type":"SearchAction","target":{"@type":"EntryPoint","urlTemplate":"https:\/\/chateaucroixdutrale.com\/?s={search_term_string}"},"query-input":{"@type":"PropertyValueSpecification","valueRequired":true,"valueName":"search_term_string"}}],"inLanguage":"fr-FR"},{"@type":"Organization","@id":"https:\/\/chateaucroixdutrale.com\/#organization","name":"Ch\u00e2teau Croix du Trale","url":"https:\/\/chateaucroixdutrale.com\/","logo":{"@type":"ImageObject","inLanguage":"fr-FR","@id":"https:\/\/chateaucroixdutrale.com\/#\/schema\/logo\/image\/","url":"https:\/\/chateaucroixdutrale.com\/wp-content\/uploads\/2022\/07\/Logo1.png","contentUrl":"https:\/\/chateaucroixdutrale.com\/wp-content\/uploads\/2022\/07\/Logo1.png","width":314,"height":80,"caption":"Ch\u00e2teau Croix du Trale"},"image":{"@id":"https:\/\/chateaucroixdutrale.com\/#\/schema\/logo\/image\/"},"sameAs":["https:\/\/www.facebook.com\/chateaucroixdutrale\/","https:\/\/www.instagram.com\/chateau_croix_du_trale\/"]}]}},"_links":{"self":[{"href":"https:\/\/chateaucroixdutrale.com\/index.php\/wp-json\/wp\/v2\/product\/11949","targetHints":{"allow":["GET"]}}],"collection":[{"href":"https:\/\/chateaucroixdutrale.com\/index.php\/wp-json\/wp\/v2\/product"}],"about":[{"href":"https:\/\/chateaucroixdutrale.com\/index.php\/wp-json\/wp\/v2\/types\/product"}],"wp:featuredmedia":[{"embeddable":true,"href":"https:\/\/chateaucroixdutrale.com\/index.php\/wp-json\/wp\/v2\/media\/11951"}],"wp:attachment":[{"href":"https:\/\/chateaucroixdutrale.com\/index.php\/wp-json\/wp\/v2\/media?parent=11949"}],"wp:term":[{"taxonomy":"product_brand","embeddable":true,"href":"https:\/\/chateaucroixdutrale.com\/index.php\/wp-json\/wp\/v2\/product_brand?post=11949"},{"taxonomy":"product_cat","embeddable":true,"href":"https:\/\/chateaucroixdutrale.com\/index.php\/wp-json\/wp\/v2\/product_cat?post=11949"},{"taxonomy":"product_tag","embeddable":true,"href":"https:\/\/chateaucroixdutrale.com\/index.php\/wp-json\/wp\/v2\/product_tag?post=11949"}],"curies":[{"name":"wp","href":"https:\/\/api.w.org\/{rel}","templated":true}]}}