
{"id":11627,"date":"2024-03-28T11:14:44","date_gmt":"2024-03-28T10:14:44","guid":{"rendered":"https:\/\/chateaucroixdutrale.com\/?post_type=product&#038;p=11627"},"modified":"2026-04-04T16:43:46","modified_gmt":"2026-04-04T14:43:46","slug":"passion-du-trale-bouteille-75cl","status":"publish","type":"product","link":"https:\/\/chateaucroixdutrale.com\/index.php\/product\/passion-du-trale-bouteille-75cl\/","title":{"rendered":"<font color=B33F23><b>PASSION du Trale<\/b><br> Bouteille (75cl)<\/font>"},"content":{"rendered":"<h5 style=\"text-align: center;\">NOS CONSEILS DE DEGUSTATION<\/h5>\n<table style=\"width: 70%; margin-left: auto; margin-right: auto; height: 200px;\">\n<tbody>\n<tr>\n<td style=\"width: 33%; text-align: center;\"><img loading=\"lazy\" decoding=\"async\" class=\"alignnone size-full wp-image-10588\" src=\"https:\/\/chateaucroixdutrale.com\/wp-content\/uploads\/2022\/06\/termometer.jpg\" alt=\"\" width=\"110\" height=\"112\" \/><\/p>\n<h5><strong>T\u00b0 de service<\/strong><\/h5>\n<p><span style=\"color: #b8391a;\">18\u00b0<\/span><\/td>\n<td style=\"width: 33%; text-align: center;\"><img loading=\"lazy\" decoding=\"async\" class=\"alignnone size-full wp-image-10593\" src=\"https:\/\/chateaucroixdutrale.com\/wp-content\/uploads\/2022\/06\/sablier-1.jpg\" alt=\"\" width=\"110\" height=\"110\" \/><\/p>\n<h5>Temps de garde<\/h5>\n<p><span style=\"color: #b8391a;\">15 ans<\/span><\/td>\n<td style=\"width: 33%; text-align: center;\"><img loading=\"lazy\" decoding=\"async\" class=\"alignnone size-full wp-image-10589\" src=\"https:\/\/chateaucroixdutrale.com\/wp-content\/uploads\/2022\/06\/accord-1.jpg\" alt=\"\" width=\"110\" height=\"111\" \/><\/p>\n<h5><strong>Accords mets et vin<\/strong><\/h5>\n<p><span style=\"color: #b8391a;\">C\u00f4te de boeuf<\/span><\/td>\n<\/tr>\n<\/tbody>\n<\/table>\n","protected":false},"excerpt":{"rendered":"<h6><strong>AOC\u00a0\u00a0<\/strong>\u00a0 \u00a0 \u00a0 \u00a0 \u00a0 \u00a0 \u00a0 \u00a0 \u00a0 \u00a0 \u00a0 \u00a0 \u00a0 \u00a0 \u00a0 \u00a0 \u00a0 \u00a0 \u00a0 \u00a0 \u00a0 \u00a0 \u00a0 \u00a0 \u00a0 \u00a0<span style=\"color: #b33f23;\">Saint-Est\u00e8phe<\/span><\/h6>\n<hr \/>\n<h6><strong>C\u00e9page\u00a0 \u00a0 \u00a0 \u00a0 \u00a0 \u00a0 \u00a0 \u00a0 \u00a0 \u00a0 \u00a0 \u00a0 \u00a0 \u00a0 \u00a0 \u00a0 \u00a0 \u00a0 \u00a0 \u00a0 \u00a0 \u00a0 \u00a0 \u00a0 <\/strong><span style=\"color: #b33f23;\">50% Merlot et 50% Cabernet-Sauvignon<\/span><\/h6>\n<hr \/>\n<h6><strong>Vinification &amp; Elevage\u00a0\u00a0\u00a0\u00a0\u00a0\u00a0\u00a0\u00a0\u00a0\u00a0\u00a0\u00a0\u00a0\u00a0\u00a0\u00a0\u00a0\u00a0\u00a0 <\/strong><span style=\"color: #b33f23;\">12 mois en f\u00fbt de ch\u00eane fran\u00e7ais neuf<\/span><\/h6>\n<hr \/>\n<h6><strong><img loading=\"lazy\" decoding=\"async\" class=\"alignnone size-full wp-image-10592\" src=\"https:\/\/chateaucroixdutrale.com\/wp-content\/uploads\/2022\/06\/eye_33.jpg\" alt=\"\" width=\"33\" height=\"33\" \/> \u00a0 Robe\u00a0 \u00a0 \u00a0 \u00a0 \u00a0 \u00a0 \u00a0 \u00a0 \u00a0 \u00a0 \u00a0 \u00a0 \u00a0 \u00a0 \u00a0 \u00a0 \u00a0 \u00a0 \u00a0 \u00a0<\/strong><span style=\"color: #b33f23;\">Sombre, presque noire aux reflets brillants<\/span><\/h6>\n<hr \/>\n<h6><strong><img loading=\"lazy\" decoding=\"async\" class=\"alignnone size-full wp-image-10590\" src=\"https:\/\/chateaucroixdutrale.com\/wp-content\/uploads\/2022\/06\/nose_33.jpg\" alt=\"\" width=\"33\" height=\"33\" \/> \u00a0 Nez\u00a0<\/strong>\u00a0 \u00a0 \u00a0 \u00a0 \u00a0 \u00a0 \u00a0 \u00a0 \u00a0 \u00a0 \u00a0 \u00a0 \u00a0 \u00a0 \u00a0 \u00a0 \u00a0 \u00a0 \u00a0 \u00a0 \u00a0<span style=\"color: #b33f23;\">Charmeur avec des notes de fruits rouges frais et m\u00fbrs<\/span><\/h6>\n<hr \/>\n<h6><img loading=\"lazy\" decoding=\"async\" class=\"alignnone size-full wp-image-10591\" src=\"https:\/\/chateaucroixdutrale.com\/wp-content\/uploads\/2022\/06\/mouth.jpg\" alt=\"\" width=\"33\" height=\"33\" \/> \u00a0 Bouche\u00a0 \u00a0 \u00a0 \u00a0 \u00a0 \u00a0 \u00a0 \u00a0 \u00a0 \u00a0 \u00a0 \u00a0 \u00a0 \u00a0 \u00a0 \u00a0 \u00a0 \u00a0<span style=\"color: #b33f23;\">Belle complexit\u00e9 aux notes gourmandes de fruits rouges, jolie fra\u00eecheur,<\/span><\/h6>\n<h6><span style=\"color: #b33f23;\">\u00a0 \u00a0 \u00a0 \u00a0 \u00a0 \u00a0 \u00a0 \u00a0 \u00a0 \u00a0 \u00a0 \u00a0 \u00a0 \u00a0 \u00a0 \u00a0 \u00a0 \u00a0 \u00a0 \u00a0 \u00a0 \u00a0 \u00a0 \u00a0 \u00a0 \u00a0 \u00a0 \u00a0 \u00a0 \u00a0 \u00a0 structure tannique et sucrosit\u00e9. Tr\u00e8s jolie longueur.<\/span><\/h6>\n<hr \/>\n<h6><\/h6>\n<h6><span style=\"color: #ff6600;\"><span style=\"color: #000000;\">Degr\u00e9 alcoolique<\/span>\u00a0 \u00a0 \u00a0 \u00a0 \u00a0 \u00a0 \u00a0 \u00a0 \u00a0 \u00a0 \u00a0 \u00a0 \u00a0 \u00a0 \u00a0 \u00a0<span style=\"color: #b33f23;\">14,5\u00b0<\/span><\/span><\/h6>\n<hr \/>\n<h6><strong>Conseil de service<\/strong>\u00a0 \u00a0 \u00a0 \u00a0 \u00a0 \u00a0 \u00a0 \u00a0 \u00a0 \u00a0 \u00a0 \u00a0 \u00a0 \u00a0 <span style=\"color: #b33f23;\">Ouvrir 2h avant et carafage conseill\u00e9<\/span><\/h6>\n<hr \/>\n<h6><\/h6>\n","protected":false},"featured_media":12170,"template":"","meta":[],"product_brand":[],"product_cat":[88,95,92],"product_tag":[],"class_list":{"0":"post-11627","1":"product","2":"type-product","3":"status-publish","4":"has-post-thumbnail","6":"product_cat-bouteilles","7":"product_cat-millesime-2023","8":"product_cat-toute-la-boutique","11":"first","12":"instock","13":"taxable","14":"shipping-taxable","15":"purchasable","16":"product-type-simple"},"yoast_head":"<!-- This site is optimized with the Yoast SEO plugin v24.3 - https:\/\/yoast.com\/wordpress\/plugins\/seo\/ -->\n<title>PASSION du Trale Bouteille (75cl) - Chateau Croix Du Trale<\/title>\n<meta name=\"robots\" content=\"index, follow, max-snippet:-1, max-image-preview:large, max-video-preview:-1\" \/>\n<link rel=\"canonical\" href=\"https:\/\/chateaucroixdutrale.com\/index.php\/product\/passion-du-trale-bouteille-75cl\/\" \/>\n<meta property=\"og:locale\" content=\"fr_FR\" \/>\n<meta property=\"og:type\" content=\"article\" \/>\n<meta property=\"og:title\" content=\"PASSION du Trale Bouteille (75cl) - Chateau Croix Du Trale\" \/>\n<meta property=\"og:description\" content=\"AOC\u00a0\u00a0\u00a0 \u00a0 \u00a0 \u00a0 \u00a0 \u00a0 \u00a0 \u00a0 \u00a0 \u00a0 \u00a0 \u00a0 \u00a0 \u00a0 \u00a0 \u00a0 \u00a0 \u00a0 \u00a0 \u00a0 \u00a0 \u00a0 \u00a0 \u00a0 \u00a0 \u00a0Saint-Est\u00e8phe    C\u00e9page\u00a0 \u00a0 \u00a0 \u00a0 \u00a0 \u00a0 \u00a0 \u00a0 \u00a0 \u00a0 \u00a0 \u00a0 \u00a0 \u00a0 \u00a0 \u00a0 \u00a0 \u00a0 \u00a0 \u00a0 \u00a0 \u00a0 \u00a0 \u00a0 50% Merlot et 50% Cabernet-Sauvignon    Vinification &amp; Elevage\u00a0\u00a0\u00a0\u00a0\u00a0\u00a0\u00a0\u00a0\u00a0\u00a0\u00a0\u00a0\u00a0\u00a0\u00a0\u00a0\u00a0\u00a0\u00a0 12 mois en f\u00fbt de ch\u00eane fran\u00e7ais neuf     \u00a0 Robe\u00a0 \u00a0 \u00a0 \u00a0 \u00a0 \u00a0 \u00a0 \u00a0 \u00a0 \u00a0 \u00a0 \u00a0 \u00a0 \u00a0 \u00a0 \u00a0 \u00a0 \u00a0 \u00a0 \u00a0Sombre, presque noire aux reflets brillants     \u00a0 Nez\u00a0\u00a0 \u00a0 \u00a0 \u00a0 \u00a0 \u00a0 \u00a0 \u00a0 \u00a0 \u00a0 \u00a0 \u00a0 \u00a0 \u00a0 \u00a0 \u00a0 \u00a0 \u00a0 \u00a0 \u00a0 \u00a0Charmeur avec des notes de fruits rouges frais et m\u00fbrs     \u00a0 Bouche\u00a0 \u00a0 \u00a0 \u00a0 \u00a0 \u00a0 \u00a0 \u00a0 \u00a0 \u00a0 \u00a0 \u00a0 \u00a0 \u00a0 \u00a0 \u00a0 \u00a0 \u00a0Belle complexit\u00e9 aux notes gourmandes de fruits rouges, jolie fra\u00eecheur, \u00a0 \u00a0 \u00a0 \u00a0 \u00a0 \u00a0 \u00a0 \u00a0 \u00a0 \u00a0 \u00a0 \u00a0 \u00a0 \u00a0 \u00a0 \u00a0 \u00a0 \u00a0 \u00a0 \u00a0 \u00a0 \u00a0 \u00a0 \u00a0 \u00a0 \u00a0 \u00a0 \u00a0 \u00a0 \u00a0 \u00a0 structure tannique et sucrosit\u00e9. Tr\u00e8s jolie longueur.     Degr\u00e9 alcoolique\u00a0 \u00a0 \u00a0 \u00a0 \u00a0 \u00a0 \u00a0 \u00a0 \u00a0 \u00a0 \u00a0 \u00a0 \u00a0 \u00a0 \u00a0 \u00a014,5\u00b0    Conseil de service\u00a0 \u00a0 \u00a0 \u00a0 \u00a0 \u00a0 \u00a0 \u00a0 \u00a0 \u00a0 \u00a0 \u00a0 \u00a0 \u00a0 Ouvrir 2h avant et carafage conseill\u00e9\" \/>\n<meta property=\"og:url\" content=\"https:\/\/chateaucroixdutrale.com\/index.php\/product\/passion-du-trale-bouteille-75cl\/\" \/>\n<meta property=\"og:site_name\" content=\"Chateau Croix Du Trale\" \/>\n<meta property=\"article:publisher\" content=\"https:\/\/www.facebook.com\/chateaucroixdutrale\/\" \/>\n<meta property=\"article:modified_time\" content=\"2026-04-04T14:43:46+00:00\" \/>\n<meta property=\"og:image\" content=\"http:\/\/chateaucroixdutrale.com\/wp-content\/uploads\/2024\/03\/Passion500x500.png\" \/>\n\t<meta property=\"og:image:width\" content=\"500\" \/>\n\t<meta property=\"og:image:height\" content=\"500\" \/>\n\t<meta property=\"og:image:type\" content=\"image\/png\" \/>\n<meta name=\"twitter:card\" content=\"summary_large_image\" \/>\n<meta name=\"twitter:label1\" content=\"Dur\u00e9e de lecture estim\u00e9e\" \/>\n\t<meta name=\"twitter:data1\" content=\"1 minute\" \/>\n<script type=\"application\/ld+json\" class=\"yoast-schema-graph\">{\"@context\":\"https:\/\/schema.org\",\"@graph\":[{\"@type\":\"WebPage\",\"@id\":\"https:\/\/chateaucroixdutrale.com\/index.php\/product\/passion-du-trale-bouteille-75cl\/\",\"url\":\"https:\/\/chateaucroixdutrale.com\/index.php\/product\/passion-du-trale-bouteille-75cl\/\",\"name\":\"PASSION du Trale Bouteille (75cl) - Chateau Croix Du Trale\",\"isPartOf\":{\"@id\":\"https:\/\/chateaucroixdutrale.com\/#website\"},\"primaryImageOfPage\":{\"@id\":\"https:\/\/chateaucroixdutrale.com\/index.php\/product\/passion-du-trale-bouteille-75cl\/#primaryimage\"},\"image\":{\"@id\":\"https:\/\/chateaucroixdutrale.com\/index.php\/product\/passion-du-trale-bouteille-75cl\/#primaryimage\"},\"thumbnailUrl\":\"https:\/\/chateaucroixdutrale.com\/wp-content\/uploads\/2024\/03\/Passion500x500.png\",\"datePublished\":\"2024-03-28T10:14:44+00:00\",\"dateModified\":\"2026-04-04T14:43:46+00:00\",\"breadcrumb\":{\"@id\":\"https:\/\/chateaucroixdutrale.com\/index.php\/product\/passion-du-trale-bouteille-75cl\/#breadcrumb\"},\"inLanguage\":\"fr-FR\",\"potentialAction\":[{\"@type\":\"ReadAction\",\"target\":[\"https:\/\/chateaucroixdutrale.com\/index.php\/product\/passion-du-trale-bouteille-75cl\/\"]}]},{\"@type\":\"ImageObject\",\"inLanguage\":\"fr-FR\",\"@id\":\"https:\/\/chateaucroixdutrale.com\/index.php\/product\/passion-du-trale-bouteille-75cl\/#primaryimage\",\"url\":\"https:\/\/chateaucroixdutrale.com\/wp-content\/uploads\/2024\/03\/Passion500x500.png\",\"contentUrl\":\"https:\/\/chateaucroixdutrale.com\/wp-content\/uploads\/2024\/03\/Passion500x500.png\",\"width\":500,\"height\":500},{\"@type\":\"BreadcrumbList\",\"@id\":\"https:\/\/chateaucroixdutrale.com\/index.php\/product\/passion-du-trale-bouteille-75cl\/#breadcrumb\",\"itemListElement\":[{\"@type\":\"ListItem\",\"position\":1,\"name\":\"Home\",\"item\":\"https:\/\/chateaucroixdutrale.com\/\"},{\"@type\":\"ListItem\",\"position\":2,\"name\":\"Boutique\",\"item\":\"https:\/\/chateaucroixdutrale.com\/index.php\/boutique\/\"},{\"@type\":\"ListItem\",\"position\":3,\"name\":\"PASSION du Trale Bouteille (75cl)\"}]},{\"@type\":\"WebSite\",\"@id\":\"https:\/\/chateaucroixdutrale.com\/#website\",\"url\":\"https:\/\/chateaucroixdutrale.com\/\",\"name\":\"Chateau Croix Du Trale\",\"description\":\"Chateau Croix Du Trale\",\"publisher\":{\"@id\":\"https:\/\/chateaucroixdutrale.com\/#organization\"},\"potentialAction\":[{\"@type\":\"SearchAction\",\"target\":{\"@type\":\"EntryPoint\",\"urlTemplate\":\"https:\/\/chateaucroixdutrale.com\/?s={search_term_string}\"},\"query-input\":{\"@type\":\"PropertyValueSpecification\",\"valueRequired\":true,\"valueName\":\"search_term_string\"}}],\"inLanguage\":\"fr-FR\"},{\"@type\":\"Organization\",\"@id\":\"https:\/\/chateaucroixdutrale.com\/#organization\",\"name\":\"Ch\u00e2teau Croix du Trale\",\"url\":\"https:\/\/chateaucroixdutrale.com\/\",\"logo\":{\"@type\":\"ImageObject\",\"inLanguage\":\"fr-FR\",\"@id\":\"https:\/\/chateaucroixdutrale.com\/#\/schema\/logo\/image\/\",\"url\":\"https:\/\/chateaucroixdutrale.com\/wp-content\/uploads\/2022\/07\/Logo1.png\",\"contentUrl\":\"https:\/\/chateaucroixdutrale.com\/wp-content\/uploads\/2022\/07\/Logo1.png\",\"width\":314,\"height\":80,\"caption\":\"Ch\u00e2teau Croix du Trale\"},\"image\":{\"@id\":\"https:\/\/chateaucroixdutrale.com\/#\/schema\/logo\/image\/\"},\"sameAs\":[\"https:\/\/www.facebook.com\/chateaucroixdutrale\/\",\"https:\/\/www.instagram.com\/chateau_croix_du_trale\/\"]}]}<\/script>\n<!-- \/ Yoast SEO plugin. -->","yoast_head_json":{"title":"PASSION du Trale Bouteille (75cl) - Chateau Croix Du Trale","robots":{"index":"index","follow":"follow","max-snippet":"max-snippet:-1","max-image-preview":"max-image-preview:large","max-video-preview":"max-video-preview:-1"},"canonical":"https:\/\/chateaucroixdutrale.com\/index.php\/product\/passion-du-trale-bouteille-75cl\/","og_locale":"fr_FR","og_type":"article","og_title":"PASSION du Trale Bouteille (75cl) - Chateau Croix Du Trale","og_description":"AOC\u00a0\u00a0\u00a0 \u00a0 \u00a0 \u00a0 \u00a0 \u00a0 \u00a0 \u00a0 \u00a0 \u00a0 \u00a0 \u00a0 \u00a0 \u00a0 \u00a0 \u00a0 \u00a0 \u00a0 \u00a0 \u00a0 \u00a0 \u00a0 \u00a0 \u00a0 \u00a0 \u00a0Saint-Est\u00e8phe    C\u00e9page\u00a0 \u00a0 \u00a0 \u00a0 \u00a0 \u00a0 \u00a0 \u00a0 \u00a0 \u00a0 \u00a0 \u00a0 \u00a0 \u00a0 \u00a0 \u00a0 \u00a0 \u00a0 \u00a0 \u00a0 \u00a0 \u00a0 \u00a0 \u00a0 50% Merlot et 50% Cabernet-Sauvignon    Vinification &amp; Elevage\u00a0\u00a0\u00a0\u00a0\u00a0\u00a0\u00a0\u00a0\u00a0\u00a0\u00a0\u00a0\u00a0\u00a0\u00a0\u00a0\u00a0\u00a0\u00a0 12 mois en f\u00fbt de ch\u00eane fran\u00e7ais neuf     \u00a0 Robe\u00a0 \u00a0 \u00a0 \u00a0 \u00a0 \u00a0 \u00a0 \u00a0 \u00a0 \u00a0 \u00a0 \u00a0 \u00a0 \u00a0 \u00a0 \u00a0 \u00a0 \u00a0 \u00a0 \u00a0Sombre, presque noire aux reflets brillants     \u00a0 Nez\u00a0\u00a0 \u00a0 \u00a0 \u00a0 \u00a0 \u00a0 \u00a0 \u00a0 \u00a0 \u00a0 \u00a0 \u00a0 \u00a0 \u00a0 \u00a0 \u00a0 \u00a0 \u00a0 \u00a0 \u00a0 \u00a0Charmeur avec des notes de fruits rouges frais et m\u00fbrs     \u00a0 Bouche\u00a0 \u00a0 \u00a0 \u00a0 \u00a0 \u00a0 \u00a0 \u00a0 \u00a0 \u00a0 \u00a0 \u00a0 \u00a0 \u00a0 \u00a0 \u00a0 \u00a0 \u00a0Belle complexit\u00e9 aux notes gourmandes de fruits rouges, jolie fra\u00eecheur, \u00a0 \u00a0 \u00a0 \u00a0 \u00a0 \u00a0 \u00a0 \u00a0 \u00a0 \u00a0 \u00a0 \u00a0 \u00a0 \u00a0 \u00a0 \u00a0 \u00a0 \u00a0 \u00a0 \u00a0 \u00a0 \u00a0 \u00a0 \u00a0 \u00a0 \u00a0 \u00a0 \u00a0 \u00a0 \u00a0 \u00a0 structure tannique et sucrosit\u00e9. Tr\u00e8s jolie longueur.     Degr\u00e9 alcoolique\u00a0 \u00a0 \u00a0 \u00a0 \u00a0 \u00a0 \u00a0 \u00a0 \u00a0 \u00a0 \u00a0 \u00a0 \u00a0 \u00a0 \u00a0 \u00a014,5\u00b0    Conseil de service\u00a0 \u00a0 \u00a0 \u00a0 \u00a0 \u00a0 \u00a0 \u00a0 \u00a0 \u00a0 \u00a0 \u00a0 \u00a0 \u00a0 Ouvrir 2h avant et carafage conseill\u00e9","og_url":"https:\/\/chateaucroixdutrale.com\/index.php\/product\/passion-du-trale-bouteille-75cl\/","og_site_name":"Chateau Croix Du Trale","article_publisher":"https:\/\/www.facebook.com\/chateaucroixdutrale\/","article_modified_time":"2026-04-04T14:43:46+00:00","og_image":[{"width":500,"height":500,"url":"http:\/\/chateaucroixdutrale.com\/wp-content\/uploads\/2024\/03\/Passion500x500.png","type":"image\/png"}],"twitter_card":"summary_large_image","twitter_misc":{"Dur\u00e9e de lecture estim\u00e9e":"1 minute"},"schema":{"@context":"https:\/\/schema.org","@graph":[{"@type":"WebPage","@id":"https:\/\/chateaucroixdutrale.com\/index.php\/product\/passion-du-trale-bouteille-75cl\/","url":"https:\/\/chateaucroixdutrale.com\/index.php\/product\/passion-du-trale-bouteille-75cl\/","name":"PASSION du Trale Bouteille (75cl) - Chateau Croix Du Trale","isPartOf":{"@id":"https:\/\/chateaucroixdutrale.com\/#website"},"primaryImageOfPage":{"@id":"https:\/\/chateaucroixdutrale.com\/index.php\/product\/passion-du-trale-bouteille-75cl\/#primaryimage"},"image":{"@id":"https:\/\/chateaucroixdutrale.com\/index.php\/product\/passion-du-trale-bouteille-75cl\/#primaryimage"},"thumbnailUrl":"https:\/\/chateaucroixdutrale.com\/wp-content\/uploads\/2024\/03\/Passion500x500.png","datePublished":"2024-03-28T10:14:44+00:00","dateModified":"2026-04-04T14:43:46+00:00","breadcrumb":{"@id":"https:\/\/chateaucroixdutrale.com\/index.php\/product\/passion-du-trale-bouteille-75cl\/#breadcrumb"},"inLanguage":"fr-FR","potentialAction":[{"@type":"ReadAction","target":["https:\/\/chateaucroixdutrale.com\/index.php\/product\/passion-du-trale-bouteille-75cl\/"]}]},{"@type":"ImageObject","inLanguage":"fr-FR","@id":"https:\/\/chateaucroixdutrale.com\/index.php\/product\/passion-du-trale-bouteille-75cl\/#primaryimage","url":"https:\/\/chateaucroixdutrale.com\/wp-content\/uploads\/2024\/03\/Passion500x500.png","contentUrl":"https:\/\/chateaucroixdutrale.com\/wp-content\/uploads\/2024\/03\/Passion500x500.png","width":500,"height":500},{"@type":"BreadcrumbList","@id":"https:\/\/chateaucroixdutrale.com\/index.php\/product\/passion-du-trale-bouteille-75cl\/#breadcrumb","itemListElement":[{"@type":"ListItem","position":1,"name":"Home","item":"https:\/\/chateaucroixdutrale.com\/"},{"@type":"ListItem","position":2,"name":"Boutique","item":"https:\/\/chateaucroixdutrale.com\/index.php\/boutique\/"},{"@type":"ListItem","position":3,"name":"PASSION du Trale Bouteille (75cl)"}]},{"@type":"WebSite","@id":"https:\/\/chateaucroixdutrale.com\/#website","url":"https:\/\/chateaucroixdutrale.com\/","name":"Chateau Croix Du Trale","description":"Chateau Croix Du Trale","publisher":{"@id":"https:\/\/chateaucroixdutrale.com\/#organization"},"potentialAction":[{"@type":"SearchAction","target":{"@type":"EntryPoint","urlTemplate":"https:\/\/chateaucroixdutrale.com\/?s={search_term_string}"},"query-input":{"@type":"PropertyValueSpecification","valueRequired":true,"valueName":"search_term_string"}}],"inLanguage":"fr-FR"},{"@type":"Organization","@id":"https:\/\/chateaucroixdutrale.com\/#organization","name":"Ch\u00e2teau Croix du Trale","url":"https:\/\/chateaucroixdutrale.com\/","logo":{"@type":"ImageObject","inLanguage":"fr-FR","@id":"https:\/\/chateaucroixdutrale.com\/#\/schema\/logo\/image\/","url":"https:\/\/chateaucroixdutrale.com\/wp-content\/uploads\/2022\/07\/Logo1.png","contentUrl":"https:\/\/chateaucroixdutrale.com\/wp-content\/uploads\/2022\/07\/Logo1.png","width":314,"height":80,"caption":"Ch\u00e2teau Croix du Trale"},"image":{"@id":"https:\/\/chateaucroixdutrale.com\/#\/schema\/logo\/image\/"},"sameAs":["https:\/\/www.facebook.com\/chateaucroixdutrale\/","https:\/\/www.instagram.com\/chateau_croix_du_trale\/"]}]}},"_links":{"self":[{"href":"https:\/\/chateaucroixdutrale.com\/index.php\/wp-json\/wp\/v2\/product\/11627","targetHints":{"allow":["GET"]}}],"collection":[{"href":"https:\/\/chateaucroixdutrale.com\/index.php\/wp-json\/wp\/v2\/product"}],"about":[{"href":"https:\/\/chateaucroixdutrale.com\/index.php\/wp-json\/wp\/v2\/types\/product"}],"wp:featuredmedia":[{"embeddable":true,"href":"https:\/\/chateaucroixdutrale.com\/index.php\/wp-json\/wp\/v2\/media\/12170"}],"wp:attachment":[{"href":"https:\/\/chateaucroixdutrale.com\/index.php\/wp-json\/wp\/v2\/media?parent=11627"}],"wp:term":[{"taxonomy":"product_brand","embeddable":true,"href":"https:\/\/chateaucroixdutrale.com\/index.php\/wp-json\/wp\/v2\/product_brand?post=11627"},{"taxonomy":"product_cat","embeddable":true,"href":"https:\/\/chateaucroixdutrale.com\/index.php\/wp-json\/wp\/v2\/product_cat?post=11627"},{"taxonomy":"product_tag","embeddable":true,"href":"https:\/\/chateaucroixdutrale.com\/index.php\/wp-json\/wp\/v2\/product_tag?post=11627"}],"curies":[{"name":"wp","href":"https:\/\/api.w.org\/{rel}","templated":true}]}}