
{"id":11006,"date":"2022-07-12T15:24:45","date_gmt":"2022-07-12T13:24:45","guid":{"rendered":"https:\/\/chateaucroixdutrale.com\/?post_type=product&#038;p=11006"},"modified":"2024-10-30T16:01:27","modified_gmt":"2024-10-30T15:01:27","slug":"le-trale-rouge-2020-outre-10l","status":"publish","type":"product","link":"https:\/\/chateaucroixdutrale.com\/index.php\/product\/le-trale-rouge-2020-outre-10l\/","title":{"rendered":"<font color=B33F23><b>Le Trale Rouge 2022<\/b><br> Outre (10l)<\/font>"},"content":{"rendered":"<h5 style=\"text-align: center;\">NOS CONSEILS DE DEGUSTATION<\/h5>\n<table style=\"width: 70%; margin-left: auto; margin-right: auto; height: 200px;\">\n<tbody>\n<tr>\n<td style=\"width: 33%; text-align: center;\"><img loading=\"lazy\" decoding=\"async\" class=\"alignnone size-full wp-image-10588\" src=\"https:\/\/chateaucroixdutrale.com\/wp-content\/uploads\/2022\/06\/termometer.jpg\" alt=\"\" width=\"110\" height=\"112\" \/><\/p>\n<h5><strong>T\u00b0 de service<\/strong><\/h5>\n<p><span style=\"color: #b8391a;\">18\u00b0<\/span><\/td>\n<td style=\"width: 33%; text-align: center;\"><img loading=\"lazy\" decoding=\"async\" class=\"alignnone size-full wp-image-10593\" src=\"https:\/\/chateaucroixdutrale.com\/wp-content\/uploads\/2022\/06\/sablier-1.jpg\" alt=\"\" width=\"110\" height=\"110\" \/><\/p>\n<h5>Temps de garde<\/h5>\n<p><span style=\"color: #b8391a;\">3 mois ferm\u00e9<\/span><\/td>\n<td style=\"width: 33%; text-align: center;\"><img loading=\"lazy\" decoding=\"async\" class=\"alignnone size-full wp-image-10589\" src=\"https:\/\/chateaucroixdutrale.com\/wp-content\/uploads\/2022\/06\/accord-1.jpg\" alt=\"\" width=\"110\" height=\"111\" \/><\/p>\n<h5><strong>Accords mets et vin<\/strong><\/h5>\n<p><span style=\"color: #b8391a;\">Filet mignon de porc<\/span><\/td>\n<\/tr>\n<\/tbody>\n<\/table>\n","protected":false},"excerpt":{"rendered":"<h6><strong>AOC\u00a0\u00a0<\/strong> \u00a0\u00a0\u00a0\u00a0\u00a0\u00a0\u00a0\u00a0\u00a0\u00a0\u00a0\u00a0\u00a0\u00a0\u00a0\u00a0\u00a0\u00a0\u00a0\u00a0\u00a0\u00a0 <span style=\"color: #b33f23;\">Haut-M\u00e9doc<\/span><\/h6>\n<hr \/>\n<h6><strong>C\u00e9page\u00a0 \u00a0 \u00a0 \u00a0 \u00a0 \u00a0 \u00a0 \u00a0 \u00a0 \u00a0 <\/strong><span style=\"color: #b33f23;\">50% Merlot 50% Cabernet-Sauvignon<\/span><\/h6>\n<hr \/>\n<h6><strong>Elevage\u00a0\u00a0\u00a0\u00a0\u00a0\u00a0\u00a0\u00a0\u00a0\u00a0\u00a0\u00a0\u00a0\u00a0\u00a0\u00a0\u00a0\u00a0\u00a0 <\/strong><span style=\"color: #b33f23;\">12 mois en f\u00fbt de ch\u00eane fran\u00e7ais<\/span><\/h6>\n<hr \/>\n<h6><strong><img loading=\"lazy\" decoding=\"async\" class=\"alignnone size-full wp-image-10592\" src=\"https:\/\/chateaucroixdutrale.com\/wp-content\/uploads\/2022\/06\/eye_33.jpg\" alt=\"\" width=\"33\" height=\"33\" \/> \u00a0 Robe\u00a0\u00a0\u00a0\u00a0\u00a0\u00a0\u00a0\u00a0\u00a0\u00a0\u00a0\u00a0 <\/strong><span style=\"color: #b33f23;\">Soutenue aux reflets brillants<\/span><\/h6>\n<hr \/>\n<h6><strong><img loading=\"lazy\" decoding=\"async\" class=\"alignnone size-full wp-image-10590\" src=\"https:\/\/chateaucroixdutrale.com\/wp-content\/uploads\/2022\/06\/nose_33.jpg\" alt=\"\" width=\"33\" height=\"33\" \/> \u00a0 Nez\u00a0<\/strong> \u00a0\u00a0\u00a0\u00a0\u00a0\u00a0\u00a0\u00a0\u00a0\u00a0\u00a0\u00a0\u00a0 <span style=\"color: #b33f23;\">Intense de fruits rouges frais<\/span><\/h6>\n<hr \/>\n<h6><img loading=\"lazy\" decoding=\"async\" class=\"alignnone size-full wp-image-10591\" src=\"https:\/\/chateaucroixdutrale.com\/wp-content\/uploads\/2022\/06\/mouth.jpg\" alt=\"\" width=\"33\" height=\"33\" \/> \u00a0 Bouche\u00a0\u00a0\u00a0\u00a0\u00a0\u00a0\u00a0 <span style=\"color: #b33f23;\">Une belle fra\u00eecheur en bouche et un bois\u00e9 finement int\u00e9gr\u00e9 qui apporte encore plus de complexit\u00e9<\/span><\/h6>\n<hr \/>\n<h6><span style=\"color: #ff6600;\"><span style=\"color: #000000;\">Degr\u00e9 alcoolique<\/span> \u00a0\u00a0 <span style=\"color: #b33f23;\">13,5\u00b0<\/span><\/span><\/h6>\n<hr \/>\n<h6><strong>Conseil de service<\/strong>\u00a0 <span style=\"color: #b33f23;\">Conserver l&rsquo;outre \u00e0 vin dans une pi\u00e8ce fra\u00eeche et la consommer dans les 2 mois suivant son ouverture<\/span><\/h6>\n<hr \/>\n<h6><\/h6>\n<p>&nbsp;<\/p>\n","protected":false},"featured_media":11114,"template":"","meta":[],"product_brand":[],"product_cat":[77,83,91,92],"product_tag":[],"class_list":{"0":"post-11006","1":"product","2":"type-product","3":"status-publish","4":"has-post-thumbnail","6":"product_cat-le-trale-rouge","7":"product_cat-millesime2022","8":"product_cat-outres-a-vin","9":"product_cat-toute-la-boutique","12":"first","13":"instock","14":"taxable","15":"shipping-taxable","16":"purchasable","17":"product-type-simple"},"yoast_head":"<!-- This site is optimized with the Yoast SEO plugin v24.3 - https:\/\/yoast.com\/wordpress\/plugins\/seo\/ -->\n<title>Le Trale Rouge 2022 Outre (10l) - Chateau Croix Du Trale %<\/title>\n<meta name=\"robots\" content=\"index, follow, max-snippet:-1, max-image-preview:large, max-video-preview:-1\" \/>\n<link rel=\"canonical\" href=\"http:\/\/chateaucroixdutrale.com\/index.php\/product\/le-trale-rouge-2020-outre-10l\/\" \/>\n<meta property=\"og:locale\" content=\"fr_FR\" \/>\n<meta property=\"og:type\" content=\"article\" \/>\n<meta property=\"og:title\" content=\"Le Trale Rouge 2022 Outre (10l) - Chateau Croix Du Trale %\" \/>\n<meta property=\"og:description\" content=\"AOC\u00a0\u00a0 \u00a0\u00a0\u00a0\u00a0\u00a0\u00a0\u00a0\u00a0\u00a0\u00a0\u00a0\u00a0\u00a0\u00a0\u00a0\u00a0\u00a0\u00a0\u00a0\u00a0\u00a0\u00a0 Haut-M\u00e9doc    C\u00e9page\u00a0 \u00a0 \u00a0 \u00a0 \u00a0 \u00a0 \u00a0 \u00a0 \u00a0 \u00a0 50% Merlot 50% Cabernet-Sauvignon    Elevage\u00a0\u00a0\u00a0\u00a0\u00a0\u00a0\u00a0\u00a0\u00a0\u00a0\u00a0\u00a0\u00a0\u00a0\u00a0\u00a0\u00a0\u00a0\u00a0 12 mois en f\u00fbt de ch\u00eane fran\u00e7ais     \u00a0 Robe\u00a0\u00a0\u00a0\u00a0\u00a0\u00a0\u00a0\u00a0\u00a0\u00a0\u00a0\u00a0 Soutenue aux reflets brillants     \u00a0 Nez\u00a0 \u00a0\u00a0\u00a0\u00a0\u00a0\u00a0\u00a0\u00a0\u00a0\u00a0\u00a0\u00a0\u00a0 Intense de fruits rouges frais     \u00a0 Bouche\u00a0\u00a0\u00a0\u00a0\u00a0\u00a0\u00a0 Une belle fra\u00eecheur en bouche et un bois\u00e9 finement int\u00e9gr\u00e9 qui apporte encore plus de complexit\u00e9    Degr\u00e9 alcoolique \u00a0\u00a0 13,5\u00b0    Conseil de service\u00a0 Conserver l&#039;outre \u00e0 vin dans une pi\u00e8ce fra\u00eeche et la consommer dans les 2 mois suivant son ouverture     &nbsp;\" \/>\n<meta property=\"og:url\" content=\"http:\/\/chateaucroixdutrale.com\/index.php\/product\/le-trale-rouge-2020-outre-10l\/\" \/>\n<meta property=\"og:site_name\" content=\"Chateau Croix Du Trale\" \/>\n<meta property=\"article:publisher\" content=\"https:\/\/www.facebook.com\/chateaucroixdutrale\/\" \/>\n<meta property=\"article:modified_time\" content=\"2024-10-30T15:01:27+00:00\" \/>\n<meta property=\"og:image\" content=\"http:\/\/chateaucroixdutrale.com\/wp-content\/uploads\/2022\/07\/Outre_Rouge_10l_cadre\u0301Detoure.jpg\" \/>\n\t<meta property=\"og:image:width\" content=\"889\" \/>\n\t<meta property=\"og:image:height\" content=\"1000\" \/>\n\t<meta property=\"og:image:type\" content=\"image\/jpeg\" \/>\n<meta name=\"twitter:card\" content=\"summary_large_image\" \/>\n<meta name=\"twitter:label1\" content=\"Dur\u00e9e de lecture estim\u00e9e\" \/>\n\t<meta name=\"twitter:data1\" content=\"1 minute\" \/>\n<script type=\"application\/ld+json\" class=\"yoast-schema-graph\">{\"@context\":\"https:\/\/schema.org\",\"@graph\":[{\"@type\":\"WebPage\",\"@id\":\"http:\/\/chateaucroixdutrale.com\/index.php\/product\/le-trale-rouge-2020-outre-10l\/\",\"url\":\"http:\/\/chateaucroixdutrale.com\/index.php\/product\/le-trale-rouge-2020-outre-10l\/\",\"name\":\"Le Trale Rouge 2022 Outre (10l) - Chateau Croix Du Trale %\",\"isPartOf\":{\"@id\":\"https:\/\/chateaucroixdutrale.com\/#website\"},\"primaryImageOfPage\":{\"@id\":\"http:\/\/chateaucroixdutrale.com\/index.php\/product\/le-trale-rouge-2020-outre-10l\/#primaryimage\"},\"image\":{\"@id\":\"http:\/\/chateaucroixdutrale.com\/index.php\/product\/le-trale-rouge-2020-outre-10l\/#primaryimage\"},\"thumbnailUrl\":\"https:\/\/chateaucroixdutrale.com\/wp-content\/uploads\/2022\/07\/Outre_Rouge_10l_cadre\u0301Detoure.jpg\",\"datePublished\":\"2022-07-12T13:24:45+00:00\",\"dateModified\":\"2024-10-30T15:01:27+00:00\",\"breadcrumb\":{\"@id\":\"http:\/\/chateaucroixdutrale.com\/index.php\/product\/le-trale-rouge-2020-outre-10l\/#breadcrumb\"},\"inLanguage\":\"fr-FR\",\"potentialAction\":[{\"@type\":\"ReadAction\",\"target\":[\"http:\/\/chateaucroixdutrale.com\/index.php\/product\/le-trale-rouge-2020-outre-10l\/\"]}]},{\"@type\":\"ImageObject\",\"inLanguage\":\"fr-FR\",\"@id\":\"http:\/\/chateaucroixdutrale.com\/index.php\/product\/le-trale-rouge-2020-outre-10l\/#primaryimage\",\"url\":\"https:\/\/chateaucroixdutrale.com\/wp-content\/uploads\/2022\/07\/Outre_Rouge_10l_cadre\u0301Detoure.jpg\",\"contentUrl\":\"https:\/\/chateaucroixdutrale.com\/wp-content\/uploads\/2022\/07\/Outre_Rouge_10l_cadre\u0301Detoure.jpg\",\"width\":889,\"height\":1000},{\"@type\":\"BreadcrumbList\",\"@id\":\"http:\/\/chateaucroixdutrale.com\/index.php\/product\/le-trale-rouge-2020-outre-10l\/#breadcrumb\",\"itemListElement\":[{\"@type\":\"ListItem\",\"position\":1,\"name\":\"Home\",\"item\":\"https:\/\/chateaucroixdutrale.com\/\"},{\"@type\":\"ListItem\",\"position\":2,\"name\":\"Boutique\",\"item\":\"https:\/\/chateaucroixdutrale.com\/index.php\/boutique\/\"},{\"@type\":\"ListItem\",\"position\":3,\"name\":\"Le Trale Rouge 2022 Outre (10l)\"}]},{\"@type\":\"WebSite\",\"@id\":\"https:\/\/chateaucroixdutrale.com\/#website\",\"url\":\"https:\/\/chateaucroixdutrale.com\/\",\"name\":\"Chateau Croix Du Trale\",\"description\":\"Chateau Croix Du Trale\",\"publisher\":{\"@id\":\"https:\/\/chateaucroixdutrale.com\/#organization\"},\"potentialAction\":[{\"@type\":\"SearchAction\",\"target\":{\"@type\":\"EntryPoint\",\"urlTemplate\":\"https:\/\/chateaucroixdutrale.com\/?s={search_term_string}\"},\"query-input\":{\"@type\":\"PropertyValueSpecification\",\"valueRequired\":true,\"valueName\":\"search_term_string\"}}],\"inLanguage\":\"fr-FR\"},{\"@type\":\"Organization\",\"@id\":\"https:\/\/chateaucroixdutrale.com\/#organization\",\"name\":\"Ch\u00e2teau Croix du Trale\",\"url\":\"https:\/\/chateaucroixdutrale.com\/\",\"logo\":{\"@type\":\"ImageObject\",\"inLanguage\":\"fr-FR\",\"@id\":\"https:\/\/chateaucroixdutrale.com\/#\/schema\/logo\/image\/\",\"url\":\"https:\/\/chateaucroixdutrale.com\/wp-content\/uploads\/2022\/07\/Logo1.png\",\"contentUrl\":\"https:\/\/chateaucroixdutrale.com\/wp-content\/uploads\/2022\/07\/Logo1.png\",\"width\":314,\"height\":80,\"caption\":\"Ch\u00e2teau Croix du Trale\"},\"image\":{\"@id\":\"https:\/\/chateaucroixdutrale.com\/#\/schema\/logo\/image\/\"},\"sameAs\":[\"https:\/\/www.facebook.com\/chateaucroixdutrale\/\",\"https:\/\/www.instagram.com\/chateau_croix_du_trale\/\"]}]}<\/script>\n<!-- \/ Yoast SEO plugin. -->","yoast_head_json":{"title":"Le Trale Rouge 2022 Outre (10l) - Chateau Croix Du Trale %","robots":{"index":"index","follow":"follow","max-snippet":"max-snippet:-1","max-image-preview":"max-image-preview:large","max-video-preview":"max-video-preview:-1"},"canonical":"http:\/\/chateaucroixdutrale.com\/index.php\/product\/le-trale-rouge-2020-outre-10l\/","og_locale":"fr_FR","og_type":"article","og_title":"Le Trale Rouge 2022 Outre (10l) - Chateau Croix Du Trale %","og_description":"AOC\u00a0\u00a0 \u00a0\u00a0\u00a0\u00a0\u00a0\u00a0\u00a0\u00a0\u00a0\u00a0\u00a0\u00a0\u00a0\u00a0\u00a0\u00a0\u00a0\u00a0\u00a0\u00a0\u00a0\u00a0 Haut-M\u00e9doc    C\u00e9page\u00a0 \u00a0 \u00a0 \u00a0 \u00a0 \u00a0 \u00a0 \u00a0 \u00a0 \u00a0 50% Merlot 50% Cabernet-Sauvignon    Elevage\u00a0\u00a0\u00a0\u00a0\u00a0\u00a0\u00a0\u00a0\u00a0\u00a0\u00a0\u00a0\u00a0\u00a0\u00a0\u00a0\u00a0\u00a0\u00a0 12 mois en f\u00fbt de ch\u00eane fran\u00e7ais     \u00a0 Robe\u00a0\u00a0\u00a0\u00a0\u00a0\u00a0\u00a0\u00a0\u00a0\u00a0\u00a0\u00a0 Soutenue aux reflets brillants     \u00a0 Nez\u00a0 \u00a0\u00a0\u00a0\u00a0\u00a0\u00a0\u00a0\u00a0\u00a0\u00a0\u00a0\u00a0\u00a0 Intense de fruits rouges frais     \u00a0 Bouche\u00a0\u00a0\u00a0\u00a0\u00a0\u00a0\u00a0 Une belle fra\u00eecheur en bouche et un bois\u00e9 finement int\u00e9gr\u00e9 qui apporte encore plus de complexit\u00e9    Degr\u00e9 alcoolique \u00a0\u00a0 13,5\u00b0    Conseil de service\u00a0 Conserver l'outre \u00e0 vin dans une pi\u00e8ce fra\u00eeche et la consommer dans les 2 mois suivant son ouverture     &nbsp;","og_url":"http:\/\/chateaucroixdutrale.com\/index.php\/product\/le-trale-rouge-2020-outre-10l\/","og_site_name":"Chateau Croix Du Trale","article_publisher":"https:\/\/www.facebook.com\/chateaucroixdutrale\/","article_modified_time":"2024-10-30T15:01:27+00:00","og_image":[{"width":889,"height":1000,"url":"http:\/\/chateaucroixdutrale.com\/wp-content\/uploads\/2022\/07\/Outre_Rouge_10l_cadre\u0301Detoure.jpg","type":"image\/jpeg"}],"twitter_card":"summary_large_image","twitter_misc":{"Dur\u00e9e de lecture estim\u00e9e":"1 minute"},"schema":{"@context":"https:\/\/schema.org","@graph":[{"@type":"WebPage","@id":"http:\/\/chateaucroixdutrale.com\/index.php\/product\/le-trale-rouge-2020-outre-10l\/","url":"http:\/\/chateaucroixdutrale.com\/index.php\/product\/le-trale-rouge-2020-outre-10l\/","name":"Le Trale Rouge 2022 Outre (10l) - Chateau Croix Du Trale %","isPartOf":{"@id":"https:\/\/chateaucroixdutrale.com\/#website"},"primaryImageOfPage":{"@id":"http:\/\/chateaucroixdutrale.com\/index.php\/product\/le-trale-rouge-2020-outre-10l\/#primaryimage"},"image":{"@id":"http:\/\/chateaucroixdutrale.com\/index.php\/product\/le-trale-rouge-2020-outre-10l\/#primaryimage"},"thumbnailUrl":"https:\/\/chateaucroixdutrale.com\/wp-content\/uploads\/2022\/07\/Outre_Rouge_10l_cadre\u0301Detoure.jpg","datePublished":"2022-07-12T13:24:45+00:00","dateModified":"2024-10-30T15:01:27+00:00","breadcrumb":{"@id":"http:\/\/chateaucroixdutrale.com\/index.php\/product\/le-trale-rouge-2020-outre-10l\/#breadcrumb"},"inLanguage":"fr-FR","potentialAction":[{"@type":"ReadAction","target":["http:\/\/chateaucroixdutrale.com\/index.php\/product\/le-trale-rouge-2020-outre-10l\/"]}]},{"@type":"ImageObject","inLanguage":"fr-FR","@id":"http:\/\/chateaucroixdutrale.com\/index.php\/product\/le-trale-rouge-2020-outre-10l\/#primaryimage","url":"https:\/\/chateaucroixdutrale.com\/wp-content\/uploads\/2022\/07\/Outre_Rouge_10l_cadre\u0301Detoure.jpg","contentUrl":"https:\/\/chateaucroixdutrale.com\/wp-content\/uploads\/2022\/07\/Outre_Rouge_10l_cadre\u0301Detoure.jpg","width":889,"height":1000},{"@type":"BreadcrumbList","@id":"http:\/\/chateaucroixdutrale.com\/index.php\/product\/le-trale-rouge-2020-outre-10l\/#breadcrumb","itemListElement":[{"@type":"ListItem","position":1,"name":"Home","item":"https:\/\/chateaucroixdutrale.com\/"},{"@type":"ListItem","position":2,"name":"Boutique","item":"https:\/\/chateaucroixdutrale.com\/index.php\/boutique\/"},{"@type":"ListItem","position":3,"name":"Le Trale Rouge 2022 Outre (10l)"}]},{"@type":"WebSite","@id":"https:\/\/chateaucroixdutrale.com\/#website","url":"https:\/\/chateaucroixdutrale.com\/","name":"Chateau Croix Du Trale","description":"Chateau Croix Du Trale","publisher":{"@id":"https:\/\/chateaucroixdutrale.com\/#organization"},"potentialAction":[{"@type":"SearchAction","target":{"@type":"EntryPoint","urlTemplate":"https:\/\/chateaucroixdutrale.com\/?s={search_term_string}"},"query-input":{"@type":"PropertyValueSpecification","valueRequired":true,"valueName":"search_term_string"}}],"inLanguage":"fr-FR"},{"@type":"Organization","@id":"https:\/\/chateaucroixdutrale.com\/#organization","name":"Ch\u00e2teau Croix du Trale","url":"https:\/\/chateaucroixdutrale.com\/","logo":{"@type":"ImageObject","inLanguage":"fr-FR","@id":"https:\/\/chateaucroixdutrale.com\/#\/schema\/logo\/image\/","url":"https:\/\/chateaucroixdutrale.com\/wp-content\/uploads\/2022\/07\/Logo1.png","contentUrl":"https:\/\/chateaucroixdutrale.com\/wp-content\/uploads\/2022\/07\/Logo1.png","width":314,"height":80,"caption":"Ch\u00e2teau Croix du Trale"},"image":{"@id":"https:\/\/chateaucroixdutrale.com\/#\/schema\/logo\/image\/"},"sameAs":["https:\/\/www.facebook.com\/chateaucroixdutrale\/","https:\/\/www.instagram.com\/chateau_croix_du_trale\/"]}]}},"_links":{"self":[{"href":"https:\/\/chateaucroixdutrale.com\/index.php\/wp-json\/wp\/v2\/product\/11006","targetHints":{"allow":["GET"]}}],"collection":[{"href":"https:\/\/chateaucroixdutrale.com\/index.php\/wp-json\/wp\/v2\/product"}],"about":[{"href":"https:\/\/chateaucroixdutrale.com\/index.php\/wp-json\/wp\/v2\/types\/product"}],"wp:featuredmedia":[{"embeddable":true,"href":"https:\/\/chateaucroixdutrale.com\/index.php\/wp-json\/wp\/v2\/media\/11114"}],"wp:attachment":[{"href":"https:\/\/chateaucroixdutrale.com\/index.php\/wp-json\/wp\/v2\/media?parent=11006"}],"wp:term":[{"taxonomy":"product_brand","embeddable":true,"href":"https:\/\/chateaucroixdutrale.com\/index.php\/wp-json\/wp\/v2\/product_brand?post=11006"},{"taxonomy":"product_cat","embeddable":true,"href":"https:\/\/chateaucroixdutrale.com\/index.php\/wp-json\/wp\/v2\/product_cat?post=11006"},{"taxonomy":"product_tag","embeddable":true,"href":"https:\/\/chateaucroixdutrale.com\/index.php\/wp-json\/wp\/v2\/product_tag?post=11006"}],"curies":[{"name":"wp","href":"https:\/\/api.w.org\/{rel}","templated":true}]}}