
{"id":9559,"date":"2020-05-27T13:10:20","date_gmt":"2020-05-27T11:10:20","guid":{"rendered":"https:\/\/capricathemes.com\/wordpress\/WCM02\/WCM020029\/?page_id=9559"},"modified":"2022-07-05T11:03:53","modified_gmt":"2022-07-05T09:03:53","slug":"mentions-legales-2","status":"publish","type":"page","link":"https:\/\/chateaucroixdutrale.com\/index.php\/mentions-legales-2\/","title":{"rendered":"Mentions l\u00e9gales"},"content":{"rendered":"<h2><\/h2>\n<p>L&rsquo;adresse de notre site internet est : https:\/\/chateaucroixdutrale.com<\/p>\n<p><strong>MENTIONS L\u00c9GALES<\/strong><\/p>\n<p><strong>Editions<\/strong><\/p>\n<p>Conception, r\u00e9alisation et h\u00e9bergement<\/p>\n<p><strong>Conception:<\/strong><\/p>\n<p>EARL NEGRIER St\u00e9phane<br \/>\n4 route du Trale<br \/>\n33180 Saint Seurin de Cadourne (France)<br \/>\nT\u00e9l : +33\u00a05.56.59.72.73<\/p>\n<p><strong>R\u00e9alisation :<\/strong><\/p>\n<p>SARL MIAL TECH<br \/>\n3 rue Charles Pineau<\/p>\n<p>33290 Ludon-M\u00e9doc (France)<br \/>\nT\u00e9l : +33 6.28.09.22.18<br \/>\nSite web :\u00a0<u><a href=\"http:\/\/www.mialtech.com\">www.mialtech.com<\/a><\/u><\/p>\n<p><strong>H\u00e9bergement :<\/strong><\/p>\n<p>OVH<br \/>\n2 rue Kellermann<\/p>\n<p>59100 Roubaix (France)<\/p>\n<p><strong>Identification<\/strong><\/p>\n<p>Le pr\u00e9sent site est la propri\u00e9t\u00e9 de la soci\u00e9t\u00e9 \u00ab EARL NEGRIER St\u00e9phane \u00bb<\/p>\n<p>EARL NEGRIER St\u00e9phane<br \/>\n4 route du Trale<br \/>\n33180 Saint Seurin de Cadourne (France)<br \/>\nT\u00e9l : +33\u00a05.56.59.72.73<br \/>\nN\u00b0 Siret : 429 159 783 00019<\/p>\n<p><strong>Cr\u00e9dits photos<\/strong><\/p>\n<p>Photos bouteilles et magnums\u00a0: SARL SEVENLIGHT, Robin Entreinger, +33.6.14.03.42.31<\/p>\n<p>Photo ODG MHML\u00a0: Claude Clin<\/p>\n<p>Photos diverses\u00a0: EARL NEGRIER St\u00e9phane<\/p>\n<p><strong>Informatique et libert\u00e9s<\/strong><\/p>\n<p>Conform\u00e9ment aux dispositions de la loi du n\u00b078-17 du 6 janvier 1978, vous disposez d\u2019un droit d\u2019acc\u00e8s, de rectification et d\u2019opposition sur les donn\u00e9es nominatives vous concernant.<\/p>\n<p><strong>Contenu et informations<\/strong><\/p>\n<p>Le site de la soci\u00e9t\u00e9 \u00ab EARL NEGRIER St\u00e9phane \u00bb met \u00e0 disposition un contenu fourni \u00e0 titre informatif. Ces informations sont fournies en l\u2019\u00e9tat, quelle que soit leur origine. La responsabilit\u00e9 de la soci\u00e9t\u00e9 \u00ab EARL NEGRIER St\u00e9phane \u00bb ne saurait \u00eatre engag\u00e9e en raison de l\u2019inexactitude, des erreurs ou de l\u2019omission des informations diffus\u00e9es sur son site.<\/p>\n<p>La soci\u00e9t\u00e9 \u00ab EARL NEGRIER St\u00e9phane \u00bb se r\u00e9serve le droit, \u00e0 sa seule discr\u00e9tion et sans obligation, de supprimer, d\u2019am\u00e9liorer ou de corriger tout ou partie de ses services ou des \u00e9l\u00e9ments figurants sur son site. Il ne garantit pas que les services de son site seront assur\u00e9s sans interruption et sans erreur, ou que les d\u00e9fauts \u00e9ventuels seront corrig\u00e9s. Il n\u2019accorde \u00e9galement aucune garantie et d\u00e9cline toute responsabilit\u00e9, en cas de pr\u00e9sence de virus ou de tous autres \u00e9l\u00e9ments susceptibles d\u2019\u00eatre dommageables pour l\u2019utilisateur.<\/p>\n<p>L\u2019utilisateur qui a \u00e9t\u00e9 invit\u00e9 \u00e0 prendre connaissance du pr\u00e9sent avertissement pr\u00e9alable avant la consultation du site est pr\u00e9sum\u00e9 \u00eatre parfaitement inform\u00e9 de cet avertissement et y adh\u00e9rer sans r\u00e9serve.<\/p>\n<p><strong>Liens hypertexte<\/strong><\/p>\n<p>La pr\u00e9sence de liens hypertexte renvoyant vers d\u2019autres sites ne constitue pas une garantie sur la qualit\u00e9 de contenu et de bon fonctionnement desdits sites. La responsabilit\u00e9 de la soci\u00e9t\u00e9 \u00ab EARL NEGRIER St\u00e9phane \u00bb ne saurait \u00eatre engag\u00e9e quant au contenu de ces sites. L\u2019internaute doit utiliser ces informations avec les pr\u00e9cautions d\u2019usage.<\/p>\n<p>La cr\u00e9ation de liens hypertexte vers le site de la soci\u00e9t\u00e9 \u00ab EARL NEGRIER St\u00e9phane \u00bb est soumise \u00e0 son accord pr\u00e9alable.<br \/>\nDans le cas de la cr\u00e9ation d\u2019un lien hypertexte vers le site de la soci\u00e9t\u00e9 \u00ab EARL NEGRIER St\u00e9phane \u00bb qui n\u2019aurait pas fait l\u2019objet d\u2019un accord pr\u00e9alable, la soci\u00e9t\u00e9 \u00ab EARL NEGRIER St\u00e9phane \u00bb, s\u2019il n\u2019en approuve pas le contenu, se r\u00e9serve le droit d\u2019exiger \u00e0 tout moment le retrait dudit lien hypertexte pointant sur son site.<\/p>\n<p>La soci\u00e9t\u00e9 \u00ab EARL NEGRIER St\u00e9phane \u00bb ne saurait \u00eatre engag\u00e9e d\u2019aucune fa\u00e7on par l\u2019existence d\u2019un lien vers son site \u00e0 partir d\u2019un site tiers.<\/p>\n<p><strong>Droits d\u2019auteur<\/strong><\/p>\n<p>La reproduction, l\u2019utilisation, l\u2019exploitation des photographies, des images, des cartes, des textes, des extractions de base de donn\u00e9es, des \u00e9l\u00e9ments de conception graphique et en r\u00e8gle g\u00e9n\u00e9rale de tous les \u00e9l\u00e9ments de publication du site sont interdites sans accord pr\u00e9alable de leurs auteurs. Le non-respect de cette interdiction constitue une contrefa\u00e7on pouvant engager la responsabilit\u00e9 civile et p\u00e9nale du contrefacteur.<\/p>\n<p>L\u2019Utilisateur reconna\u00eet donc que le contenu de ce site et les \u00e9l\u00e9ments qui le composent sont prot\u00e9g\u00e9s par des droits de propri\u00e9t\u00e9 intellectuelle et que toute copie, reproduction, diffusion, vente, ou exploitation, quel que soit le proc\u00e9d\u00e9 est strictement interdit.<\/p>\n<p>Seule reste permise l\u2019utilisation \u00e0 titre exclusivement priv\u00e9 et \u00e0 des fins non commerciales. Dans toute la mesure du possible, la soci\u00e9t\u00e9 \u00ab EARL NEGRIER St\u00e9phane \u00bb s\u2019assure avant sa diffusion de la sinc\u00e9rit\u00e9 et de la bonne conformit\u00e9 des messages et des \u00e9l\u00e9ments figurant sur son site web. Il ne dispose \u00e0 cet \u00e9gard que d\u2019une simple obligation de moyens et ne peut en aucun cas garantir l\u2019exactitude ou la fiabilit\u00e9 des informations et du contenu de son site.<\/p>\n<p>Le contenu de ce site est prot\u00e9g\u00e9 par les droits d\u2019auteur en application de l\u2019article L122-4 du code de la propri\u00e9t\u00e9 intellectuelle. Les images et les textes de ce site internet sont la propri\u00e9t\u00e9 de la soci\u00e9t\u00e9 \u00ab EARL NEGRIER St\u00e9phane \u00bb.<\/p>\n","protected":false},"excerpt":{"rendered":"<p>L&rsquo;adresse de notre site internet est : https:\/\/chateaucroixdutrale.com MENTIONS L\u00c9GALES Editions Conception, r\u00e9alisation et h\u00e9bergement Conception: EARL NEGRIER St\u00e9phane 4 route du Trale 33180 Saint Seurin de Cadourne (France) T\u00e9l : +33\u00a05.56.59.72.73 R\u00e9alisation : SARL MIAL TECH 3 rue Charles Pineau 33290 Ludon-M\u00e9doc (France) T\u00e9l : +33 6.28.09.22.18 Site web :\u00a0www.mialtech.com H\u00e9bergement : OVH 2 rue Kellermann 59100 Roubaix (France) Identification Le pr\u00e9sent site est la propri\u00e9t\u00e9 de la soci\u00e9t\u00e9 \u00ab EARL NEGRIER St\u00e9phane \u00bb EARL NEGRIER St\u00e9phane 4 route du Trale 33180 Saint Seurin de Cadourne (France) T\u00e9l : +33\u00a05.56.59.72.73 N\u00b0 Siret : 429 159 783 00019 Cr\u00e9dits photos Photos bouteilles et magnums\u00a0: SARL SEVENLIGHT, Robin Entreinger, +33.6.14.03.42.31 Photo ODG MHML\u00a0: Claude Clin Photos diverses\u00a0: EARL NEGRIER St\u00e9phane Informatique et libert\u00e9s Conform\u00e9ment aux dispositions de la loi du n\u00b078-17 du 6 janvier 1978, vous disposez d\u2019un droit d\u2019acc\u00e8s, de rectification et d\u2019opposition sur les donn\u00e9es nominatives vous concernant. Contenu et informations Le site de la soci\u00e9t\u00e9 \u00ab EARL NEGRIER St\u00e9phane \u00bb met \u00e0 disposition un contenu fourni \u00e0 titre informatif. Ces informations sont fournies en l\u2019\u00e9tat, quelle que soit leur origine. La responsabilit\u00e9 de la soci\u00e9t\u00e9 \u00ab EARL NEGRIER St\u00e9phane \u00bb ne saurait \u00eatre engag\u00e9e en raison de l\u2019inexactitude,&hellip; <a class=\"read-more-link\" href=\"https:\/\/chateaucroixdutrale.com\/index.php\/mentions-legales-2\/\">Read More<\/a><\/p>\n","protected":false},"author":1,"featured_media":0,"parent":0,"menu_order":0,"comment_status":"closed","ping_status":"closed","template":"","meta":{"footnotes":""},"class_list":["post-9559","page","type-page","status-publish","hentry"],"yoast_head":"<!-- This site is optimized with the Yoast SEO plugin v24.3 - https:\/\/yoast.com\/wordpress\/plugins\/seo\/ -->\n<title>Mentions l\u00e9gales - Chateau Croix Du Trale<\/title>\n<meta name=\"robots\" content=\"index, follow, max-snippet:-1, max-image-preview:large, max-video-preview:-1\" \/>\n<link rel=\"canonical\" href=\"https:\/\/chateaucroixdutrale.com\/index.php\/mentions-legales-2\/\" \/>\n<meta property=\"og:locale\" content=\"fr_FR\" \/>\n<meta property=\"og:type\" content=\"article\" \/>\n<meta property=\"og:title\" content=\"Mentions l\u00e9gales - Chateau Croix Du Trale\" \/>\n<meta property=\"og:description\" content=\"L&rsquo;adresse de notre site internet est : https:\/\/chateaucroixdutrale.com MENTIONS L\u00c9GALES Editions Conception, r\u00e9alisation et h\u00e9bergement Conception: EARL NEGRIER St\u00e9phane 4 route du Trale 33180 Saint Seurin de Cadourne (France) T\u00e9l : +33\u00a05.56.59.72.73 R\u00e9alisation : SARL MIAL TECH 3 rue Charles Pineau 33290 Ludon-M\u00e9doc (France) T\u00e9l : +33 6.28.09.22.18 Site web :\u00a0www.mialtech.com H\u00e9bergement : OVH 2 rue Kellermann 59100 Roubaix (France) Identification Le pr\u00e9sent site est la propri\u00e9t\u00e9 de la soci\u00e9t\u00e9 \u00ab EARL NEGRIER St\u00e9phane \u00bb EARL NEGRIER St\u00e9phane 4 route du Trale 33180 Saint Seurin de Cadourne (France) T\u00e9l : +33\u00a05.56.59.72.73 N\u00b0 Siret : 429 159 783 00019 Cr\u00e9dits photos Photos bouteilles et magnums\u00a0: SARL SEVENLIGHT, Robin Entreinger, +33.6.14.03.42.31 Photo ODG MHML\u00a0: Claude Clin Photos diverses\u00a0: EARL NEGRIER St\u00e9phane Informatique et libert\u00e9s Conform\u00e9ment aux dispositions de la loi du n\u00b078-17 du 6 janvier 1978, vous disposez d\u2019un droit d\u2019acc\u00e8s, de rectification et d\u2019opposition sur les donn\u00e9es nominatives vous concernant. Contenu et informations Le site de la soci\u00e9t\u00e9 \u00ab EARL NEGRIER St\u00e9phane \u00bb met \u00e0 disposition un contenu fourni \u00e0 titre informatif. Ces informations sont fournies en l\u2019\u00e9tat, quelle que soit leur origine. La responsabilit\u00e9 de la soci\u00e9t\u00e9 \u00ab EARL NEGRIER St\u00e9phane \u00bb ne saurait \u00eatre engag\u00e9e en raison de l\u2019inexactitude,&hellip; Read More\" \/>\n<meta property=\"og:url\" content=\"https:\/\/chateaucroixdutrale.com\/index.php\/mentions-legales-2\/\" \/>\n<meta property=\"og:site_name\" content=\"Chateau Croix Du Trale\" \/>\n<meta property=\"article:publisher\" content=\"https:\/\/www.facebook.com\/chateaucroixdutrale\/\" \/>\n<meta property=\"article:modified_time\" content=\"2022-07-05T09:03:53+00:00\" \/>\n<meta name=\"twitter:card\" content=\"summary_large_image\" \/>\n<meta name=\"twitter:label1\" content=\"Dur\u00e9e de lecture estim\u00e9e\" \/>\n\t<meta name=\"twitter:data1\" content=\"4 minutes\" \/>\n<script type=\"application\/ld+json\" class=\"yoast-schema-graph\">{\"@context\":\"https:\/\/schema.org\",\"@graph\":[{\"@type\":\"WebPage\",\"@id\":\"https:\/\/chateaucroixdutrale.com\/index.php\/mentions-legales-2\/\",\"url\":\"https:\/\/chateaucroixdutrale.com\/index.php\/mentions-legales-2\/\",\"name\":\"Mentions l\u00e9gales - Chateau Croix Du Trale\",\"isPartOf\":{\"@id\":\"https:\/\/chateaucroixdutrale.com\/#website\"},\"datePublished\":\"2020-05-27T11:10:20+00:00\",\"dateModified\":\"2022-07-05T09:03:53+00:00\",\"breadcrumb\":{\"@id\":\"https:\/\/chateaucroixdutrale.com\/index.php\/mentions-legales-2\/#breadcrumb\"},\"inLanguage\":\"fr-FR\",\"potentialAction\":[{\"@type\":\"ReadAction\",\"target\":[\"https:\/\/chateaucroixdutrale.com\/index.php\/mentions-legales-2\/\"]}]},{\"@type\":\"BreadcrumbList\",\"@id\":\"https:\/\/chateaucroixdutrale.com\/index.php\/mentions-legales-2\/#breadcrumb\",\"itemListElement\":[{\"@type\":\"ListItem\",\"position\":1,\"name\":\"Home\",\"item\":\"https:\/\/chateaucroixdutrale.com\/\"},{\"@type\":\"ListItem\",\"position\":2,\"name\":\"Mentions l\u00e9gales\"}]},{\"@type\":\"WebSite\",\"@id\":\"https:\/\/chateaucroixdutrale.com\/#website\",\"url\":\"https:\/\/chateaucroixdutrale.com\/\",\"name\":\"Chateau Croix Du Trale\",\"description\":\"Chateau Croix Du Trale\",\"publisher\":{\"@id\":\"https:\/\/chateaucroixdutrale.com\/#organization\"},\"potentialAction\":[{\"@type\":\"SearchAction\",\"target\":{\"@type\":\"EntryPoint\",\"urlTemplate\":\"https:\/\/chateaucroixdutrale.com\/?s={search_term_string}\"},\"query-input\":{\"@type\":\"PropertyValueSpecification\",\"valueRequired\":true,\"valueName\":\"search_term_string\"}}],\"inLanguage\":\"fr-FR\"},{\"@type\":\"Organization\",\"@id\":\"https:\/\/chateaucroixdutrale.com\/#organization\",\"name\":\"Ch\u00e2teau Croix du Trale\",\"url\":\"https:\/\/chateaucroixdutrale.com\/\",\"logo\":{\"@type\":\"ImageObject\",\"inLanguage\":\"fr-FR\",\"@id\":\"https:\/\/chateaucroixdutrale.com\/#\/schema\/logo\/image\/\",\"url\":\"https:\/\/chateaucroixdutrale.com\/wp-content\/uploads\/2022\/07\/Logo1.png\",\"contentUrl\":\"https:\/\/chateaucroixdutrale.com\/wp-content\/uploads\/2022\/07\/Logo1.png\",\"width\":314,\"height\":80,\"caption\":\"Ch\u00e2teau Croix du Trale\"},\"image\":{\"@id\":\"https:\/\/chateaucroixdutrale.com\/#\/schema\/logo\/image\/\"},\"sameAs\":[\"https:\/\/www.facebook.com\/chateaucroixdutrale\/\",\"https:\/\/www.instagram.com\/chateau_croix_du_trale\/\"]}]}<\/script>\n<!-- \/ Yoast SEO plugin. -->","yoast_head_json":{"title":"Mentions l\u00e9gales - Chateau Croix Du Trale","robots":{"index":"index","follow":"follow","max-snippet":"max-snippet:-1","max-image-preview":"max-image-preview:large","max-video-preview":"max-video-preview:-1"},"canonical":"https:\/\/chateaucroixdutrale.com\/index.php\/mentions-legales-2\/","og_locale":"fr_FR","og_type":"article","og_title":"Mentions l\u00e9gales - Chateau Croix Du Trale","og_description":"L&rsquo;adresse de notre site internet est : https:\/\/chateaucroixdutrale.com MENTIONS L\u00c9GALES Editions Conception, r\u00e9alisation et h\u00e9bergement Conception: EARL NEGRIER St\u00e9phane 4 route du Trale 33180 Saint Seurin de Cadourne (France) T\u00e9l : +33\u00a05.56.59.72.73 R\u00e9alisation : SARL MIAL TECH 3 rue Charles Pineau 33290 Ludon-M\u00e9doc (France) T\u00e9l : +33 6.28.09.22.18 Site web :\u00a0www.mialtech.com H\u00e9bergement : OVH 2 rue Kellermann 59100 Roubaix (France) Identification Le pr\u00e9sent site est la propri\u00e9t\u00e9 de la soci\u00e9t\u00e9 \u00ab EARL NEGRIER St\u00e9phane \u00bb EARL NEGRIER St\u00e9phane 4 route du Trale 33180 Saint Seurin de Cadourne (France) T\u00e9l : +33\u00a05.56.59.72.73 N\u00b0 Siret : 429 159 783 00019 Cr\u00e9dits photos Photos bouteilles et magnums\u00a0: SARL SEVENLIGHT, Robin Entreinger, +33.6.14.03.42.31 Photo ODG MHML\u00a0: Claude Clin Photos diverses\u00a0: EARL NEGRIER St\u00e9phane Informatique et libert\u00e9s Conform\u00e9ment aux dispositions de la loi du n\u00b078-17 du 6 janvier 1978, vous disposez d\u2019un droit d\u2019acc\u00e8s, de rectification et d\u2019opposition sur les donn\u00e9es nominatives vous concernant. Contenu et informations Le site de la soci\u00e9t\u00e9 \u00ab EARL NEGRIER St\u00e9phane \u00bb met \u00e0 disposition un contenu fourni \u00e0 titre informatif. Ces informations sont fournies en l\u2019\u00e9tat, quelle que soit leur origine. La responsabilit\u00e9 de la soci\u00e9t\u00e9 \u00ab EARL NEGRIER St\u00e9phane \u00bb ne saurait \u00eatre engag\u00e9e en raison de l\u2019inexactitude,&hellip; Read More","og_url":"https:\/\/chateaucroixdutrale.com\/index.php\/mentions-legales-2\/","og_site_name":"Chateau Croix Du Trale","article_publisher":"https:\/\/www.facebook.com\/chateaucroixdutrale\/","article_modified_time":"2022-07-05T09:03:53+00:00","twitter_card":"summary_large_image","twitter_misc":{"Dur\u00e9e de lecture estim\u00e9e":"4 minutes"},"schema":{"@context":"https:\/\/schema.org","@graph":[{"@type":"WebPage","@id":"https:\/\/chateaucroixdutrale.com\/index.php\/mentions-legales-2\/","url":"https:\/\/chateaucroixdutrale.com\/index.php\/mentions-legales-2\/","name":"Mentions l\u00e9gales - Chateau Croix Du Trale","isPartOf":{"@id":"https:\/\/chateaucroixdutrale.com\/#website"},"datePublished":"2020-05-27T11:10:20+00:00","dateModified":"2022-07-05T09:03:53+00:00","breadcrumb":{"@id":"https:\/\/chateaucroixdutrale.com\/index.php\/mentions-legales-2\/#breadcrumb"},"inLanguage":"fr-FR","potentialAction":[{"@type":"ReadAction","target":["https:\/\/chateaucroixdutrale.com\/index.php\/mentions-legales-2\/"]}]},{"@type":"BreadcrumbList","@id":"https:\/\/chateaucroixdutrale.com\/index.php\/mentions-legales-2\/#breadcrumb","itemListElement":[{"@type":"ListItem","position":1,"name":"Home","item":"https:\/\/chateaucroixdutrale.com\/"},{"@type":"ListItem","position":2,"name":"Mentions l\u00e9gales"}]},{"@type":"WebSite","@id":"https:\/\/chateaucroixdutrale.com\/#website","url":"https:\/\/chateaucroixdutrale.com\/","name":"Chateau Croix Du Trale","description":"Chateau Croix Du Trale","publisher":{"@id":"https:\/\/chateaucroixdutrale.com\/#organization"},"potentialAction":[{"@type":"SearchAction","target":{"@type":"EntryPoint","urlTemplate":"https:\/\/chateaucroixdutrale.com\/?s={search_term_string}"},"query-input":{"@type":"PropertyValueSpecification","valueRequired":true,"valueName":"search_term_string"}}],"inLanguage":"fr-FR"},{"@type":"Organization","@id":"https:\/\/chateaucroixdutrale.com\/#organization","name":"Ch\u00e2teau Croix du Trale","url":"https:\/\/chateaucroixdutrale.com\/","logo":{"@type":"ImageObject","inLanguage":"fr-FR","@id":"https:\/\/chateaucroixdutrale.com\/#\/schema\/logo\/image\/","url":"https:\/\/chateaucroixdutrale.com\/wp-content\/uploads\/2022\/07\/Logo1.png","contentUrl":"https:\/\/chateaucroixdutrale.com\/wp-content\/uploads\/2022\/07\/Logo1.png","width":314,"height":80,"caption":"Ch\u00e2teau Croix du Trale"},"image":{"@id":"https:\/\/chateaucroixdutrale.com\/#\/schema\/logo\/image\/"},"sameAs":["https:\/\/www.facebook.com\/chateaucroixdutrale\/","https:\/\/www.instagram.com\/chateau_croix_du_trale\/"]}]}},"_links":{"self":[{"href":"https:\/\/chateaucroixdutrale.com\/index.php\/wp-json\/wp\/v2\/pages\/9559","targetHints":{"allow":["GET"]}}],"collection":[{"href":"https:\/\/chateaucroixdutrale.com\/index.php\/wp-json\/wp\/v2\/pages"}],"about":[{"href":"https:\/\/chateaucroixdutrale.com\/index.php\/wp-json\/wp\/v2\/types\/page"}],"author":[{"embeddable":true,"href":"https:\/\/chateaucroixdutrale.com\/index.php\/wp-json\/wp\/v2\/users\/1"}],"replies":[{"embeddable":true,"href":"https:\/\/chateaucroixdutrale.com\/index.php\/wp-json\/wp\/v2\/comments?post=9559"}],"version-history":[{"count":3,"href":"https:\/\/chateaucroixdutrale.com\/index.php\/wp-json\/wp\/v2\/pages\/9559\/revisions"}],"predecessor-version":[{"id":10685,"href":"https:\/\/chateaucroixdutrale.com\/index.php\/wp-json\/wp\/v2\/pages\/9559\/revisions\/10685"}],"wp:attachment":[{"href":"https:\/\/chateaucroixdutrale.com\/index.php\/wp-json\/wp\/v2\/media?parent=9559"}],"curies":[{"name":"wp","href":"https:\/\/api.w.org\/{rel}","templated":true}]}}