
{"id":212,"date":"2012-10-22T12:11:15","date_gmt":"2012-10-22T10:11:15","guid":{"rendered":"http:\/\/192.168.0.150\/user5\/WORDPRESS\/demo\/WCM010005\/home\/"},"modified":"2025-06-13T15:29:30","modified_gmt":"2025-06-13T13:29:30","slug":"accueil","status":"publish","type":"page","link":"https:\/\/chateaucroixdutrale.com\/","title":{"rendered":"Accueil"},"content":{"rendered":"<p>[vc_row el_class=\u00a0\u00bbhome-slider\u00a0\u00bb][vc_column][rev_slider_vc alias=\u00a0\u00bbtmpmela_homeslider\u00a0\u00bb el_class=\u00a0\u00bbSlider-content\u00a0\u00bb][\/vc_column][\/vc_row][vc_row el_class=\u00a0\u00bbtheme-container\u00a0\u00bb css=\u00a0\u00bb.vc_custom_1606369507618{margin-top: 80px !important;margin-bottom: 40px !important;padding-top: 20px !important;padding-bottom: 40px !important;}\u00a0\u00bb][vc_column]<div class=\"about_banner\"><div class=\"about_cms_banner_inner\"><div class=\"about_cms_banner_inner_wrapper\"><div class=\"about_left_image_block\"><div class=\"about-banner-img\"><a href=\"https:\/\/chateaucroixdutrale.com\/index.php\/notre-propriete\/\" target=\"\"><img decoding=\"async\" src=\"https:\/\/chateaucroixdutrale.com\/wp-content\/uploads\/2022\/07\/vigneleft.jpg\" alt=\"Accueil\"\/><\/a><\/div><\/div><div class=\"about_right_image_block\"><div class=\"about-banner-img\"><a href=\"https:\/\/chateaucroixdutrale.com\/index.php\/notre-propriete\/\" target=\"\"><img decoding=\"async\" src=\"https:\/\/chateaucroixdutrale.com\/wp-content\/uploads\/2022\/07\/vigneright.jpg\" alt=\"Accueil\"\/><\/a><\/div><\/div><\/div><\/div><div class=\"about_detail\"><div class=\"about-text about_text1\"><span class=\"text1 static-text\" style=\"color:#000000;\">Notre propri\u00e9t\u00e9<\/span><\/div><div class=\"about-text about_text2\"><\/div><div class=\"about-text about_text3\"><span class=\"text3 static-text\"style=\"color:#888888;\">Le Ch\u00e2teau Croix du Trale est situ\u00e9 sur la commune de Saint-Seurin-de-Cadourne en plein c\u0153ur du Haut-M\u00e9doc...<\/span><\/div><div class=\"about_button\"><a href=\"https:\/\/chateaucroixdutrale.com\/index.php\/notre-propriete\/\" target=\"\" class=\"link-text\"style=\"color:#ffffff; background-color:#b8391a;\">D\u00e9couvrez notre propri\u00e9t\u00e9<\/a><\/div><\/div><\/div><div class=\"about_banner\"><div class=\"about_cms_banner_inner\"><div class=\"about_cms_banner_inner_wrapper\"><div class=\"about_left_image_block\"><div class=\"about-banner-img\"><a href=\"https:\/\/chateaucroixdutrale.com\/index.php\/nos-vins\/\" target=\"\"><img decoding=\"async\" src=\"https:\/\/chateaucroixdutrale.com\/wp-content\/uploads\/2022\/07\/Accueil_Nos-vins_white.png\" alt=\"Accueil\"\/><\/a><\/div><\/div><div class=\"about_right_image_block\"><div class=\"about-banner-img\"><a href=\"https:\/\/chateaucroixdutrale.com\/index.php\/nos-vins\/\" target=\"\"><img decoding=\"async\" src=\"https:\/\/chateaucroixdutrale.com\/wp-content\/uploads\/2025\/04\/Accueil-Nos-vins.png\" alt=\"Accueil\"\/><\/a><\/div><\/div><\/div><\/div><div class=\"about_detail\"><div class=\"about-text about_text1\"><span class=\"text1 static-text\" style=\"color:#000000;\">Nos vins<\/span><\/div><div class=\"about-text about_text2\"><\/div><div class=\"about-text about_text3\"><span class=\"text3 static-text\"style=\"color:#888888;\">Le Ch\u00e2teau Croix du Trale produit du vin rouge en AOC Haut-M\u00e9doc et en AOC Saint-Est\u00e8phe, un vin ros\u00e9 et un vin blanc. A d\u00e9couvrir par ici ...<\/span><\/div><div class=\"about_button\"><a href=\"https:\/\/chateaucroixdutrale.com\/index.php\/nos-vins\/\" target=\"\" class=\"link-text\"style=\"color:#ffffff; background-color:#b8391a;\">D\u00e9couvrez nos vins<\/a><\/div><\/div><\/div><div class=\"about_banner\"><div class=\"about_cms_banner_inner\"><div class=\"about_cms_banner_inner_wrapper\"><div class=\"about_left_image_block\"><div class=\"about-banner-img\"><a href=\"https:\/\/chateaucroixdutrale.com\/index.php\/actualites\/\" target=\"\"><img decoding=\"async\" src=\"https:\/\/chateaucroixdutrale.com\/wp-content\/uploads\/2025\/06\/accueil-actualites-1.jpg\" alt=\"Accueil\"\/><\/a><\/div><\/div><div class=\"about_right_image_block\"><div class=\"about-banner-img\"><a href=\"https:\/\/chateaucroixdutrale.com\/index.php\/actualites\/\" target=\"\"><img decoding=\"async\" src=\"https:\/\/chateaucroixdutrale.com\/wp-content\/uploads\/2025\/06\/accueil-actualites-2.jpg\" alt=\"Accueil\"\/><\/a><\/div><\/div><\/div><\/div><div class=\"about_detail\"><div class=\"about-text about_text1\"><span class=\"text1 static-text\" style=\"color:#000000;\">Nos actualit\u00e9s<\/span><\/div><div class=\"about-text about_text2\"><\/div><div class=\"about-text about_text3\"><span class=\"text3 static-text\"style=\"color:#888888;\">D\u00e9couvrez nos derni\u00e8res r\u00e9compenses, nos prochains salons et nos derni\u00e8res actualit\u00e9s...<\/span><\/div><div class=\"about_button\"><a href=\"https:\/\/chateaucroixdutrale.com\/index.php\/actualites\/\" target=\"\" class=\"link-text\"style=\"color:#ffffff; background-color:#b8391a;\">En savoir plus<\/a><\/div><\/div><\/div>[\/vc_column][\/vc_row][vc_row][vc_column][vc_column_text]<\/p>\n<p style=\"text-align: center;\"><style type=\"text\/css\">\r\n\r\n    .as-panels .as-panel .text-block {\r\n      position: absolute;\r\n      left: 30px;\r\n      bottom: 30px;\r\n      max-width: 400px;\r\n      padding: 20px;\r\n      border-radius: 5px;\r\n      background-color: rgba(0, 0, 0, 0.6);\r\n      color: #fff;\r\n      z-index: 4;\r\n      visibility: hidden;\r\n    }\r\n    .as-panels .as-panel .text-block h3 {\r\n      font-size: 20px;\r\n      font-weight: 700;\r\n    }\r\n    .as-panels:hover .as-panel:hover {\r\n      -ms-flex-negative: 0;\r\n          flex-shrink: 0;\r\n          \/*cursor: move;*\/\r\n      width: 100%;\r\n    }\r\n\r\n    .as-panels .as-panel .text-block {\r\n      bottom: 60px;\r\n    }\r\n    \r\n    .as-panels:hover .as-panel:hover .text-block {\r\n      -webkit-transition-property: all;\r\n      transition-property: all;\r\n      -webkit-transition-duration: 0.2s;\r\n              transition-duration: 0.2s;\r\n      -webkit-transition-timing-function: linear;\r\n              transition-timing-function: linear;\r\n      -webkit-transition-delay: 0.5s;\r\n              transition-delay: 0.5s;\r\n      bottom: 30px;\r\n      opacity: 1;\r\n      visibility: visible;\r\n    }\r\n\r\n    a { color: white; } a:hover { color: white; }\r\n<\/style>\r\n\r\n<div id=\"my-accordion-10774\" class=\"accordion-slider accordion-slider-10774\" style=\"margin-bottom: 100px;\">\r\n        <div class=\"as-panels\">\r\n                                  \r\n                        <div class=\"as-panel\">\r\n                            <img decoding=\"async\" class=\"as-background\" src=\"https:\/\/chateaucroixdutrale.com\/wp-content\/uploads\/2022\/07\/Accueil_deroulant_1_1000-1.jpg\"\/>\r\n\r\n\r\n                         \r\n\r\n\r\n                        <\/div>\r\n                                     \r\n                        <div class=\"as-panel\">\r\n                            <img decoding=\"async\" class=\"as-background\" src=\"https:\/\/chateaucroixdutrale.com\/wp-content\/uploads\/2022\/07\/CRUBOURGEOIS-NODATE_500x500.jpg\"\/>\r\n\r\n\r\n                                                  <div class=\"text-block\">\r\n                                                        <div class=\"text\">\r\n                                                              <p style=\"\r\n                                font-size: 18px;\r\n                                font-family: Tahoma;\r\n                                              color: #ffffff;\r\n                                              background-color: ;\r\n                                                  margin: 0 0 8px 0;\r\n                                                  text-align: justify;\r\n                                \"><a href=\"https:\/\/chateaucroixdutrale.com\/index.php\/nos-vins\/\">&nbsp; D\u00e9couvrir nos vins&nbsp;<\/a><\/p>\r\n                                                          <\/div>\r\n                          <\/div>\r\n                         \r\n\r\n\r\n                        <\/div>\r\n                                     \r\n                        <div class=\"as-panel\">\r\n                            <img decoding=\"async\" class=\"as-background\" src=\"https:\/\/chateaucroixdutrale.com\/wp-content\/uploads\/2022\/07\/Accueil_deroulant_2_1000.jpg\"\/>\r\n\r\n\r\n                         \r\n\r\n\r\n                        <\/div>\r\n                                     \r\n                        <div class=\"as-panel\">\r\n                            <img decoding=\"async\" class=\"as-background\" src=\"https:\/\/chateaucroixdutrale.com\/wp-content\/uploads\/2022\/07\/Clindoeil-2020_500-3.jpg\"\/>\r\n\r\n\r\n                                                  <div class=\"text-block\">\r\n                                                        <div class=\"text\">\r\n                                                              <p style=\"\r\n                                font-size: 18px;\r\n                                font-family: Tahoma;\r\n                                              color: #ffffff;\r\n                                              background-color: ;\r\n                                                  margin: 0 0 8px 0;\r\n                                                  text-align: justify;\r\n                                \"><a href=\"https:\/\/chateaucroixdutrale.com\/index.php\/nos-vins\/\">&nbsp; D\u00e9couvrir nos vins&nbsp;<\/a><\/p>\r\n                                                          <\/div>\r\n                          <\/div>\r\n                         \r\n\r\n\r\n                        <\/div>\r\n                                     \r\n                        <div class=\"as-panel\">\r\n                            <img decoding=\"async\" class=\"as-background\" src=\"https:\/\/chateaucroixdutrale.com\/wp-content\/uploads\/2022\/07\/Accueil_deroulant_3_1000.jpg\"\/>\r\n\r\n\r\n                         \r\n\r\n\r\n                        <\/div>\r\n                                     \r\n                        <div class=\"as-panel\">\r\n                            <img decoding=\"async\" class=\"as-background\" src=\"https:\/\/chateaucroixdutrale.com\/wp-content\/uploads\/2022\/07\/Rose\u0301_500-2.jpg\"\/>\r\n\r\n\r\n                                                  <div class=\"text-block\">\r\n                                                        <div class=\"text\">\r\n                                                              <p style=\"\r\n                                font-size: 18px;\r\n                                font-family: Tahoma;\r\n                                              color: #ffffff;\r\n                                              background-color: ;\r\n                                                  margin: 0 0 8px 0;\r\n                                                  text-align: justify;\r\n                                \"><a href=\"https:\/\/chateaucroixdutrale.com\/index.php\/nos-vins\/\">&nbsp; D\u00e9couvrir nos vins&nbsp;<\/a><\/p>\r\n                                                          <\/div>\r\n                          <\/div>\r\n                         \r\n\r\n\r\n                        <\/div>\r\n                                     \r\n                        <div class=\"as-panel\">\r\n                            <img decoding=\"async\" class=\"as-background\" src=\"https:\/\/chateaucroixdutrale.com\/wp-content\/uploads\/2022\/07\/Accueil_deroulant_4_1000.jpg\"\/>\r\n\r\n\r\n                         \r\n\r\n\r\n                        <\/div>\r\n                                     \r\n        <\/div>\r\n        <div class=\"wpaas-conf-10774\" style=\"display: none;\">{&quot;visible_images&quot;:&quot;7&quot;,&quot;width&quot;:&quot;1200px&quot;,&quot;height&quot;:&quot;400px&quot;,&quot;orientation&quot;:&quot;horizontal&quot;,&quot;image_distance&quot;:&quot;1&quot;,&quot;max_opened_image_size&quot;:&quot;100%&quot;,&quot;open_image_on&quot;:&quot;hover&quot;,&quot;shadow&quot;:&quot;true&quot;,&quot;autoplay&quot;:&quot;true&quot;,&quot;mouse_wheel&quot;:&quot;true&quot;,&quot;close_panel_on_mouse_out&quot;:&quot;true&quot;,&quot;autoplay_direction&quot;:&quot;normal&quot;,&quot;autoplay_delay&quot;:&quot;5000&quot;}<\/div>\r\n    <\/div>\r\n\r\n\r\n<script type=\"text\/javascript\">\r\n    jQuery(document).ready(function($) {\r\n        $( '.accordion-slider-10774' ).each(function( index ) { \r\n            var slider_id   = $(this).attr('id');  \r\n            var slider_conf = $.parseJSON( $(this).closest('#my-accordion-10774').find('.wpaas-conf-10774').text());\r\n                \r\n            if( typeof(slider_id) != 'undefined' && slider_id != '' ) { \r\n                $('#my-accordion-10774').WPaccordionSlider({\r\n                width:parseInt(slider_conf.width), \r\n                height: parseInt(slider_conf.height),\r\n                responsiveMode: 'custom',\r\n                orientation: slider_conf.orientation,\r\n               \/* openedPanelSize: '40%',*\/\r\n                maxOpenedPanelSize: slider_conf.max_opened_image_size,\r\n                openPanelOn: slider_conf.open_image_on,\r\n                visiblePanels: parseInt(slider_conf.visible_images),\r\n                autoplayDirection: slider_conf.autoplay_direction,\r\n                autoplayDelay: parseInt(slider_conf.autoplay_delay),\r\n                startPanel: -1,\r\n                \/*\r\n                startPanel: -1, \/\/start setting\r\n                --closePanelsOnMouseOut: true, \r\n                mouseDelay: 500, \r\n                openPanelDuration: 2000,\r\n                closePanelDuration: 1000,\r\n                --autoplayDelay: 3000,\r\n                --autoplayDirection:'backwards',\r\n                autoplayOnHover:'pause',\r\n                --keyboard: true,\r\n                *\/\r\n\r\n                panelDistance: parseInt(slider_conf.image_distance),\r\n                shadow     : (slider_conf.shadow)      == \"true\"           ? true          : false,\r\n                autoplay   : (slider_conf.autoplay)    == \"true\"           ? true          : false,\r\n                mouseWheel : (slider_conf.mouse_wheel) == \"true\"           ? true          : false,    \r\n                closePanelsOnMouseOut : (slider_conf.close_panel_on_mouse_out) == \"true\"           ? true          : false,    \r\n                   \r\n                breakpoints: {\r\n                    960: {visiblePanels: (parseInt(slider_conf.visible_images) > 5) ? 5 : parseInt(slider_conf.visible_images)},\r\n                    800: {visiblePanels: (parseInt(slider_conf.visible_images) > 3) ? 3 : parseInt(slider_conf.visible_images)},\r\n                    650: {visiblePanels: 3},\r\n                    500: {visiblePanels: 3}\r\n                }\r\n             });\r\n            }\r\n        });\r\n    });\r\n<\/script><\/p>\n<p>[\/vc_column_text][\/vc_column][\/vc_row]<\/p>\n","protected":false},"excerpt":{"rendered":"<p>[vc_row el_class=\u00a0\u00bbhome-slider\u00a0\u00bb][vc_column][rev_slider_vc alias=\u00a0\u00bbtmpmela_homeslider\u00a0\u00bb el_class=\u00a0\u00bbSlider-content\u00a0\u00bb][\/vc_column][\/vc_row][vc_row el_class=\u00a0\u00bbtheme-container\u00a0\u00bb css=\u00a0\u00bb.vc_custom_1606369507618{margin-top: 80px !important;margin-bottom: 40px !important;padding-top: 20px !important;padding-bottom: 40px !important;}\u00a0\u00bb][vc_column][\/vc_column][\/vc_row][vc_row][vc_column][vc_column_text] [\/vc_column_text][\/vc_column][\/vc_row]<\/p>\n","protected":false},"author":1,"featured_media":0,"parent":0,"menu_order":0,"comment_status":"closed","ping_status":"closed","template":"page-templates\/home.php","meta":{"footnotes":""},"class_list":["post-212","page","type-page","status-publish","hentry"],"yoast_head":"<!-- This site is optimized with the Yoast SEO plugin v24.3 - https:\/\/yoast.com\/wordpress\/plugins\/seo\/ -->\n<title>Accueil - Chateau Croix Du Trale<\/title>\n<meta name=\"robots\" content=\"index, follow, max-snippet:-1, max-image-preview:large, max-video-preview:-1\" \/>\n<link rel=\"canonical\" href=\"https:\/\/chateaucroixdutrale.com\/\" \/>\n<meta property=\"og:locale\" content=\"fr_FR\" \/>\n<meta property=\"og:type\" content=\"article\" \/>\n<meta property=\"og:title\" content=\"Accueil - Chateau Croix Du Trale\" \/>\n<meta property=\"og:description\" content=\"[vc_row el_class=\u00a0\u00bbhome-slider\u00a0\u00bb][vc_column][rev_slider_vc alias=\u00a0\u00bbtmpmela_homeslider\u00a0\u00bb el_class=\u00a0\u00bbSlider-content\u00a0\u00bb][\/vc_column][\/vc_row][vc_row el_class=\u00a0\u00bbtheme-container\u00a0\u00bb css=\u00a0\u00bb.vc_custom_1606369507618{margin-top: 80px !important;margin-bottom: 40px !important;padding-top: 20px !important;padding-bottom: 40px !important;}\u00a0\u00bb][vc_column][\/vc_column][\/vc_row][vc_row][vc_column][vc_column_text] [\/vc_column_text][\/vc_column][\/vc_row]\" \/>\n<meta property=\"og:url\" content=\"https:\/\/chateaucroixdutrale.com\/\" \/>\n<meta property=\"og:site_name\" content=\"Chateau Croix Du Trale\" \/>\n<meta property=\"article:publisher\" content=\"https:\/\/www.facebook.com\/chateaucroixdutrale\/\" \/>\n<meta property=\"article:modified_time\" content=\"2025-06-13T13:29:30+00:00\" \/>\n<meta name=\"twitter:card\" content=\"summary_large_image\" \/>\n<meta name=\"twitter:label1\" content=\"Dur\u00e9e de lecture estim\u00e9e\" \/>\n\t<meta name=\"twitter:data1\" content=\"2 minutes\" \/>\n<script type=\"application\/ld+json\" class=\"yoast-schema-graph\">{\"@context\":\"https:\/\/schema.org\",\"@graph\":[{\"@type\":\"WebPage\",\"@id\":\"https:\/\/chateaucroixdutrale.com\/\",\"url\":\"https:\/\/chateaucroixdutrale.com\/\",\"name\":\"Accueil - Chateau Croix Du Trale\",\"isPartOf\":{\"@id\":\"https:\/\/chateaucroixdutrale.com\/#website\"},\"datePublished\":\"2012-10-22T10:11:15+00:00\",\"dateModified\":\"2025-06-13T13:29:30+00:00\",\"breadcrumb\":{\"@id\":\"https:\/\/chateaucroixdutrale.com\/#breadcrumb\"},\"inLanguage\":\"fr-FR\",\"potentialAction\":[{\"@type\":\"ReadAction\",\"target\":[\"https:\/\/chateaucroixdutrale.com\/\"]}]},{\"@type\":\"BreadcrumbList\",\"@id\":\"https:\/\/chateaucroixdutrale.com\/#breadcrumb\",\"itemListElement\":[{\"@type\":\"ListItem\",\"position\":1,\"name\":\"Home\",\"item\":\"https:\/\/chateaucroixdutrale.com\/\"},{\"@type\":\"ListItem\",\"position\":2,\"name\":\"Accueil\"}]},{\"@type\":\"WebSite\",\"@id\":\"https:\/\/chateaucroixdutrale.com\/#website\",\"url\":\"https:\/\/chateaucroixdutrale.com\/\",\"name\":\"Chateau Croix Du Trale\",\"description\":\"Chateau Croix Du Trale\",\"publisher\":{\"@id\":\"https:\/\/chateaucroixdutrale.com\/#organization\"},\"potentialAction\":[{\"@type\":\"SearchAction\",\"target\":{\"@type\":\"EntryPoint\",\"urlTemplate\":\"https:\/\/chateaucroixdutrale.com\/?s={search_term_string}\"},\"query-input\":{\"@type\":\"PropertyValueSpecification\",\"valueRequired\":true,\"valueName\":\"search_term_string\"}}],\"inLanguage\":\"fr-FR\"},{\"@type\":\"Organization\",\"@id\":\"https:\/\/chateaucroixdutrale.com\/#organization\",\"name\":\"Ch\u00e2teau Croix du Trale\",\"url\":\"https:\/\/chateaucroixdutrale.com\/\",\"logo\":{\"@type\":\"ImageObject\",\"inLanguage\":\"fr-FR\",\"@id\":\"https:\/\/chateaucroixdutrale.com\/#\/schema\/logo\/image\/\",\"url\":\"https:\/\/chateaucroixdutrale.com\/wp-content\/uploads\/2022\/07\/Logo1.png\",\"contentUrl\":\"https:\/\/chateaucroixdutrale.com\/wp-content\/uploads\/2022\/07\/Logo1.png\",\"width\":314,\"height\":80,\"caption\":\"Ch\u00e2teau Croix du Trale\"},\"image\":{\"@id\":\"https:\/\/chateaucroixdutrale.com\/#\/schema\/logo\/image\/\"},\"sameAs\":[\"https:\/\/www.facebook.com\/chateaucroixdutrale\/\",\"https:\/\/www.instagram.com\/chateau_croix_du_trale\/\"]}]}<\/script>\n<!-- \/ Yoast SEO plugin. -->","yoast_head_json":{"title":"Accueil - Chateau Croix Du Trale","robots":{"index":"index","follow":"follow","max-snippet":"max-snippet:-1","max-image-preview":"max-image-preview:large","max-video-preview":"max-video-preview:-1"},"canonical":"https:\/\/chateaucroixdutrale.com\/","og_locale":"fr_FR","og_type":"article","og_title":"Accueil - Chateau Croix Du Trale","og_description":"[vc_row el_class=\u00a0\u00bbhome-slider\u00a0\u00bb][vc_column][rev_slider_vc alias=\u00a0\u00bbtmpmela_homeslider\u00a0\u00bb el_class=\u00a0\u00bbSlider-content\u00a0\u00bb][\/vc_column][\/vc_row][vc_row el_class=\u00a0\u00bbtheme-container\u00a0\u00bb css=\u00a0\u00bb.vc_custom_1606369507618{margin-top: 80px !important;margin-bottom: 40px !important;padding-top: 20px !important;padding-bottom: 40px !important;}\u00a0\u00bb][vc_column][\/vc_column][\/vc_row][vc_row][vc_column][vc_column_text] [\/vc_column_text][\/vc_column][\/vc_row]","og_url":"https:\/\/chateaucroixdutrale.com\/","og_site_name":"Chateau Croix Du Trale","article_publisher":"https:\/\/www.facebook.com\/chateaucroixdutrale\/","article_modified_time":"2025-06-13T13:29:30+00:00","twitter_card":"summary_large_image","twitter_misc":{"Dur\u00e9e de lecture estim\u00e9e":"2 minutes"},"schema":{"@context":"https:\/\/schema.org","@graph":[{"@type":"WebPage","@id":"https:\/\/chateaucroixdutrale.com\/","url":"https:\/\/chateaucroixdutrale.com\/","name":"Accueil - Chateau Croix Du Trale","isPartOf":{"@id":"https:\/\/chateaucroixdutrale.com\/#website"},"datePublished":"2012-10-22T10:11:15+00:00","dateModified":"2025-06-13T13:29:30+00:00","breadcrumb":{"@id":"https:\/\/chateaucroixdutrale.com\/#breadcrumb"},"inLanguage":"fr-FR","potentialAction":[{"@type":"ReadAction","target":["https:\/\/chateaucroixdutrale.com\/"]}]},{"@type":"BreadcrumbList","@id":"https:\/\/chateaucroixdutrale.com\/#breadcrumb","itemListElement":[{"@type":"ListItem","position":1,"name":"Home","item":"https:\/\/chateaucroixdutrale.com\/"},{"@type":"ListItem","position":2,"name":"Accueil"}]},{"@type":"WebSite","@id":"https:\/\/chateaucroixdutrale.com\/#website","url":"https:\/\/chateaucroixdutrale.com\/","name":"Chateau Croix Du Trale","description":"Chateau Croix Du Trale","publisher":{"@id":"https:\/\/chateaucroixdutrale.com\/#organization"},"potentialAction":[{"@type":"SearchAction","target":{"@type":"EntryPoint","urlTemplate":"https:\/\/chateaucroixdutrale.com\/?s={search_term_string}"},"query-input":{"@type":"PropertyValueSpecification","valueRequired":true,"valueName":"search_term_string"}}],"inLanguage":"fr-FR"},{"@type":"Organization","@id":"https:\/\/chateaucroixdutrale.com\/#organization","name":"Ch\u00e2teau Croix du Trale","url":"https:\/\/chateaucroixdutrale.com\/","logo":{"@type":"ImageObject","inLanguage":"fr-FR","@id":"https:\/\/chateaucroixdutrale.com\/#\/schema\/logo\/image\/","url":"https:\/\/chateaucroixdutrale.com\/wp-content\/uploads\/2022\/07\/Logo1.png","contentUrl":"https:\/\/chateaucroixdutrale.com\/wp-content\/uploads\/2022\/07\/Logo1.png","width":314,"height":80,"caption":"Ch\u00e2teau Croix du Trale"},"image":{"@id":"https:\/\/chateaucroixdutrale.com\/#\/schema\/logo\/image\/"},"sameAs":["https:\/\/www.facebook.com\/chateaucroixdutrale\/","https:\/\/www.instagram.com\/chateau_croix_du_trale\/"]}]}},"_links":{"self":[{"href":"https:\/\/chateaucroixdutrale.com\/index.php\/wp-json\/wp\/v2\/pages\/212","targetHints":{"allow":["GET"]}}],"collection":[{"href":"https:\/\/chateaucroixdutrale.com\/index.php\/wp-json\/wp\/v2\/pages"}],"about":[{"href":"https:\/\/chateaucroixdutrale.com\/index.php\/wp-json\/wp\/v2\/types\/page"}],"author":[{"embeddable":true,"href":"https:\/\/chateaucroixdutrale.com\/index.php\/wp-json\/wp\/v2\/users\/1"}],"replies":[{"embeddable":true,"href":"https:\/\/chateaucroixdutrale.com\/index.php\/wp-json\/wp\/v2\/comments?post=212"}],"version-history":[{"count":19,"href":"https:\/\/chateaucroixdutrale.com\/index.php\/wp-json\/wp\/v2\/pages\/212\/revisions"}],"predecessor-version":[{"id":11995,"href":"https:\/\/chateaucroixdutrale.com\/index.php\/wp-json\/wp\/v2\/pages\/212\/revisions\/11995"}],"wp:attachment":[{"href":"https:\/\/chateaucroixdutrale.com\/index.php\/wp-json\/wp\/v2\/media?parent=212"}],"curies":[{"name":"wp","href":"https:\/\/api.w.org\/{rel}","templated":true}]}}