
{"id":211,"date":"2012-10-19T12:37:15","date_gmt":"2012-10-19T10:37:15","guid":{"rendered":"http:\/\/192.168.0.150\/user5\/WORDPRESS\/demo\/WCM010005\/about-us\/"},"modified":"2024-03-28T09:24:36","modified_gmt":"2024-03-28T08:24:36","slug":"notre-propriete","status":"publish","type":"page","link":"https:\/\/chateaucroixdutrale.com\/index.php\/notre-propriete\/","title":{"rendered":"Notre propri\u00e9t\u00e9"},"content":{"rendered":"<p>[vc_row el_class=\u00a0\u00bbcustom-content-main\u00a0\u00bb css=\u00a0\u00bb.vc_custom_1655282236359{margin-right: 10px !important;margin-bottom: 30px !important;margin-left: 10px !important;}\u00a0\u00bb][vc_column][vc_row_inner][vc_column_inner el_class=\u00a0\u00bbabout-us\u00a0\u00bb width=\u00a0\u00bb1\/2&Prime; css=\u00a0\u00bb.vc_custom_1655211391462{margin-bottom: 30px !important;padding-top: 10px !important;}\u00a0\u00bb][vc_gallery type=\u00a0\u00bbimage_grid\u00a0\u00bb images=\u00a0\u00bb10637&Prime; img_size=\u00a0\u00bblarge\u00a0\u00bb onclick=\u00a0\u00bb\u00a0\u00bb][\/vc_column_inner][vc_column_inner el_class=\u00a0\u00bbabout-us\u00a0\u00bb width=\u00a0\u00bb1\/2&Prime; css=\u00a0\u00bb.vc_custom_1655282180665{margin-bottom: 30px !important;margin-left: 20px !important;}\u00a0\u00bb]<div class=\"shortcode-title left \"><h3 class=\"small-title\" >Notre histoire<\/h3><\/div>[vc_column_text css=\u00a0\u00bb.vc_custom_1711614217280{margin-right: 20px !important;padding-bottom: px !important;}\u00a0\u00bb]Le Ch\u00e2teau Croix du Trale est situ\u00e9 sur la commune de Saint-Seurin-de-Cadourne en plein c\u0153ur du Haut-M\u00e9doc et vous propose du Haut-M\u00e9doc et du Saint-Est\u00e8phe.<br \/>\nMichel issu d\u2019une famille de vignerons cultive ses vignes depuis son plus jeune \u00e2ge. Il transmet sa passion \u00e0 son fils St\u00e9phane qui suit rapidement ses traces et ach\u00e8te ses premi\u00e8res parcelles \u00e0 l\u2019\u00e2ge de 18 ans. Tous deux s\u2019install\u00e8rent en chai ind\u00e9pendant en cr\u00e9ant le Ch\u00e2teau Croix du Trale, une exploitation d\u00e9butant avec 6 hectares. En 2010, Sandra rejoint son mari dans l\u2019aventure.<\/p>\n<p>Vignerons Ind\u00e9pendants de France depuis 2008, l\u2019exploitation fait aussi partie du prestigieux classement des Cru Bourgeois depuis 2013.<br \/>\nAujourd\u2019hui, Sandra et St\u00e9phane ont transmis leur passion \u00e0 leurs filles Laurie et Chlo\u00e9 qui les ont rejoint sur l\u2019exploitation familiale \u00e0 la fin de leur \u00e9tude. Le Ch\u00e2teau Croix du Trale compte d\u00e9sormais 25 hectares.<\/p>\n<p>Si vous passez dans notre belle r\u00e9gion nous serons ravis de vous accueillir en toute simplicit\u00e9 dans nos chais et terminer par une agr\u00e9able d\u00e9gustation.[\/vc_column_text][\/vc_column_inner][\/vc_row_inner][\/vc_column][\/vc_row][vc_row el_class=\u00a0\u00bbcustom-content-main\u00a0\u00bb css=\u00a0\u00bb.vc_custom_1559626499181{margin-bottom: 30px !important;}\u00a0\u00bb][vc_column][vc_row_inner][vc_column_inner el_class=\u00a0\u00bbabout-us\u00a0\u00bb width=\u00a0\u00bb1\/2&Prime; css=\u00a0\u00bb.vc_custom_1570610808548{margin-bottom: 30px !important;}\u00a0\u00bb]<div class=\"shortcode-title left \"><h3 class=\"small-title\" >Nos Vignes<\/h3><\/div>[vc_column_text css=\u00a0\u00bb.vc_custom_1711614251295{padding-bottom: 10px !important;}\u00a0\u00bb]Sur les 25 hectares de l&rsquo;exploitation en AOC Haut-M\u00e9doc et Saint-Est\u00e8phe, l&rsquo;enc\u00e9pagement est noble et se r\u00e9partit sur 50% de Merlot et 50% de Cabernet-Sauvignon.<br \/>\nNos vignes s&rsquo;expriment sur diff\u00e9rents terroirs : des sols argilo-calcaire id\u00e9al pour le c\u00e9page Merlot, des sols de graves argileuses appr\u00e9ci\u00e9s par le c\u00e9page Cabernet-Sauvignon et enfin des sols d&rsquo;argile de rivi\u00e8re &#8230;<br \/>\nNotre vignoble bord\u00e9 entre les terres et l\u2019estuaire de la Gironde d\u00e9tient une riche diversit\u00e9 de terroir, un atout pour la complexit\u00e9 de nos vins.[\/vc_column_text][\/vc_column_inner][vc_column_inner el_class=\u00a0\u00bbabout-us\u00a0\u00bb width=\u00a0\u00bb1\/2&Prime; css=\u00a0\u00bb.vc_custom_1655208918735{margin-bottom: 30px !important;margin-left: 20px !important;}\u00a0\u00bb][vc_gallery type=\u00a0\u00bbimage_grid\u00a0\u00bb images=\u00a0\u00bb10639&Prime; img_size=\u00a0\u00bblarge\u00a0\u00bb onclick=\u00a0\u00bb\u00a0\u00bb][\/vc_column_inner][\/vc_row_inner][\/vc_column][\/vc_row][vc_row el_class=\u00a0\u00bbcustom-content-main\u00a0\u00bb css=\u00a0\u00bb.vc_custom_1559626499181{margin-bottom: 30px !important;}\u00a0\u00bb][vc_column][vc_row_inner][vc_column_inner el_class=\u00a0\u00bbabout-us\u00a0\u00bb width=\u00a0\u00bb1\/2&Prime; css=\u00a0\u00bb.vc_custom_1570610808548{margin-bottom: 30px !important;}\u00a0\u00bb][vc_gallery type=\u00a0\u00bbimage_grid\u00a0\u00bb images=\u00a0\u00bb10623&Prime; img_size=\u00a0\u00bblarge\u00a0\u00bb onclick=\u00a0\u00bb\u00a0\u00bb][\/vc_column_inner][vc_column_inner el_class=\u00a0\u00bbabout-us\u00a0\u00bb width=\u00a0\u00bb1\/2&Prime; css=\u00a0\u00bb.vc_custom_1655208918735{margin-bottom: 30px !important;margin-left: 20px !important;}\u00a0\u00bb]<div class=\"shortcode-title left \"><h3 class=\"small-title\" >Notre savoir faire<\/h3><\/div>[vc_column_text css=\u00a0\u00bb.vc_custom_1656943085959{margin-right: 20px !important;padding-bottom: 10px !important;}\u00a0\u00bb]Un savoir-faire et une passion transmis de g\u00e9n\u00e9ration en g\u00e9n\u00e9ration nous guide au fur et \u00e0 mesure des ann\u00e9es pour cr\u00e9er des vins de qualit\u00e9 dans le respect des traditions.\u00a0Pour ce faire, nous suivons les pr\u00e9cieux conseils de l&rsquo;oenologue Antoine Medeville.<br \/>\nLe raisin est r\u00e9colt\u00e9 \u00e0 maturit\u00e9 puis vinifi\u00e9 en cuve inox avant de vieillir 12 mois en f\u00fbt de ch\u00eane fran\u00e7ais : une tradition dans le m\u00e9doc ![\/vc_column_text][\/vc_column_inner][\/vc_row_inner][vc_row_inner][vc_column_inner el_class=\u00a0\u00bbabout-us\u00a0\u00bb width=\u00a0\u00bb1\/2&Prime; css=\u00a0\u00bb.vc_custom_1570610808548{margin-bottom: 30px !important;}\u00a0\u00bb]<div class=\"shortcode-title left \"><h3 class=\"small-title\" >Notre engagement environnemental<\/h3><\/div>[vc_column_text css=\u00a0\u00bb.vc_custom_1711614273187{padding-bottom: 10px !important;}\u00a0\u00bb]<\/p>\n<p style=\"margin: 0cm 0cm 7.5pt 0cm;\">Ayant \u00e0 c\u0153ur de prot\u00e9ger ce que la nature nous offre et ce que nous empruntons aux g\u00e9n\u00e9rations futures, nous sommes engag\u00e9s dans une d\u00e9marche environnementale durable.<\/p>\n<p style=\"margin: 0cm 0cm 7.5pt 0cm;\">Depuis 2010 nous sommes certifi\u00e9s AREA : Agriculture Respectueuse de l&rsquo;Environnement en Aquitaine.<\/p>\n<p style=\"margin: 0cm 0cm 7.5pt 0cm;\">Depuis 2018 nous sommes engag\u00e9s dans une d\u00e9marche HVE : Haute Valeur Environnementale Niveau 3.<\/p>\n<p>Nous travaillons tous nos sols : chaussage, d\u00e9chaussage, griffe et nous prot\u00e9geons le vignoble en fonction des avertissements agricoles et des conseils de notre technicien.[\/vc_column_text][\/vc_column_inner][vc_column_inner el_class=\u00a0\u00bbabout-us\u00a0\u00bb width=\u00a0\u00bb1\/2&Prime; css=\u00a0\u00bb.vc_custom_1655208918735{margin-bottom: 30px !important;margin-left: 20px !important;}\u00a0\u00bb][vc_gallery type=\u00a0\u00bbimage_grid\u00a0\u00bb images=\u00a0\u00bb10670&Prime; img_size=\u00a0\u00bblarge\u00a0\u00bb onclick=\u00a0\u00bb\u00a0\u00bb][\/vc_column_inner][\/vc_row_inner][\/vc_column][\/vc_row]<\/p>\n","protected":false},"excerpt":{"rendered":"<p>[vc_row el_class=\u00a0\u00bbcustom-content-main\u00a0\u00bb css=\u00a0\u00bb.vc_custom_1655282236359{margin-right: 10px !important;margin-bottom: 30px !important;margin-left: 10px !important;}\u00a0\u00bb][vc_column][vc_row_inner][vc_column_inner el_class=\u00a0\u00bbabout-us\u00a0\u00bb width=\u00a0\u00bb1\/2&Prime; css=\u00a0\u00bb.vc_custom_1655211391462{margin-bottom: 30px !important;padding-top: 10px !important;}\u00a0\u00bb][vc_gallery type=\u00a0\u00bbimage_grid\u00a0\u00bb images=\u00a0\u00bb10637&Prime; img_size=\u00a0\u00bblarge\u00a0\u00bb onclick=\u00a0\u00bb\u00a0\u00bb][\/vc_column_inner][vc_column_inner el_class=\u00a0\u00bbabout-us\u00a0\u00bb width=\u00a0\u00bb1\/2&Prime; css=\u00a0\u00bb.vc_custom_1655282180665{margin-bottom: 30px !important;margin-left: 20px !important;}\u00a0\u00bb][vc_column_text css=\u00a0\u00bb.vc_custom_1711614217280{margin-right: 20px !important;padding-bottom: px !important;}\u00a0\u00bb]Le Ch\u00e2teau Croix du Trale est situ\u00e9 sur la commune de Saint-Seurin-de-Cadourne en plein c\u0153ur du Haut-M\u00e9doc et vous propose du Haut-M\u00e9doc et du Saint-Est\u00e8phe. Michel issu d\u2019une famille de vignerons cultive ses vignes depuis son plus jeune \u00e2ge. Il transmet sa passion \u00e0 son fils St\u00e9phane qui suit rapidement ses traces et ach\u00e8te ses premi\u00e8res parcelles \u00e0 l\u2019\u00e2ge de 18 ans. Tous deux s\u2019install\u00e8rent en chai ind\u00e9pendant en cr\u00e9ant le Ch\u00e2teau Croix du Trale, une exploitation d\u00e9butant avec 6 hectares. En 2010, Sandra rejoint son mari dans l\u2019aventure. Vignerons Ind\u00e9pendants de France depuis 2008, l\u2019exploitation fait aussi partie du prestigieux classement des Cru Bourgeois depuis 2013. Aujourd\u2019hui, Sandra et St\u00e9phane ont transmis leur passion \u00e0 leurs filles Laurie et Chlo\u00e9 qui les ont rejoint sur l\u2019exploitation familiale \u00e0 la fin de leur \u00e9tude. Le Ch\u00e2teau Croix du Trale compte d\u00e9sormais 25 hectares. Si vous passez dans notre belle r\u00e9gion nous serons ravis de vous accueillir en toute simplicit\u00e9 dans nos chais et terminer par une agr\u00e9able d\u00e9gustation.[\/vc_column_text][\/vc_column_inner][\/vc_row_inner][\/vc_column][\/vc_row][vc_row el_class=\u00a0\u00bbcustom-content-main\u00a0\u00bb&hellip; <a class=\"read-more-link\" href=\"https:\/\/chateaucroixdutrale.com\/index.php\/notre-propriete\/\">Read More<\/a><\/p>\n","protected":false},"author":1,"featured_media":0,"parent":0,"menu_order":0,"comment_status":"closed","ping_status":"closed","template":"","meta":{"footnotes":""},"class_list":["post-211","page","type-page","status-publish","hentry"],"yoast_head":"<!-- This site is optimized with the Yoast SEO plugin v24.3 - https:\/\/yoast.com\/wordpress\/plugins\/seo\/ -->\n<title>Notre propri\u00e9t\u00e9 - Chateau Croix Du Trale<\/title>\n<meta name=\"robots\" content=\"index, follow, max-snippet:-1, max-image-preview:large, max-video-preview:-1\" \/>\n<link rel=\"canonical\" href=\"https:\/\/chateaucroixdutrale.com\/index.php\/notre-propriete\/\" \/>\n<meta property=\"og:locale\" content=\"fr_FR\" \/>\n<meta property=\"og:type\" content=\"article\" \/>\n<meta property=\"og:title\" content=\"Notre propri\u00e9t\u00e9 - Chateau Croix Du Trale\" \/>\n<meta property=\"og:description\" content=\"[vc_row el_class=\u00a0\u00bbcustom-content-main\u00a0\u00bb css=\u00a0\u00bb.vc_custom_1655282236359{margin-right: 10px !important;margin-bottom: 30px !important;margin-left: 10px !important;}\u00a0\u00bb][vc_column][vc_row_inner][vc_column_inner el_class=\u00a0\u00bbabout-us\u00a0\u00bb width=\u00a0\u00bb1\/2&Prime; css=\u00a0\u00bb.vc_custom_1655211391462{margin-bottom: 30px !important;padding-top: 10px !important;}\u00a0\u00bb][vc_gallery type=\u00a0\u00bbimage_grid\u00a0\u00bb images=\u00a0\u00bb10637&Prime; img_size=\u00a0\u00bblarge\u00a0\u00bb onclick=\u00a0\u00bb\u00a0\u00bb][\/vc_column_inner][vc_column_inner el_class=\u00a0\u00bbabout-us\u00a0\u00bb width=\u00a0\u00bb1\/2&Prime; css=\u00a0\u00bb.vc_custom_1655282180665{margin-bottom: 30px !important;margin-left: 20px !important;}\u00a0\u00bb][vc_column_text css=\u00a0\u00bb.vc_custom_1711614217280{margin-right: 20px !important;padding-bottom: px !important;}\u00a0\u00bb]Le Ch\u00e2teau Croix du Trale est situ\u00e9 sur la commune de Saint-Seurin-de-Cadourne en plein c\u0153ur du Haut-M\u00e9doc et vous propose du Haut-M\u00e9doc et du Saint-Est\u00e8phe. Michel issu d\u2019une famille de vignerons cultive ses vignes depuis son plus jeune \u00e2ge. Il transmet sa passion \u00e0 son fils St\u00e9phane qui suit rapidement ses traces et ach\u00e8te ses premi\u00e8res parcelles \u00e0 l\u2019\u00e2ge de 18 ans. Tous deux s\u2019install\u00e8rent en chai ind\u00e9pendant en cr\u00e9ant le Ch\u00e2teau Croix du Trale, une exploitation d\u00e9butant avec 6 hectares. En 2010, Sandra rejoint son mari dans l\u2019aventure. Vignerons Ind\u00e9pendants de France depuis 2008, l\u2019exploitation fait aussi partie du prestigieux classement des Cru Bourgeois depuis 2013. Aujourd\u2019hui, Sandra et St\u00e9phane ont transmis leur passion \u00e0 leurs filles Laurie et Chlo\u00e9 qui les ont rejoint sur l\u2019exploitation familiale \u00e0 la fin de leur \u00e9tude. Le Ch\u00e2teau Croix du Trale compte d\u00e9sormais 25 hectares. Si vous passez dans notre belle r\u00e9gion nous serons ravis de vous accueillir en toute simplicit\u00e9 dans nos chais et terminer par une agr\u00e9able d\u00e9gustation.[\/vc_column_text][\/vc_column_inner][\/vc_row_inner][\/vc_column][\/vc_row][vc_row el_class=\u00a0\u00bbcustom-content-main\u00a0\u00bb&hellip; Read More\" \/>\n<meta property=\"og:url\" content=\"https:\/\/chateaucroixdutrale.com\/index.php\/notre-propriete\/\" \/>\n<meta property=\"og:site_name\" content=\"Chateau Croix Du Trale\" \/>\n<meta property=\"article:publisher\" content=\"https:\/\/www.facebook.com\/chateaucroixdutrale\/\" \/>\n<meta property=\"article:modified_time\" content=\"2024-03-28T08:24:36+00:00\" \/>\n<meta name=\"twitter:card\" content=\"summary_large_image\" \/>\n<meta name=\"twitter:label1\" content=\"Dur\u00e9e de lecture estim\u00e9e\" \/>\n\t<meta name=\"twitter:data1\" content=\"3 minutes\" \/>\n<script type=\"application\/ld+json\" class=\"yoast-schema-graph\">{\"@context\":\"https:\/\/schema.org\",\"@graph\":[{\"@type\":\"WebPage\",\"@id\":\"https:\/\/chateaucroixdutrale.com\/index.php\/notre-propriete\/\",\"url\":\"https:\/\/chateaucroixdutrale.com\/index.php\/notre-propriete\/\",\"name\":\"Notre propri\u00e9t\u00e9 - Chateau Croix Du Trale\",\"isPartOf\":{\"@id\":\"https:\/\/chateaucroixdutrale.com\/#website\"},\"datePublished\":\"2012-10-19T10:37:15+00:00\",\"dateModified\":\"2024-03-28T08:24:36+00:00\",\"breadcrumb\":{\"@id\":\"https:\/\/chateaucroixdutrale.com\/index.php\/notre-propriete\/#breadcrumb\"},\"inLanguage\":\"fr-FR\",\"potentialAction\":[{\"@type\":\"ReadAction\",\"target\":[\"https:\/\/chateaucroixdutrale.com\/index.php\/notre-propriete\/\"]}]},{\"@type\":\"BreadcrumbList\",\"@id\":\"https:\/\/chateaucroixdutrale.com\/index.php\/notre-propriete\/#breadcrumb\",\"itemListElement\":[{\"@type\":\"ListItem\",\"position\":1,\"name\":\"Home\",\"item\":\"https:\/\/chateaucroixdutrale.com\/\"},{\"@type\":\"ListItem\",\"position\":2,\"name\":\"Notre propri\u00e9t\u00e9\"}]},{\"@type\":\"WebSite\",\"@id\":\"https:\/\/chateaucroixdutrale.com\/#website\",\"url\":\"https:\/\/chateaucroixdutrale.com\/\",\"name\":\"Chateau Croix Du Trale\",\"description\":\"Chateau Croix Du Trale\",\"publisher\":{\"@id\":\"https:\/\/chateaucroixdutrale.com\/#organization\"},\"potentialAction\":[{\"@type\":\"SearchAction\",\"target\":{\"@type\":\"EntryPoint\",\"urlTemplate\":\"https:\/\/chateaucroixdutrale.com\/?s={search_term_string}\"},\"query-input\":{\"@type\":\"PropertyValueSpecification\",\"valueRequired\":true,\"valueName\":\"search_term_string\"}}],\"inLanguage\":\"fr-FR\"},{\"@type\":\"Organization\",\"@id\":\"https:\/\/chateaucroixdutrale.com\/#organization\",\"name\":\"Ch\u00e2teau Croix du Trale\",\"url\":\"https:\/\/chateaucroixdutrale.com\/\",\"logo\":{\"@type\":\"ImageObject\",\"inLanguage\":\"fr-FR\",\"@id\":\"https:\/\/chateaucroixdutrale.com\/#\/schema\/logo\/image\/\",\"url\":\"https:\/\/chateaucroixdutrale.com\/wp-content\/uploads\/2022\/07\/Logo1.png\",\"contentUrl\":\"https:\/\/chateaucroixdutrale.com\/wp-content\/uploads\/2022\/07\/Logo1.png\",\"width\":314,\"height\":80,\"caption\":\"Ch\u00e2teau Croix du Trale\"},\"image\":{\"@id\":\"https:\/\/chateaucroixdutrale.com\/#\/schema\/logo\/image\/\"},\"sameAs\":[\"https:\/\/www.facebook.com\/chateaucroixdutrale\/\",\"https:\/\/www.instagram.com\/chateau_croix_du_trale\/\"]}]}<\/script>\n<!-- \/ Yoast SEO plugin. -->","yoast_head_json":{"title":"Notre propri\u00e9t\u00e9 - Chateau Croix Du Trale","robots":{"index":"index","follow":"follow","max-snippet":"max-snippet:-1","max-image-preview":"max-image-preview:large","max-video-preview":"max-video-preview:-1"},"canonical":"https:\/\/chateaucroixdutrale.com\/index.php\/notre-propriete\/","og_locale":"fr_FR","og_type":"article","og_title":"Notre propri\u00e9t\u00e9 - Chateau Croix Du Trale","og_description":"[vc_row el_class=\u00a0\u00bbcustom-content-main\u00a0\u00bb css=\u00a0\u00bb.vc_custom_1655282236359{margin-right: 10px !important;margin-bottom: 30px !important;margin-left: 10px !important;}\u00a0\u00bb][vc_column][vc_row_inner][vc_column_inner el_class=\u00a0\u00bbabout-us\u00a0\u00bb width=\u00a0\u00bb1\/2&Prime; css=\u00a0\u00bb.vc_custom_1655211391462{margin-bottom: 30px !important;padding-top: 10px !important;}\u00a0\u00bb][vc_gallery type=\u00a0\u00bbimage_grid\u00a0\u00bb images=\u00a0\u00bb10637&Prime; img_size=\u00a0\u00bblarge\u00a0\u00bb onclick=\u00a0\u00bb\u00a0\u00bb][\/vc_column_inner][vc_column_inner el_class=\u00a0\u00bbabout-us\u00a0\u00bb width=\u00a0\u00bb1\/2&Prime; css=\u00a0\u00bb.vc_custom_1655282180665{margin-bottom: 30px !important;margin-left: 20px !important;}\u00a0\u00bb][vc_column_text css=\u00a0\u00bb.vc_custom_1711614217280{margin-right: 20px !important;padding-bottom: px !important;}\u00a0\u00bb]Le Ch\u00e2teau Croix du Trale est situ\u00e9 sur la commune de Saint-Seurin-de-Cadourne en plein c\u0153ur du Haut-M\u00e9doc et vous propose du Haut-M\u00e9doc et du Saint-Est\u00e8phe. Michel issu d\u2019une famille de vignerons cultive ses vignes depuis son plus jeune \u00e2ge. Il transmet sa passion \u00e0 son fils St\u00e9phane qui suit rapidement ses traces et ach\u00e8te ses premi\u00e8res parcelles \u00e0 l\u2019\u00e2ge de 18 ans. Tous deux s\u2019install\u00e8rent en chai ind\u00e9pendant en cr\u00e9ant le Ch\u00e2teau Croix du Trale, une exploitation d\u00e9butant avec 6 hectares. En 2010, Sandra rejoint son mari dans l\u2019aventure. Vignerons Ind\u00e9pendants de France depuis 2008, l\u2019exploitation fait aussi partie du prestigieux classement des Cru Bourgeois depuis 2013. Aujourd\u2019hui, Sandra et St\u00e9phane ont transmis leur passion \u00e0 leurs filles Laurie et Chlo\u00e9 qui les ont rejoint sur l\u2019exploitation familiale \u00e0 la fin de leur \u00e9tude. Le Ch\u00e2teau Croix du Trale compte d\u00e9sormais 25 hectares. Si vous passez dans notre belle r\u00e9gion nous serons ravis de vous accueillir en toute simplicit\u00e9 dans nos chais et terminer par une agr\u00e9able d\u00e9gustation.[\/vc_column_text][\/vc_column_inner][\/vc_row_inner][\/vc_column][\/vc_row][vc_row el_class=\u00a0\u00bbcustom-content-main\u00a0\u00bb&hellip; Read More","og_url":"https:\/\/chateaucroixdutrale.com\/index.php\/notre-propriete\/","og_site_name":"Chateau Croix Du Trale","article_publisher":"https:\/\/www.facebook.com\/chateaucroixdutrale\/","article_modified_time":"2024-03-28T08:24:36+00:00","twitter_card":"summary_large_image","twitter_misc":{"Dur\u00e9e de lecture estim\u00e9e":"3 minutes"},"schema":{"@context":"https:\/\/schema.org","@graph":[{"@type":"WebPage","@id":"https:\/\/chateaucroixdutrale.com\/index.php\/notre-propriete\/","url":"https:\/\/chateaucroixdutrale.com\/index.php\/notre-propriete\/","name":"Notre propri\u00e9t\u00e9 - Chateau Croix Du Trale","isPartOf":{"@id":"https:\/\/chateaucroixdutrale.com\/#website"},"datePublished":"2012-10-19T10:37:15+00:00","dateModified":"2024-03-28T08:24:36+00:00","breadcrumb":{"@id":"https:\/\/chateaucroixdutrale.com\/index.php\/notre-propriete\/#breadcrumb"},"inLanguage":"fr-FR","potentialAction":[{"@type":"ReadAction","target":["https:\/\/chateaucroixdutrale.com\/index.php\/notre-propriete\/"]}]},{"@type":"BreadcrumbList","@id":"https:\/\/chateaucroixdutrale.com\/index.php\/notre-propriete\/#breadcrumb","itemListElement":[{"@type":"ListItem","position":1,"name":"Home","item":"https:\/\/chateaucroixdutrale.com\/"},{"@type":"ListItem","position":2,"name":"Notre propri\u00e9t\u00e9"}]},{"@type":"WebSite","@id":"https:\/\/chateaucroixdutrale.com\/#website","url":"https:\/\/chateaucroixdutrale.com\/","name":"Chateau Croix Du Trale","description":"Chateau Croix Du Trale","publisher":{"@id":"https:\/\/chateaucroixdutrale.com\/#organization"},"potentialAction":[{"@type":"SearchAction","target":{"@type":"EntryPoint","urlTemplate":"https:\/\/chateaucroixdutrale.com\/?s={search_term_string}"},"query-input":{"@type":"PropertyValueSpecification","valueRequired":true,"valueName":"search_term_string"}}],"inLanguage":"fr-FR"},{"@type":"Organization","@id":"https:\/\/chateaucroixdutrale.com\/#organization","name":"Ch\u00e2teau Croix du Trale","url":"https:\/\/chateaucroixdutrale.com\/","logo":{"@type":"ImageObject","inLanguage":"fr-FR","@id":"https:\/\/chateaucroixdutrale.com\/#\/schema\/logo\/image\/","url":"https:\/\/chateaucroixdutrale.com\/wp-content\/uploads\/2022\/07\/Logo1.png","contentUrl":"https:\/\/chateaucroixdutrale.com\/wp-content\/uploads\/2022\/07\/Logo1.png","width":314,"height":80,"caption":"Ch\u00e2teau Croix du Trale"},"image":{"@id":"https:\/\/chateaucroixdutrale.com\/#\/schema\/logo\/image\/"},"sameAs":["https:\/\/www.facebook.com\/chateaucroixdutrale\/","https:\/\/www.instagram.com\/chateau_croix_du_trale\/"]}]}},"_links":{"self":[{"href":"https:\/\/chateaucroixdutrale.com\/index.php\/wp-json\/wp\/v2\/pages\/211","targetHints":{"allow":["GET"]}}],"collection":[{"href":"https:\/\/chateaucroixdutrale.com\/index.php\/wp-json\/wp\/v2\/pages"}],"about":[{"href":"https:\/\/chateaucroixdutrale.com\/index.php\/wp-json\/wp\/v2\/types\/page"}],"author":[{"embeddable":true,"href":"https:\/\/chateaucroixdutrale.com\/index.php\/wp-json\/wp\/v2\/users\/1"}],"replies":[{"embeddable":true,"href":"https:\/\/chateaucroixdutrale.com\/index.php\/wp-json\/wp\/v2\/comments?post=211"}],"version-history":[{"count":14,"href":"https:\/\/chateaucroixdutrale.com\/index.php\/wp-json\/wp\/v2\/pages\/211\/revisions"}],"predecessor-version":[{"id":11616,"href":"https:\/\/chateaucroixdutrale.com\/index.php\/wp-json\/wp\/v2\/pages\/211\/revisions\/11616"}],"wp:attachment":[{"href":"https:\/\/chateaucroixdutrale.com\/index.php\/wp-json\/wp\/v2\/media?parent=211"}],"curies":[{"name":"wp","href":"https:\/\/api.w.org\/{rel}","templated":true}]}}